{"id":7974,"date":"2022-12-08T16:48:18","date_gmt":"2022-12-08T14:48:18","guid":{"rendered":"https:\/\/mulder-hardenberg.com\/zweigstelle\/industrie\/"},"modified":"2025-05-01T11:05:36","modified_gmt":"2025-05-01T09:05:36","slug":"industrie","status":"publish","type":"page","link":"https:\/\/mulder-hardenberg.com\/de\/zweigstelle\/industrie\/","title":{"rendered":"Industrie"},"content":{"rendered":"<div class=\"wpb-content-wrapper\"><p>[vc_section full_width=&#8220;stretch_row&#8220; content_placement=&#8220;middle&#8220; el_class=&#8220;banner banner-small gradient gradient-blue&#8220; css=&#8220;.vc_custom_1649233448037{background-image: url(https:\/\/mulder-hardenberg.com\/wp-content\/uploads\/industry_header.jpg?id=6416) !important;background-position: center !important;background-repeat: no-repeat !important;background-size: cover !important;}&#8220;][vc_row][vc_column width=&#8220;3\/5&#8243; el_class=&#8220;tablet_full_width basic_mobile_spacing&#8220;][vc_column_text css=&#8220;&#8220; el_class=&#8220;text-white&#8220;]<\/p>\n<h1>Industrie<\/h1>\n<p>Die Industrie ist ein Begriff, der eine Vielzahl von Organisationen und Unternehmen umfasst, die sich mit der Entwicklung, Produktion, Automatisierung, Wartung und Optimierung industrieller Anlagen, Maschinen und Fertigungsprozesse besch\u00e4ftigen.[\/vc_column_text][\/vc_column][vc_column width=&#8220;2\/5&#8243;][\/vc_column][\/vc_row][\/vc_section][vc_row content_placement=&#8220;middle&#8220; el_class=&#8220;cta cta-half-bottom&#8220;][vc_column width=&#8220;3\/5&#8243;][vc_column_text css=&#8220;&#8220;]Lassen Sie sich von M-H im Bereich Industrie beraten.[\/vc_column_text][\/vc_column][vc_column width=&#8220;2\/5&#8243;]<style type=\"text\/css\" data-type=\"the7_shortcodes-inline-css\">#default-btn-724cec2577b50b6f1051595d4a914cc2.ico-right-side > i {\n  margin-right: 0px;\n  margin-left: 8px;\n}\n#default-btn-724cec2577b50b6f1051595d4a914cc2 > i {\n  margin-right: 8px;\n}<\/style><a href=\"https:\/\/mulder-hardenberg.com\/de\/kostenlose-beratung\/\" class=\"default-btn-shortcode dt-btn dt-btn-s link-hover-off button button-primary button-full-width btn-inline-right \" id=\"default-btn-724cec2577b50b6f1051595d4a914cc2\" title=\"Kostenlose Beratungs\"><span>Kostenlose Beratung<\/span><\/a>[\/vc_column][\/vc_row][vc_section full_width=&#8220;stretch_row&#8220; el_class=&#8220;dg-padding-mid-top&#8220;][vc_row content_placement=&#8220;top&#8220;][vc_column width=&#8220;2\/3&#8243; el_class=&#8220;tablet_full_width basic_mobile_spacing_side tablet_margin_top&#8220;][vc_column_text css=&#8220;.vc_custom_1746090184469{margin-bottom: 0px !important;}&#8220;]<ins>Branche<\/ins><\/p>\n<h2>Industrie<\/h2>\n<p class=\"\" data-start=\"110\" data-end=\"458\">Die Industriebranche umfasst ein breites Spektrum an Unternehmen und Anwendungen, die sich mit der Entwicklung, Fertigung, Automatisierung und Optimierung von Produktionsprozessen besch\u00e4ftigen. Sie bildet das R\u00fcckgrat vieler Volkswirtschaften und spielt eine zentrale Rolle bei Innovation, Effizienzsteigerung und technologischer Weiterentwicklung.<\/p>\n<p class=\"\" data-start=\"460\" data-end=\"939\">Mulder-Hardenberg bietet ein vielseitiges Portfolio an hochwertigen Produkten und L\u00f6sungen, die speziell auf die Anforderungen industrieller Anwendungen abgestimmt sind.<br data-start=\"629\" data-end=\"632\" \/>Unser erfahrenes Team unterst\u00fctzt Sie kompetent bei der Auswahl der passenden Komponenten oder Systeme \u2013 f\u00fcr Standardanwendungen ebenso wie f\u00fcr kundenspezifische Anforderungen. Auf Wunsch entwickeln wir ma\u00dfgeschneiderte L\u00f6sungen, die sich nahtlos in Ihre bestehende industrielle Umgebung integrieren lassen.<\/p>\n<p class=\"\" data-start=\"941\" data-end=\"995\">Unser One-Stop-Shop-Angebot f\u00fcr die Industrie umfasst:<\/p>\n<ul data-start=\"997\" data-end=\"1302\">\n<li class=\"\" data-start=\"997\" data-end=\"1067\">\n<p class=\"\" data-start=\"999\" data-end=\"1067\"><strong data-start=\"999\" data-end=\"1065\">Komponenten und Zubeh\u00f6r f\u00fcr Maschinenbau und Produktionslinien<\/strong><\/p>\n<\/li>\n<li class=\"\" data-start=\"1068\" data-end=\"1140\">\n<p class=\"\" data-start=\"1070\" data-end=\"1140\"><strong data-start=\"1070\" data-end=\"1138\">Kabelmanagementsysteme f\u00fcr dynamische und station\u00e4re Anwendungen<\/strong><\/p>\n<\/li>\n<li class=\"\" data-start=\"1141\" data-end=\"1225\">\n<p class=\"\" data-start=\"1143\" data-end=\"1225\"><strong data-start=\"1143\" data-end=\"1223\">Kennzeichnungsl\u00f6sungen f\u00fcr Sicherheit, R\u00fcckverfolgbarkeit und Instandhaltung<\/strong><\/p>\n<\/li>\n<li class=\"\" data-start=\"1226\" data-end=\"1302\">\n<p class=\"\" data-start=\"1228\" data-end=\"1302\"><strong data-start=\"1228\" data-end=\"1302\">Industrielle Displays und Bedienl\u00f6sungen f\u00fcr Steuerung und \u00dcberwachung<\/strong><\/p>\n<\/li>\n<\/ul>\n<p class=\"\" data-start=\"1304\" data-end=\"1452\">Mulder-Hardenberg steht f\u00fcr robuste, effiziente und zukunftssichere Technologien, die industrielle Prozesse zuverl\u00e4ssig unterst\u00fctzen und optimieren.<\/p>\n<p>[\/vc_column_text][\/vc_column][vc_column width=&#8220;1\/3&#8243; el_class=&#8220;tablet_full_width&#8220; css=&#8220;.vc_custom_1631702534350{padding-bottom: 10% !important;}&#8220;]<div class=\"templatera_shortcode\"><style type=\"text\/css\" data-type=\"vc_shortcodes-custom-css\">.vc_custom_1631696251590{background-color: #ffffff !important;}<\/style><div class=\"vc_row wpb_row vc_row-fluid\"><div class=\"case_contact_center wpb_column vc_column_container vc_col-sm-12 vc_col-has-fill\"><div class=\"vc_column-inner vc_custom_1631696251590\"><div class=\"wpb_wrapper\"><div class=\"vc_row wpb_row vc_inner vc_row-fluid person-module\"><div class=\"wpb_column vc_column_container vc_col-sm-12\"><div class=\"vc_column-inner\"><div class=\"wpb_wrapper\">\n\t<div class=\"wpb_text_column wpb_content_element  text_wrapper_blue_bar\" >\n\t\t<div class=\"wpb_wrapper\">\n\t\t\t<p><strong>Wir helfen Ihnen gerne weiter!<\/strong><\/p>\n<p>Haben Sie Fragen oder ben\u00f6tigen Sie weitere Informationen? Dann wenden Sie sich an einen der Spezialisten bei Mulder-Hardenberg.<\/p>\n\n\t\t<\/div>\n\t<\/div>\n<style type=\"text\/css\" data-type=\"the7_shortcodes-inline-css\">#default-btn-d4ea1447313945a5d5670df87ca08727.ico-right-side > i {\n  margin-right: 0px;\n  margin-left: 8px;\n}\n#default-btn-d4ea1447313945a5d5670df87ca08727 > i {\n  margin-right: 8px;\n}<\/style><a href=\"\/de\/kontakt\" class=\"default-btn-shortcode dt-btn dt-btn-s link-hover-off ico-right-side button button-primary button-full-width button-icon dg-button--german btn-inline-left \" id=\"default-btn-d4ea1447313945a5d5670df87ca08727\" title=\"Contact\"><span>Kontaktieren Sie uns umgehend<\/span><i class=\"icomoon-the7-font-the7-arrow-21\"><\/i><\/a><\/div><\/div><\/div><\/div><\/div><\/div><\/div><\/div>\r\n<\/div>[\/vc_column][\/vc_row][vc_row equal_height=&#8220;yes&#8220; el_class=&#8220;services-row swap-on-mobile dg-padding-small-top brand-element-two-bar-right-top&#8220;][vc_column width=&#8220;1\/3&#8243; css=&#8220;.vc_custom_1649233463799{background-image: url(https:\/\/mulder-hardenberg.com\/wp-content\/uploads\/industry_header.jpg?id=6416) !important;background-position: center !important;background-repeat: no-repeat !important;background-size: cover !important;}&#8220; el_class=&#8220;services_background image_overlay&#8220;][\/vc_column][vc_column width=&#8220;1\/3&#8243; el_class=&#8220;hide_mobile&#8220;][\/vc_column][vc_column width=&#8220;1\/3&#8243; el_class=&#8220;basic_mobile_spacing tablet_full_width&#8220;][vc_column_text css=&#8220;&#8220;]<ins>Der Expertenansatz<\/ins><\/p>\n<h2>Engineering<\/h2>\n<p>Eine effiziente L\u00f6sung, \u00fcbersichtliche Infrastrukturen, sichere Verkabelung sowie Steuerung und Einblick in den aktuellen Status von Anlagen, Produktionslinien und Prozessen durch einfache, automatisierte Bedienung. Verbesserungen in den Bereichen Sicherheit, Produktivit\u00e4t und Leistung geh\u00f6ren zum Alltag. Detaillierte Zeichnungen und umfassende Pl\u00e4ne bilden in der Regel die Grundlage des Engineerings auf der Suche nach leistungsstarken und effizienten Gesamtl\u00f6sungen. Durch die Auslegung der richtigen Komponenten-Zusammensetzung entsteht eine L\u00f6sung, die exakt passt und alle Anforderungen erf\u00fcllt. Die L\u00f6sung wird h\u00e4ufig in das elektrische Design integriert. Die Spezialisten von Mulder-Hardenberg setzen auf eine Gesamtl\u00f6sung, die sich nahtlos in Ihren Prozess einf\u00fcgt.[\/vc_column_text][\/vc_column][\/vc_row][\/vc_section][vc_section full_width=&#8220;stretch_row&#8220; css_animation=&#8220;fadeInUp&#8220; el_class=&#8220;bg-blue dg-padding-mid-top dg-overflow-visible brand-element-image brand-element-image-top brand-element-image-right&#8220; css=&#8220;.vc_custom_1649145401454{padding-bottom: 0px !important;}&#8220;][vc_row][vc_column width=&#8220;1\/6&#8243;][\/vc_column][vc_column width=&#8220;4\/6&#8243; el_class=&#8220;tablet_full_width&#8220;][vc_column_text el_class=&#8220;text-center&#8220;]<\/p>\n<p style=\"text-align: center;\"><ins>Der Expertenansatz<\/ins><\/p>\n<h2 style=\"text-align: center;\">Spezialit\u00e4ten &amp; Erlebnisse<\/h2>\n<h3 style=\"text-align: center;\">Produkte und L\u00f6sungen, die f\u00fcr die jeweiligen Anwendungen und\/oder Projekte geeignet sind.<\/h3>\n<p>Bei Mulder-Hardenberg haben wir mehrere Spezialisten, die unsere Kunden aus der Automobilindustrie bei Projekten unterst\u00fctzen k\u00f6nnen. Unsere Produktexperten helfen Ihnen gerne bei jedem Projekt oder Problem f\u00fcr jede dieser Spezialit\u00e4ten:[\/vc_column_text][vc_empty_space][\/vc_column][vc_column width=&#8220;1\/6&#8243;][\/vc_column][\/vc_row][vc_row][vc_column][vc_basic_grid post_type=&#8220;page&#8220; max_items=&#8220;3&#8243; orderby=&#8220;menu_order&#8220; order=&#8220;ASC&#8220; item=&#8220;masonryGrid_Default&#8220; initial_loading_animation=&#8220;none&#8220; grid_id=&#8220;vc_gid:1746090307094-5477fff2-a6b8-10&#8243; el_class=&#8220;solutions-post-grid&#8220; taxonomies=&#8220;42, 88, 100&#8243;][\/vc_column][\/vc_row][\/vc_section]<\/p>\n<\/div>","protected":false},"excerpt":{"rendered":"<p>Industrie Die Industrie ist ein Begriff, der eine Vielzahl von Organisationen und Unternehmen umfasst, die sich mit der Entwicklung, Produktion, Automatisierung, Wartung und Optimierung industrieller Anlagen, Maschinen und Fertigungsprozesse besch\u00e4ftigen. Lassen Sie sich von M-H im Bereich Industrie beraten. Branche Industrie Die Industriebranche umfasst ein breites Spektrum an Unternehmen und Anwendungen, die sich mit der&hellip;<\/p>\n","protected":false},"author":2,"featured_media":6418,"parent":7760,"menu_order":0,"comment_status":"closed","ping_status":"closed","template":"","meta":{"inline_featured_image":false,"footnotes":"","_links_to":"","_links_to_target":""},"categories":[],"tags":[],"class_list":["post-7974","page","type-page","status-publish","has-post-thumbnail","hentry","description-off"],"yoast_head":"<!-- This site is optimized with the Yoast SEO plugin v27.5 - https:\/\/yoast.com\/product\/yoast-seo-wordpress\/ -->\n<title>Industrie - Mulder-Hardenberg<\/title>\n<meta name=\"robots\" content=\"index, follow, max-snippet:-1, max-image-preview:large, max-video-preview:-1\" \/>\n<link rel=\"canonical\" href=\"https:\/\/mulder-hardenberg.com\/de\/zweigstelle\/industrie\/\" \/>\n<meta property=\"og:locale\" content=\"de_DE\" \/>\n<meta property=\"og:type\" content=\"article\" \/>\n<meta property=\"og:title\" content=\"Industrie - Mulder-Hardenberg\" \/>\n<meta property=\"og:url\" content=\"https:\/\/mulder-hardenberg.com\/de\/zweigstelle\/industrie\/\" \/>\n<meta property=\"og:site_name\" content=\"Mulder-Hardenberg\" \/>\n<meta property=\"article:modified_time\" content=\"2025-05-01T09:05:36+00:00\" \/>\n<meta property=\"og:image\" content=\"https:\/\/mulder-hardenberg.com\/wp-content\/uploads\/industry_header.jpg\" \/>\n\t<meta property=\"og:image:width\" content=\"1920\" \/>\n\t<meta property=\"og:image:height\" content=\"972\" \/>\n\t<meta property=\"og:image:type\" content=\"image\/jpeg\" \/>\n<meta name=\"twitter:card\" content=\"summary_large_image\" \/>\n<meta name=\"twitter:label1\" content=\"Gesch\u00e4tzte Lesezeit\" \/>\n\t<meta name=\"twitter:data1\" content=\"3\u00a0Minuten\" \/>\n<script type=\"application\/ld+json\" class=\"yoast-schema-graph\">{\"@context\":\"https:\\\/\\\/schema.org\",\"@graph\":[{\"@type\":\"WebPage\",\"@id\":\"https:\\\/\\\/mulder-hardenberg.com\\\/de\\\/zweigstelle\\\/industrie\\\/\",\"url\":\"https:\\\/\\\/mulder-hardenberg.com\\\/de\\\/zweigstelle\\\/industrie\\\/\",\"name\":\"Industrie - Mulder-Hardenberg\",\"isPartOf\":{\"@id\":\"https:\\\/\\\/mulder-hardenberg.com\\\/de\\\/#website\"},\"primaryImageOfPage\":{\"@id\":\"https:\\\/\\\/mulder-hardenberg.com\\\/de\\\/zweigstelle\\\/industrie\\\/#primaryimage\"},\"image\":{\"@id\":\"https:\\\/\\\/mulder-hardenberg.com\\\/de\\\/zweigstelle\\\/industrie\\\/#primaryimage\"},\"thumbnailUrl\":\"https:\\\/\\\/mulder-hardenberg.com\\\/wp-content\\\/uploads\\\/industry_header.jpg\",\"datePublished\":\"2022-12-08T14:48:18+00:00\",\"dateModified\":\"2025-05-01T09:05:36+00:00\",\"breadcrumb\":{\"@id\":\"https:\\\/\\\/mulder-hardenberg.com\\\/de\\\/zweigstelle\\\/industrie\\\/#breadcrumb\"},\"inLanguage\":\"de\",\"potentialAction\":[{\"@type\":\"ReadAction\",\"target\":[\"https:\\\/\\\/mulder-hardenberg.com\\\/de\\\/zweigstelle\\\/industrie\\\/\"]}]},{\"@type\":\"ImageObject\",\"inLanguage\":\"de\",\"@id\":\"https:\\\/\\\/mulder-hardenberg.com\\\/de\\\/zweigstelle\\\/industrie\\\/#primaryimage\",\"url\":\"https:\\\/\\\/mulder-hardenberg.com\\\/wp-content\\\/uploads\\\/industry_header.jpg\",\"contentUrl\":\"https:\\\/\\\/mulder-hardenberg.com\\\/wp-content\\\/uploads\\\/industry_header.jpg\",\"width\":1920,\"height\":972},{\"@type\":\"BreadcrumbList\",\"@id\":\"https:\\\/\\\/mulder-hardenberg.com\\\/de\\\/zweigstelle\\\/industrie\\\/#breadcrumb\",\"itemListElement\":[{\"@type\":\"ListItem\",\"position\":1,\"name\":\"Home\",\"item\":\"https:\\\/\\\/mulder-hardenberg.com\\\/de\\\/\"},{\"@type\":\"ListItem\",\"position\":2,\"name\":\"Branchen\",\"item\":\"https:\\\/\\\/mulder-hardenberg.com\\\/de\\\/?page_id=7760\"},{\"@type\":\"ListItem\",\"position\":3,\"name\":\"Industrie\"}]},{\"@type\":\"WebSite\",\"@id\":\"https:\\\/\\\/mulder-hardenberg.com\\\/de\\\/#website\",\"url\":\"https:\\\/\\\/mulder-hardenberg.com\\\/de\\\/\",\"name\":\"Mulder-Hardenberg\",\"description\":\"\",\"publisher\":{\"@id\":\"https:\\\/\\\/mulder-hardenberg.com\\\/de\\\/#organization\"},\"potentialAction\":[{\"@type\":\"SearchAction\",\"target\":{\"@type\":\"EntryPoint\",\"urlTemplate\":\"https:\\\/\\\/mulder-hardenberg.com\\\/de\\\/?s={search_term_string}\"},\"query-input\":{\"@type\":\"PropertyValueSpecification\",\"valueRequired\":true,\"valueName\":\"search_term_string\"}}],\"inLanguage\":\"de\"},{\"@type\":\"Organization\",\"@id\":\"https:\\\/\\\/mulder-hardenberg.com\\\/de\\\/#organization\",\"name\":\"Mulder Hardenberg\",\"url\":\"https:\\\/\\\/mulder-hardenberg.com\\\/de\\\/\",\"logo\":{\"@type\":\"ImageObject\",\"inLanguage\":\"de\",\"@id\":\"https:\\\/\\\/mulder-hardenberg.com\\\/de\\\/#\\\/schema\\\/logo\\\/image\\\/\",\"url\":\"https:\\\/\\\/mulder-hardenberg.com\\\/wp-content\\\/uploads\\\/Logo-Mulder-Hardenberg-website.png\",\"contentUrl\":\"https:\\\/\\\/mulder-hardenberg.com\\\/wp-content\\\/uploads\\\/Logo-Mulder-Hardenberg-website.png\",\"width\":318,\"height\":62,\"caption\":\"Mulder Hardenberg\"},\"image\":{\"@id\":\"https:\\\/\\\/mulder-hardenberg.com\\\/de\\\/#\\\/schema\\\/logo\\\/image\\\/\"}}]}<\/script>\n<!-- \/ Yoast SEO plugin. -->","yoast_head_json":{"title":"Industrie - Mulder-Hardenberg","robots":{"index":"index","follow":"follow","max-snippet":"max-snippet:-1","max-image-preview":"max-image-preview:large","max-video-preview":"max-video-preview:-1"},"canonical":"https:\/\/mulder-hardenberg.com\/de\/zweigstelle\/industrie\/","og_locale":"de_DE","og_type":"article","og_title":"Industrie - Mulder-Hardenberg","og_url":"https:\/\/mulder-hardenberg.com\/de\/zweigstelle\/industrie\/","og_site_name":"Mulder-Hardenberg","article_modified_time":"2025-05-01T09:05:36+00:00","og_image":[{"width":1920,"height":972,"url":"https:\/\/mulder-hardenberg.com\/wp-content\/uploads\/industry_header.jpg","type":"image\/jpeg"}],"twitter_card":"summary_large_image","twitter_misc":{"Gesch\u00e4tzte Lesezeit":"3\u00a0Minuten"},"schema":{"@context":"https:\/\/schema.org","@graph":[{"@type":"WebPage","@id":"https:\/\/mulder-hardenberg.com\/de\/zweigstelle\/industrie\/","url":"https:\/\/mulder-hardenberg.com\/de\/zweigstelle\/industrie\/","name":"Industrie - Mulder-Hardenberg","isPartOf":{"@id":"https:\/\/mulder-hardenberg.com\/de\/#website"},"primaryImageOfPage":{"@id":"https:\/\/mulder-hardenberg.com\/de\/zweigstelle\/industrie\/#primaryimage"},"image":{"@id":"https:\/\/mulder-hardenberg.com\/de\/zweigstelle\/industrie\/#primaryimage"},"thumbnailUrl":"https:\/\/mulder-hardenberg.com\/wp-content\/uploads\/industry_header.jpg","datePublished":"2022-12-08T14:48:18+00:00","dateModified":"2025-05-01T09:05:36+00:00","breadcrumb":{"@id":"https:\/\/mulder-hardenberg.com\/de\/zweigstelle\/industrie\/#breadcrumb"},"inLanguage":"de","potentialAction":[{"@type":"ReadAction","target":["https:\/\/mulder-hardenberg.com\/de\/zweigstelle\/industrie\/"]}]},{"@type":"ImageObject","inLanguage":"de","@id":"https:\/\/mulder-hardenberg.com\/de\/zweigstelle\/industrie\/#primaryimage","url":"https:\/\/mulder-hardenberg.com\/wp-content\/uploads\/industry_header.jpg","contentUrl":"https:\/\/mulder-hardenberg.com\/wp-content\/uploads\/industry_header.jpg","width":1920,"height":972},{"@type":"BreadcrumbList","@id":"https:\/\/mulder-hardenberg.com\/de\/zweigstelle\/industrie\/#breadcrumb","itemListElement":[{"@type":"ListItem","position":1,"name":"Home","item":"https:\/\/mulder-hardenberg.com\/de\/"},{"@type":"ListItem","position":2,"name":"Branchen","item":"https:\/\/mulder-hardenberg.com\/de\/?page_id=7760"},{"@type":"ListItem","position":3,"name":"Industrie"}]},{"@type":"WebSite","@id":"https:\/\/mulder-hardenberg.com\/de\/#website","url":"https:\/\/mulder-hardenberg.com\/de\/","name":"Mulder-Hardenberg","description":"","publisher":{"@id":"https:\/\/mulder-hardenberg.com\/de\/#organization"},"potentialAction":[{"@type":"SearchAction","target":{"@type":"EntryPoint","urlTemplate":"https:\/\/mulder-hardenberg.com\/de\/?s={search_term_string}"},"query-input":{"@type":"PropertyValueSpecification","valueRequired":true,"valueName":"search_term_string"}}],"inLanguage":"de"},{"@type":"Organization","@id":"https:\/\/mulder-hardenberg.com\/de\/#organization","name":"Mulder Hardenberg","url":"https:\/\/mulder-hardenberg.com\/de\/","logo":{"@type":"ImageObject","inLanguage":"de","@id":"https:\/\/mulder-hardenberg.com\/de\/#\/schema\/logo\/image\/","url":"https:\/\/mulder-hardenberg.com\/wp-content\/uploads\/Logo-Mulder-Hardenberg-website.png","contentUrl":"https:\/\/mulder-hardenberg.com\/wp-content\/uploads\/Logo-Mulder-Hardenberg-website.png","width":318,"height":62,"caption":"Mulder Hardenberg"},"image":{"@id":"https:\/\/mulder-hardenberg.com\/de\/#\/schema\/logo\/image\/"}}]}},"_links":{"self":[{"href":"https:\/\/mulder-hardenberg.com\/de\/wp-json\/wp\/v2\/pages\/7974","targetHints":{"allow":["GET"]}}],"collection":[{"href":"https:\/\/mulder-hardenberg.com\/de\/wp-json\/wp\/v2\/pages"}],"about":[{"href":"https:\/\/mulder-hardenberg.com\/de\/wp-json\/wp\/v2\/types\/page"}],"author":[{"embeddable":true,"href":"https:\/\/mulder-hardenberg.com\/de\/wp-json\/wp\/v2\/users\/2"}],"replies":[{"embeddable":true,"href":"https:\/\/mulder-hardenberg.com\/de\/wp-json\/wp\/v2\/comments?post=7974"}],"version-history":[{"count":9,"href":"https:\/\/mulder-hardenberg.com\/de\/wp-json\/wp\/v2\/pages\/7974\/revisions"}],"predecessor-version":[{"id":13563,"href":"https:\/\/mulder-hardenberg.com\/de\/wp-json\/wp\/v2\/pages\/7974\/revisions\/13563"}],"up":[{"embeddable":true,"href":"https:\/\/mulder-hardenberg.com\/de\/wp-json\/wp\/v2\/pages\/7760"}],"wp:featuredmedia":[{"embeddable":true,"href":"https:\/\/mulder-hardenberg.com\/de\/wp-json\/wp\/v2\/media\/6418"}],"wp:attachment":[{"href":"https:\/\/mulder-hardenberg.com\/de\/wp-json\/wp\/v2\/media?parent=7974"}],"wp:term":[{"taxonomy":"category","embeddable":true,"href":"https:\/\/mulder-hardenberg.com\/de\/wp-json\/wp\/v2\/categories?post=7974"},{"taxonomy":"post_tag","embeddable":true,"href":"https:\/\/mulder-hardenberg.com\/de\/wp-json\/wp\/v2\/tags?post=7974"}],"curies":[{"name":"wp","href":"https:\/\/api.w.org\/{rel}","templated":true}]}}