{"id":7950,"date":"2022-12-08T16:35:31","date_gmt":"2022-12-08T14:35:31","guid":{"rendered":"https:\/\/mulder-hardenberg.com\/zweigstelle\/verteidigung-armee-und-sicherheit\/"},"modified":"2026-04-22T11:11:45","modified_gmt":"2026-04-22T09:11:45","slug":"verteidigung-armee-und-sicherheit","status":"publish","type":"page","link":"https:\/\/mulder-hardenberg.com\/de\/zweigstelle\/verteidigung-armee-und-sicherheit\/","title":{"rendered":"Verteidigung, Armee und Sicherheit"},"content":{"rendered":"<div class=\"wpb-content-wrapper\"><p>[vc_section full_width=&#8220;stretch_row&#8220; content_placement=&#8220;middle&#8220; el_class=&#8220;banner banner-small gradient gradient-blue&#8220; css=&#8220;.vc_custom_1649231966548{background-image: url(https:\/\/mulder-hardenberg.com\/wp-content\/uploads\/navy_header.jpg?id=6369) !important;background-position: center !important;background-repeat: no-repeat !important;background-size: cover !important;}&#8220;][vc_row][vc_column width=&#8220;3\/5&#8243; el_class=&#8220;tablet_full_width basic_mobile_spacing&#8220;][vc_column_text el_class=&#8220;text-white&#8220;]<\/p>\n<h1>Verteidigung, Armee und Sicherheit<\/h1>\n<p>Die Verteidigungs- und Sicherheitsindustrie besteht aus staatlichen und kommerziellen Sektoren, die an der Forschung, Entwicklung, Produktion und Wartung von milit\u00e4rischer Ausr\u00fcstung, Ausr\u00fcstung und Einrichtungen sowie den Feuerwehr- und Rettungsdiensten, Polizeidienststellen, Gef\u00e4ngnissen und Rettungsdiensten beteiligt sind.[\/vc_column_text][\/vc_column][vc_column width=&#8220;2\/5&#8243;][\/vc_column][\/vc_row][\/vc_section][vc_row content_placement=&#8220;middle&#8220; el_class=&#8220;cta cta-half-bottom&#8220;][vc_column width=&#8220;3\/5&#8243;][vc_column_text]Lassen Sie sich von M-H im Bereich Verteidigung und Sicherheit beraten.[\/vc_column_text][\/vc_column][vc_column width=&#8220;2\/5&#8243;]<style type=\"text\/css\" data-type=\"the7_shortcodes-inline-css\">#default-btn-49b066556a51702672093ab2737a7618.ico-right-side > i {\n  margin-right: 0px;\n  margin-left: 8px;\n}\n#default-btn-49b066556a51702672093ab2737a7618 > i {\n  margin-right: 8px;\n}<\/style><a href=\"\/vrijblijvend-advies-dcnw-solutions\/\" class=\"default-btn-shortcode dt-btn dt-btn-s link-hover-off button button-primary button-full-width btn-inline-right \" id=\"default-btn-49b066556a51702672093ab2737a7618\"><span>Kostenlose Beratung<\/span><\/a>[\/vc_column][\/vc_row][vc_section full_width=&#8220;stretch_row&#8220; el_class=&#8220;dg-padding-mid-top&#8220;][vc_row content_placement=&#8220;top&#8220;][vc_column width=&#8220;2\/3&#8243; el_class=&#8220;tablet_full_width basic_mobile_spacing_side tablet_margin_top&#8220;][vc_column_text css=&#8220;.vc_custom_1776846745100{margin-bottom: 0px !important;}&#8220;]<ins>L\u00f6sung<\/ins><\/p>\n<h2>Verteidigung, Armee, Marine und Sicherheit<\/h2>\n<h3>Dieser Sektor umfasst eine Vielzahl von Organisationen und Unternehmen, die sich mit dem Design, der Entwicklung, der Produktion und dem Vertrieb verschiedener IT-Ger\u00e4te befassen. Er z\u00e4hlt zu den umsatzst\u00e4rksten Wirtschaftszweigen und spielt als Lieferant f\u00fcr die Regierung eine entscheidende Rolle. <\/h3>\n<p>Bei Mulder-Hardenberg sind wir auf ein breites Spektrum an Produkten und L\u00f6sungen f\u00fcr Verteidigung, Heer, Marine und Sicherheit spezialisiert. Unsere erfahrenen Mitarbeiter verf\u00fcgen \u00fcber umfassende Kenntnisse unseres hochwertigen Sortiments und unterst\u00fctzen Sie gerne dabei, das Produkt auszuw\u00e4hlen, das am besten zu Ihrer spezifischen Situation oder Anwendung passt.<br \/>Auf Wunsch bieten wir ma\u00dfgeschneiderte L\u00f6sungen an, sodass unsere Produkte vollst\u00e4ndig auf Ihre Anforderungen abgestimmt werden k\u00f6nnen. Unsere L\u00f6sungen umfassen Produkte und Dienstleistungen in den folgenden Produktgruppen:   <\/p>\n<ul>\n<li><a href=\"https:\/\/mulder-hardenberg.com\/de\/loesungen\/mensch-maschine-schnittstellen-hmi\/\">Tastaturen und Zeigeger\u00e4te (Joysticks, Touchpads, Trackballs usw.)<\/a><\/li>\n<li><a href=\"https:\/\/mulder-hardenberg.com\/de\/loesungen\/kennzeichnung-identifikation\/\">Etiketten, Benchtop-Etikettendrucker und tragbare Etikettendrucker<\/a><\/li>\n<li>Kupferdatenverkabelung<\/li>\n<li>Datenkabel-Einbruchserkennung<\/li>\n<li><a href=\"https:\/\/mulder-hardenberg.com\/de\/loesungen\/mensch-maschine-schnittstellen-hmi\/\">Anzeigen<\/a><\/li>\n<li><a href=\"https:\/\/mulder-hardenberg.com\/de\/loesungen\/fans\/\">Ventilatoren \/ Fans<\/a><\/li>\n<li><a href=\"https:\/\/mulder-hardenberg.com\/de\/loesungen\/glasfaser\/\">Glasfaserverkabelung<\/a><\/li>\n<li>Hubs, Switches und KVM-L\u00f6sungen<\/li>\n<li>Netzwerkumgebung<\/li>\n<li>Pipeline-Einbruchserkennung<\/li>\n<li><a href=\"https:\/\/mulder-hardenberg.com\/de\/loesungen\/kennzeichnung-identifikation\/\">Sicherheitsmarkierungen \/ Sicherheitszeichen<\/a><\/li>\n<li>Strukturierte Verkabelungssysteme<\/li>\n<\/ul>\n<p>[\/vc_column_text][\/vc_column][vc_column width=&#8220;1\/3&#8243; el_class=&#8220;tablet_full_width&#8220; css=&#8220;.vc_custom_1631702534350{padding-bottom: 10% !important;}&#8220;]<div class=\"templatera_shortcode\"><style type=\"text\/css\" data-type=\"vc_shortcodes-custom-css\">.vc_custom_1631696251590{background-color: #ffffff !important;}<\/style><div class=\"vc_row wpb_row vc_row-fluid\"><div class=\"case_contact_center wpb_column vc_column_container vc_col-sm-12 vc_col-has-fill\"><div class=\"vc_column-inner vc_custom_1631696251590\"><div class=\"wpb_wrapper\"><div class=\"vc_row wpb_row vc_inner vc_row-fluid person-module\"><div class=\"wpb_column vc_column_container vc_col-sm-12\"><div class=\"vc_column-inner\"><div class=\"wpb_wrapper\">\n\t<div class=\"wpb_text_column wpb_content_element  text_wrapper_blue_bar\" >\n\t\t<div class=\"wpb_wrapper\">\n\t\t\t<p><strong>Wij helpen je graag verder!<\/strong><\/p>\n<p>Heb je vragen of meer informatie nodig? Neem dan contact op met \u00e9\u00e9n van de specialisten van Mulder-Hardenberg.<\/p>\n\n\t\t<\/div>\n\t<\/div>\n<style type=\"text\/css\" data-type=\"the7_shortcodes-inline-css\">#default-btn-85af17cb7f735aeef390690ed50b4396.ico-right-side > i {\n  margin-right: 0px;\n  margin-left: 8px;\n}\n#default-btn-85af17cb7f735aeef390690ed50b4396 > i {\n  margin-right: 8px;\n}<\/style><a href=\"\/contact\/\" class=\"default-btn-shortcode dt-btn dt-btn-s link-hover-off ico-right-side button button-primary button-full-width button-icon btn-inline-left \" id=\"default-btn-85af17cb7f735aeef390690ed50b4396\" title=\"Contact\"><span>Neem direct contact op<\/span><i class=\"icomoon-the7-font-the7-arrow-21\"><\/i><\/a><\/div><\/div><\/div><\/div><\/div><\/div><\/div><\/div><\/div>[\/vc_column][\/vc_row][vc_row equal_height=&#8220;yes&#8220; el_class=&#8220;services-row swap-on-mobile dg-padding-small-top brand-element-two-bar-right-top&#8220;][vc_column width=&#8220;1\/3&#8243; css=&#8220;.vc_custom_1649232058345{background-image: url(https:\/\/mulder-hardenberg.com\/wp-content\/uploads\/navy_header.jpg?id=6369) !important;background-position: center !important;background-repeat: no-repeat !important;background-size: cover !important;}&#8220; el_class=&#8220;services_background image_overlay&#8220;][\/vc_column][vc_column width=&#8220;1\/3&#8243; el_class=&#8220;hide_mobile&#8220;][\/vc_column][vc_column width=&#8220;1\/3&#8243; el_class=&#8220;basic_mobile_spacing tablet_full_width&#8220;][vc_column_text css=&#8220;&#8220;]<ins>The Expert Approach<\/ins><\/p>\n<h2>Maschinenbau<\/h2>\n<p data-start=\"0\" data-end=\"351\">Eine effiziente L\u00f6sung beginnt mit einer \u00fcbersichtlichen Infrastruktur, zuverl\u00e4ssiger und sicherer Verkabelung sowie einem klaren Einblick in den aktuellen Status von Anlagen, Produktionslinien und Prozessen durch benutzerfreundliche Automatisierung. Kontinuierliche Verbesserungen in den Bereichen Sicherheit, Produktivit\u00e4t und Leistung spielen dabei eine entscheidende Rolle.<br \/>Detaillierte Zeichnungen und durchdachte Konzepte bilden in der Regel die Grundlage f\u00fcr das Engineering, mit dem Ziel, leistungsstarke und effiziente Gesamtl\u00f6sungen zu entwickeln. Durch die gezielte Kombination der richtigen Komponenten entsteht eine L\u00f6sung, die optimal auf die jeweilige Anwendung abgestimmt ist und alle Anforderungen erf\u00fcllt. Diese wird h\u00e4ufig in das elektrische Design integriert.    <\/p>\n<p data-start=\"0\" data-end=\"351\">Die Spezialisten von Mulder-Hardenberg streben nach Gesamtl\u00f6sungen, die sich nahtlos in Ihre Prozesse einf\u00fcgen.<\/p>\n<p>[\/vc_column_text][\/vc_column][\/vc_row][\/vc_section][vc_section full_width=&#8220;stretch_row&#8220; css_animation=&#8220;fadeInUp&#8220; el_class=&#8220;bg-blue dg-padding-mid-top dg-overflow-visible brand-element-image brand-element-image-top brand-element-image-right&#8220; css=&#8220;.vc_custom_1649145401454{padding-bottom: 0px !important;}&#8220;][vc_row][vc_column width=&#8220;1\/6&#8243;][\/vc_column][vc_column width=&#8220;4\/6&#8243; el_class=&#8220;tablet_full_width&#8220;][vc_column_text css=&#8220;&#8220; el_class=&#8220;text-center&#8220;]<\/p>\n<p style=\"text-align: center;\"><ins>The Expert Approach<\/ins><\/p>\n<h2 style=\"text-align: center;\">Spezialit\u00e4ten &amp; Erlebnisse<\/h2>\n<h3 style=\"text-align: center;\">Produkte und L\u00f6sungen, die f\u00fcr die jeweiligen Anwendungen und\/oder Projekte geeignet sind.<\/h3>\n<p style=\"text-align: center;\">Bei Mulder-Hardenberg verf\u00fcgen wir \u00fcber vielf\u00e4ltige Spezialisierungen, die es uns erm\u00f6glichen, Kunden aus der Verteidigungs- und Sicherheitsbranche bei unterschiedlichsten Projekten zu unterst\u00fctzen. F\u00fcr jede dieser Spezialisierungen stehen unsere Produktexperten bereit, gemeinsam mit Ihnen Ideen zu entwickeln und Sie bei allen Fragen und Herausforderungen zu beraten. <\/p>\n<p>[\/vc_column_text][vc_empty_space][\/vc_column][vc_column width=&#8220;1\/6&#8243;][\/vc_column][\/vc_row][vc_row][vc_column][vc_basic_grid post_type=&#8220;page&#8220; max_items=&#8220;4&#8243; element_width=&#8220;3&#8243; orderby=&#8220;menu_order&#8220; order=&#8220;ASC&#8220; item=&#8220;masonryGrid_Default&#8220; initial_loading_animation=&#8220;none&#8220; grid_id=&#8220;vc_gid:1776846789856-99fdbee3-6e2c-3&#8243; el_class=&#8220;solutions-post-grid&#8220; taxonomies=&#8220;60, 61, 62, 63&#8243;][\/vc_column][\/vc_row][\/vc_section]<\/p>\n<\/div>","protected":false},"excerpt":{"rendered":"<p>Verteidigung, Armee und Sicherheit Die Verteidigungs- und Sicherheitsindustrie besteht aus staatlichen und kommerziellen Sektoren, die an der Forschung, Entwicklung, Produktion und Wartung von milit\u00e4rischer Ausr\u00fcstung, Ausr\u00fcstung und Einrichtungen sowie den Feuerwehr- und Rettungsdiensten, Polizeidienststellen, Gef\u00e4ngnissen und Rettungsdiensten beteiligt sind. Lassen Sie sich von M-H im Bereich Verteidigung und Sicherheit beraten. L\u00f6sung Verteidigung, Armee, Marine und&hellip;<\/p>\n","protected":false},"author":2,"featured_media":7172,"parent":7760,"menu_order":0,"comment_status":"closed","ping_status":"closed","template":"","meta":{"inline_featured_image":false,"footnotes":"","_links_to":"","_links_to_target":""},"categories":[],"tags":[],"class_list":["post-7950","page","type-page","status-publish","has-post-thumbnail","hentry","description-off"],"yoast_head":"<!-- This site is optimized with the Yoast SEO plugin v27.5 - https:\/\/yoast.com\/product\/yoast-seo-wordpress\/ -->\n<title>Verteidigung, Armee und Sicherheit - Mulder-Hardenberg<\/title>\n<meta name=\"description\" content=\"Wir haben Produktexperten f\u00fcr jede Spezialit\u00e4t, die Ihnen gerne bei einem Projekt helfen und alle Ihre Fragen beantworten.\" \/>\n<meta name=\"robots\" content=\"index, follow, max-snippet:-1, max-image-preview:large, max-video-preview:-1\" \/>\n<link rel=\"canonical\" href=\"https:\/\/mulder-hardenberg.com\/de\/zweigstelle\/verteidigung-armee-und-sicherheit\/\" \/>\n<meta property=\"og:locale\" content=\"de_DE\" \/>\n<meta property=\"og:type\" content=\"article\" \/>\n<meta property=\"og:title\" content=\"Verteidigung, Armee und Sicherheit - Mulder-Hardenberg\" \/>\n<meta property=\"og:description\" content=\"Wir haben Produktexperten f\u00fcr jede Spezialit\u00e4t, die Ihnen gerne bei einem Projekt helfen und alle Ihre Fragen beantworten.\" \/>\n<meta property=\"og:url\" content=\"https:\/\/mulder-hardenberg.com\/de\/zweigstelle\/verteidigung-armee-und-sicherheit\/\" \/>\n<meta property=\"og:site_name\" content=\"Mulder-Hardenberg\" \/>\n<meta property=\"article:modified_time\" content=\"2026-04-22T09:11:45+00:00\" \/>\n<meta property=\"og:image\" content=\"https:\/\/mulder-hardenberg.com\/wp-content\/uploads\/foe_defense_p1.jpg\" \/>\n\t<meta property=\"og:image:width\" content=\"300\" \/>\n\t<meta property=\"og:image:height\" content=\"223\" \/>\n\t<meta property=\"og:image:type\" content=\"image\/jpeg\" \/>\n<meta name=\"twitter:card\" content=\"summary_large_image\" \/>\n<meta name=\"twitter:label1\" content=\"Gesch\u00e4tzte Lesezeit\" \/>\n\t<meta name=\"twitter:data1\" content=\"3\u00a0Minuten\" \/>\n<script type=\"application\/ld+json\" class=\"yoast-schema-graph\">{\"@context\":\"https:\\\/\\\/schema.org\",\"@graph\":[{\"@type\":\"WebPage\",\"@id\":\"https:\\\/\\\/mulder-hardenberg.com\\\/de\\\/zweigstelle\\\/verteidigung-armee-und-sicherheit\\\/\",\"url\":\"https:\\\/\\\/mulder-hardenberg.com\\\/de\\\/zweigstelle\\\/verteidigung-armee-und-sicherheit\\\/\",\"name\":\"Verteidigung, Armee und Sicherheit - Mulder-Hardenberg\",\"isPartOf\":{\"@id\":\"https:\\\/\\\/mulder-hardenberg.com\\\/de\\\/#website\"},\"primaryImageOfPage\":{\"@id\":\"https:\\\/\\\/mulder-hardenberg.com\\\/de\\\/zweigstelle\\\/verteidigung-armee-und-sicherheit\\\/#primaryimage\"},\"image\":{\"@id\":\"https:\\\/\\\/mulder-hardenberg.com\\\/de\\\/zweigstelle\\\/verteidigung-armee-und-sicherheit\\\/#primaryimage\"},\"thumbnailUrl\":\"https:\\\/\\\/mulder-hardenberg.com\\\/wp-content\\\/uploads\\\/foe_defense_p1.jpg\",\"datePublished\":\"2022-12-08T14:35:31+00:00\",\"dateModified\":\"2026-04-22T09:11:45+00:00\",\"description\":\"Wir haben Produktexperten f\u00fcr jede Spezialit\u00e4t, die Ihnen gerne bei einem Projekt helfen und alle Ihre Fragen beantworten.\",\"breadcrumb\":{\"@id\":\"https:\\\/\\\/mulder-hardenberg.com\\\/de\\\/zweigstelle\\\/verteidigung-armee-und-sicherheit\\\/#breadcrumb\"},\"inLanguage\":\"de\",\"potentialAction\":[{\"@type\":\"ReadAction\",\"target\":[\"https:\\\/\\\/mulder-hardenberg.com\\\/de\\\/zweigstelle\\\/verteidigung-armee-und-sicherheit\\\/\"]}]},{\"@type\":\"ImageObject\",\"inLanguage\":\"de\",\"@id\":\"https:\\\/\\\/mulder-hardenberg.com\\\/de\\\/zweigstelle\\\/verteidigung-armee-und-sicherheit\\\/#primaryimage\",\"url\":\"https:\\\/\\\/mulder-hardenberg.com\\\/wp-content\\\/uploads\\\/foe_defense_p1.jpg\",\"contentUrl\":\"https:\\\/\\\/mulder-hardenberg.com\\\/wp-content\\\/uploads\\\/foe_defense_p1.jpg\",\"width\":300,\"height\":223},{\"@type\":\"BreadcrumbList\",\"@id\":\"https:\\\/\\\/mulder-hardenberg.com\\\/de\\\/zweigstelle\\\/verteidigung-armee-und-sicherheit\\\/#breadcrumb\",\"itemListElement\":[{\"@type\":\"ListItem\",\"position\":1,\"name\":\"Home\",\"item\":\"https:\\\/\\\/mulder-hardenberg.com\\\/de\\\/\"},{\"@type\":\"ListItem\",\"position\":2,\"name\":\"Branchen\",\"item\":\"https:\\\/\\\/mulder-hardenberg.com\\\/de\\\/?page_id=7760\"},{\"@type\":\"ListItem\",\"position\":3,\"name\":\"Verteidigung, Armee und Sicherheit\"}]},{\"@type\":\"WebSite\",\"@id\":\"https:\\\/\\\/mulder-hardenberg.com\\\/de\\\/#website\",\"url\":\"https:\\\/\\\/mulder-hardenberg.com\\\/de\\\/\",\"name\":\"Mulder-Hardenberg\",\"description\":\"\",\"publisher\":{\"@id\":\"https:\\\/\\\/mulder-hardenberg.com\\\/de\\\/#organization\"},\"potentialAction\":[{\"@type\":\"SearchAction\",\"target\":{\"@type\":\"EntryPoint\",\"urlTemplate\":\"https:\\\/\\\/mulder-hardenberg.com\\\/de\\\/?s={search_term_string}\"},\"query-input\":{\"@type\":\"PropertyValueSpecification\",\"valueRequired\":true,\"valueName\":\"search_term_string\"}}],\"inLanguage\":\"de\"},{\"@type\":\"Organization\",\"@id\":\"https:\\\/\\\/mulder-hardenberg.com\\\/de\\\/#organization\",\"name\":\"Mulder Hardenberg\",\"url\":\"https:\\\/\\\/mulder-hardenberg.com\\\/de\\\/\",\"logo\":{\"@type\":\"ImageObject\",\"inLanguage\":\"de\",\"@id\":\"https:\\\/\\\/mulder-hardenberg.com\\\/de\\\/#\\\/schema\\\/logo\\\/image\\\/\",\"url\":\"https:\\\/\\\/mulder-hardenberg.com\\\/wp-content\\\/uploads\\\/Logo-Mulder-Hardenberg-website.png\",\"contentUrl\":\"https:\\\/\\\/mulder-hardenberg.com\\\/wp-content\\\/uploads\\\/Logo-Mulder-Hardenberg-website.png\",\"width\":318,\"height\":62,\"caption\":\"Mulder Hardenberg\"},\"image\":{\"@id\":\"https:\\\/\\\/mulder-hardenberg.com\\\/de\\\/#\\\/schema\\\/logo\\\/image\\\/\"}}]}<\/script>\n<!-- \/ Yoast SEO plugin. -->","yoast_head_json":{"title":"Verteidigung, Armee und Sicherheit - Mulder-Hardenberg","description":"Wir haben Produktexperten f\u00fcr jede Spezialit\u00e4t, die Ihnen gerne bei einem Projekt helfen und alle Ihre Fragen beantworten.","robots":{"index":"index","follow":"follow","max-snippet":"max-snippet:-1","max-image-preview":"max-image-preview:large","max-video-preview":"max-video-preview:-1"},"canonical":"https:\/\/mulder-hardenberg.com\/de\/zweigstelle\/verteidigung-armee-und-sicherheit\/","og_locale":"de_DE","og_type":"article","og_title":"Verteidigung, Armee und Sicherheit - Mulder-Hardenberg","og_description":"Wir haben Produktexperten f\u00fcr jede Spezialit\u00e4t, die Ihnen gerne bei einem Projekt helfen und alle Ihre Fragen beantworten.","og_url":"https:\/\/mulder-hardenberg.com\/de\/zweigstelle\/verteidigung-armee-und-sicherheit\/","og_site_name":"Mulder-Hardenberg","article_modified_time":"2026-04-22T09:11:45+00:00","og_image":[{"width":300,"height":223,"url":"https:\/\/mulder-hardenberg.com\/wp-content\/uploads\/foe_defense_p1.jpg","type":"image\/jpeg"}],"twitter_card":"summary_large_image","twitter_misc":{"Gesch\u00e4tzte Lesezeit":"3\u00a0Minuten"},"schema":{"@context":"https:\/\/schema.org","@graph":[{"@type":"WebPage","@id":"https:\/\/mulder-hardenberg.com\/de\/zweigstelle\/verteidigung-armee-und-sicherheit\/","url":"https:\/\/mulder-hardenberg.com\/de\/zweigstelle\/verteidigung-armee-und-sicherheit\/","name":"Verteidigung, Armee und Sicherheit - Mulder-Hardenberg","isPartOf":{"@id":"https:\/\/mulder-hardenberg.com\/de\/#website"},"primaryImageOfPage":{"@id":"https:\/\/mulder-hardenberg.com\/de\/zweigstelle\/verteidigung-armee-und-sicherheit\/#primaryimage"},"image":{"@id":"https:\/\/mulder-hardenberg.com\/de\/zweigstelle\/verteidigung-armee-und-sicherheit\/#primaryimage"},"thumbnailUrl":"https:\/\/mulder-hardenberg.com\/wp-content\/uploads\/foe_defense_p1.jpg","datePublished":"2022-12-08T14:35:31+00:00","dateModified":"2026-04-22T09:11:45+00:00","description":"Wir haben Produktexperten f\u00fcr jede Spezialit\u00e4t, die Ihnen gerne bei einem Projekt helfen und alle Ihre Fragen beantworten.","breadcrumb":{"@id":"https:\/\/mulder-hardenberg.com\/de\/zweigstelle\/verteidigung-armee-und-sicherheit\/#breadcrumb"},"inLanguage":"de","potentialAction":[{"@type":"ReadAction","target":["https:\/\/mulder-hardenberg.com\/de\/zweigstelle\/verteidigung-armee-und-sicherheit\/"]}]},{"@type":"ImageObject","inLanguage":"de","@id":"https:\/\/mulder-hardenberg.com\/de\/zweigstelle\/verteidigung-armee-und-sicherheit\/#primaryimage","url":"https:\/\/mulder-hardenberg.com\/wp-content\/uploads\/foe_defense_p1.jpg","contentUrl":"https:\/\/mulder-hardenberg.com\/wp-content\/uploads\/foe_defense_p1.jpg","width":300,"height":223},{"@type":"BreadcrumbList","@id":"https:\/\/mulder-hardenberg.com\/de\/zweigstelle\/verteidigung-armee-und-sicherheit\/#breadcrumb","itemListElement":[{"@type":"ListItem","position":1,"name":"Home","item":"https:\/\/mulder-hardenberg.com\/de\/"},{"@type":"ListItem","position":2,"name":"Branchen","item":"https:\/\/mulder-hardenberg.com\/de\/?page_id=7760"},{"@type":"ListItem","position":3,"name":"Verteidigung, Armee und Sicherheit"}]},{"@type":"WebSite","@id":"https:\/\/mulder-hardenberg.com\/de\/#website","url":"https:\/\/mulder-hardenberg.com\/de\/","name":"Mulder-Hardenberg","description":"","publisher":{"@id":"https:\/\/mulder-hardenberg.com\/de\/#organization"},"potentialAction":[{"@type":"SearchAction","target":{"@type":"EntryPoint","urlTemplate":"https:\/\/mulder-hardenberg.com\/de\/?s={search_term_string}"},"query-input":{"@type":"PropertyValueSpecification","valueRequired":true,"valueName":"search_term_string"}}],"inLanguage":"de"},{"@type":"Organization","@id":"https:\/\/mulder-hardenberg.com\/de\/#organization","name":"Mulder Hardenberg","url":"https:\/\/mulder-hardenberg.com\/de\/","logo":{"@type":"ImageObject","inLanguage":"de","@id":"https:\/\/mulder-hardenberg.com\/de\/#\/schema\/logo\/image\/","url":"https:\/\/mulder-hardenberg.com\/wp-content\/uploads\/Logo-Mulder-Hardenberg-website.png","contentUrl":"https:\/\/mulder-hardenberg.com\/wp-content\/uploads\/Logo-Mulder-Hardenberg-website.png","width":318,"height":62,"caption":"Mulder Hardenberg"},"image":{"@id":"https:\/\/mulder-hardenberg.com\/de\/#\/schema\/logo\/image\/"}}]}},"_links":{"self":[{"href":"https:\/\/mulder-hardenberg.com\/de\/wp-json\/wp\/v2\/pages\/7950","targetHints":{"allow":["GET"]}}],"collection":[{"href":"https:\/\/mulder-hardenberg.com\/de\/wp-json\/wp\/v2\/pages"}],"about":[{"href":"https:\/\/mulder-hardenberg.com\/de\/wp-json\/wp\/v2\/types\/page"}],"author":[{"embeddable":true,"href":"https:\/\/mulder-hardenberg.com\/de\/wp-json\/wp\/v2\/users\/2"}],"replies":[{"embeddable":true,"href":"https:\/\/mulder-hardenberg.com\/de\/wp-json\/wp\/v2\/comments?post=7950"}],"version-history":[{"count":14,"href":"https:\/\/mulder-hardenberg.com\/de\/wp-json\/wp\/v2\/pages\/7950\/revisions"}],"predecessor-version":[{"id":14492,"href":"https:\/\/mulder-hardenberg.com\/de\/wp-json\/wp\/v2\/pages\/7950\/revisions\/14492"}],"up":[{"embeddable":true,"href":"https:\/\/mulder-hardenberg.com\/de\/wp-json\/wp\/v2\/pages\/7760"}],"wp:featuredmedia":[{"embeddable":true,"href":"https:\/\/mulder-hardenberg.com\/de\/wp-json\/wp\/v2\/media\/7172"}],"wp:attachment":[{"href":"https:\/\/mulder-hardenberg.com\/de\/wp-json\/wp\/v2\/media?parent=7950"}],"wp:term":[{"taxonomy":"category","embeddable":true,"href":"https:\/\/mulder-hardenberg.com\/de\/wp-json\/wp\/v2\/categories?post=7950"},{"taxonomy":"post_tag","embeddable":true,"href":"https:\/\/mulder-hardenberg.com\/de\/wp-json\/wp\/v2\/tags?post=7950"}],"curies":[{"name":"wp","href":"https:\/\/api.w.org\/{rel}","templated":true}]}}