{"id":7942,"date":"2022-12-08T16:28:33","date_gmt":"2022-12-08T14:28:33","guid":{"rendered":"https:\/\/mulder-hardenberg.com\/zweigstelle\/rechenzentren-serverraeume\/"},"modified":"2025-08-26T12:16:45","modified_gmt":"2025-08-26T10:16:45","slug":"rechenzentren-serverraeume","status":"publish","type":"page","link":"https:\/\/mulder-hardenberg.com\/de\/zweigstelle\/rechenzentren-serverraeume\/","title":{"rendered":"Rechenzentren &amp; Serverr\u00e4ume"},"content":{"rendered":"<div class=\"wpb-content-wrapper\"><p>[vc_section full_width=&#8220;stretch_row&#8220; content_placement=&#8220;middle&#8220; el_class=&#8220;banner banner-small gradient gradient-blue&#8220; css=&#8220;.vc_custom_1649230259664{background-image: url(https:\/\/mulder-hardenberg.com\/wp-content\/uploads\/server_header.jpg?id=6345) !important;background-position: center !important;background-repeat: no-repeat !important;background-size: cover !important;}&#8220;][vc_row][vc_column width=&#8220;3\/5&#8243; el_class=&#8220;tablet_full_width basic_mobile_spacing&#8220;][vc_column_text el_class=&#8220;text-white&#8220;]<\/p>\n<h1>Rechenzentren &amp; Serverr\u00e4ume<\/h1>\n<p>Ihre Rechenzentren und Serverr\u00e4ume beherbergen die wertvollsten Ger\u00e4te, die die Gesch\u00e4ftskontinuit\u00e4t gew\u00e4hrleisten.[\/vc_column_text][\/vc_column][vc_column width=&#8220;2\/5&#8243;][\/vc_column][\/vc_row][\/vc_section][vc_row content_placement=&#8220;middle&#8220; el_class=&#8220;cta cta-half-bottom&#8220;][vc_column width=&#8220;3\/5&#8243;][vc_column_text]Lassen Sie sich von M-H im Bereich Rechenzentren beraten.[\/vc_column_text][\/vc_column][vc_column width=&#8220;2\/5&#8243;]<style type=\"text\/css\" data-type=\"the7_shortcodes-inline-css\">#default-btn-b012d9a5afb8bc3e02a3edddbaec4c1a.ico-right-side > i {\n  margin-right: 0px;\n  margin-left: 8px;\n}\n#default-btn-b012d9a5afb8bc3e02a3edddbaec4c1a > i {\n  margin-right: 8px;\n}<\/style><a href=\"https:\/\/mulder-hardenberg.com\/de\/kostenlose-beratung-iahmi-solutions\/\" class=\"default-btn-shortcode dt-btn dt-btn-s link-hover-off button button-primary button-full-width btn-inline-right \" id=\"default-btn-b012d9a5afb8bc3e02a3edddbaec4c1a\" title=\"Kostenlose Beratung Iahmi Solutions\"><span>Kostenlose Beratung<\/span><\/a>[\/vc_column][\/vc_row][vc_section full_width=&#8220;stretch_row&#8220; el_class=&#8220;dg-padding-mid-top&#8220;][vc_row content_placement=&#8220;top&#8220;][vc_column width=&#8220;2\/3&#8243; el_class=&#8220;tablet_full_width basic_mobile_spacing_side tablet_margin_top&#8220;][vc_column_text css=&#8220;.vc_custom_1655987540621{margin-bottom: 0px !important;}&#8220;]<ins>L\u00f6sung<\/ins><\/p>\n<h2>Rechenzentrums- und Serverraumindustrie<\/h2>\n<h3>Rechenzentrums- und Serverraumindustrie Ob in Privatbesitz oder unter der Verantwortung der Telekommunikationsgesellschaft, die Anforderungen dieser Einrichtungen sind die gleichen.<\/h3>\n<p>Ein Rechenzentrum kann nur ein paar Quadratmeter gro\u00df sein, aber auch Tausende von Quadratmetern umfassen und unterschiedliche Betriebszeiten aufweisen. Betriebszeit ist der wichtigste Faktor f\u00fcr jedes Rechenzentrum. Die Art und Weise, wie Sie Ihr Rechenzentrum entwerfen, bauen und warten, bietet Ihnen die Betriebszeit, die Sie ben\u00f6tigen. Mulder-Hardenberg kann Ihnen dabei helfen, diese Anforderungen an das Infrastrukturdesign zu erf\u00fcllen. Basierend auf den EN50173-5\/TIA942-Spezifikationen f\u00fcr den Bau eines Rechenzentrums arbeitet Mulder-Hardenberg mit Bausteinen, die Ihre Glasfaser-, Kupfer- und Netzwerkkonnektivit\u00e4t zum Laufen bringen! Datenverkehr mit hoher Datenrate l\u00e4uft in diesen engen R\u00e4umen zusammen, um Kunden hohe Datenkapazit\u00e4t und Speicherdienste bereitzustellen. Bei Mulder-Hardenberg haben wir uns auf eine Vielzahl von Produkten und L\u00f6sungen f\u00fcr eine zuverl\u00e4ssige Infrastruktur f\u00fcr den IT-Betrieb spezialisiert. Egal, ob Sie ein Rechenzentrumsingenieur sind oder f\u00fcr einen Serverraum in Ihrem Unternehmen verantwortlich sind, unsere erfahrenen Mitarbeiter verf\u00fcgen \u00fcber umfassende Kenntnisse unserer breiten Palette hochwertiger Produkte und k\u00f6nnen Ihnen bei der Entscheidung helfen, welches Produkt f\u00fcr Ihre Situation am besten geeignet ist. Unsere erfahrenen Mitarbeiter verf\u00fcgen \u00fcber umfassende Kenntnisse unserer breiten Palette hochwertiger Produkte und k\u00f6nnen Ihnen bei der Entscheidung helfen, welches Produkt f\u00fcr Ihre Situation am besten geeignet ist. Unsere One-Stop-Shopping-L\u00f6sungen bestehen aus Produkten und Dienstleistungen der folgenden Produktgruppen:<\/p>\n<ul>\n<li><span style=\"font-weight: 400;\">Zubeh\u00f6r f\u00fcr die Kabelinstallation<\/span><\/li>\n<li>Server-Racks und -Schr\u00e4nke (Optical Distribution Frames &#8211; ODFs)<\/li>\n<li><a href=\"https:\/\/mulder-hardenberg.com\/de\/loesungen\/kennzeichnung-identifikation\/\">Etiketten-, Benchtop-\/Desktop-Etikettendrucker und tragbare Etikettendrucker<\/a><\/li>\n<li><a href=\"https:\/\/mulder-hardenberg.com\/de\/loesungen\/kennzeichnung-identifikation\/\">Etiketten, Etiketten<\/a><\/li>\n<li><span style=\"font-weight: 400;\">Datenverkabelung aus Kupfer <\/span><\/li>\n<li><a href=\"https:\/\/mulder-hardenberg.com\/de\/loesungen\/glasfaser\/\">Glasfaserverkabelung<\/a><\/li>\n<li>Glasfaserwerkzeuge \/ Glasfaserwerkzeuge<\/li>\n<li>Aktive faseroptische Komponenten<\/li>\n<li>Kabel, Adapter und Zubeh\u00f6r<\/li>\n<li>Fiber to the Home (<a href=\"https:\/\/mulder-hardenberg.com\/de\/zweigstelle\/branches-fiber-to-the-home-ftth\/\">FttH<\/a>) oplossingen<\/li>\n<li>Alle Arten von <a href=\"https:\/\/mulder-hardenberg.com\/de\/fall\/kabelmanagement\/\">Kabelmanagementl\u00f6sungen<\/a><\/li>\n<li>Anschl\u00fcsse<\/li>\n<li>Verwaltung von <a href=\"https:\/\/mulder-hardenberg.com\/de\/loesungen\/glasfaser\/\">Glasfaserkabeln<\/a><\/li>\n<li>Hubs, Switches und KVM-L\u00f6sungen<\/li>\n<li><a href=\"https:\/\/mulder-hardenberg.com\/de\/loesungen\/stromversorgung-und-verteilung\/\">Stromverteilung \/ Stromversorgung und Verteilung<\/a><\/li>\n<li><a href=\"https:\/\/mulder-hardenberg.com\/de\/loesungen\/kennzeichnung-identifikation\/\">Sicherheitszeichen \/ Sicherheitsmarkierungen<\/a><\/li>\n<li>Strukturierte Verkabelungssysteme \/ Strukturierte Verkabelungssysteme<\/li>\n<li>Baugruppentr\u00e4ger \/ Subrekken<\/li>\n<li><a href=\"https:\/\/mulder-hardenberg.com\/de\/loesungen\/draht-kabelrinnen-system\/\">Drahtk\u00f6rbe, Drahtk\u00f6rbe<\/a><\/li>\n<\/ul>\n<p>In der Vergangenheit hat Mulder-Hardenberg mit vielen verschiedenen Kunden von Rechenzentren und Serverr\u00e4umen zusammengearbeitet, um sie bei ihren Herausforderungen (Erweiterungen, Bau, Installation und Austausch) zu unterst\u00fctzen. Sehen Sie sich unsere zugeh\u00f6rigen F\u00e4lle f\u00fcr einige der Projekte an, die wir f\u00fcr unsere Kunden umgesetzt haben.[\/vc_column_text][\/vc_column][vc_column width=&#8220;1\/3&#8243; el_class=&#8220;tablet_full_width&#8220; css=&#8220;.vc_custom_1631702534350{padding-bottom: 10% !important;}&#8220;]<div class=\"templatera_shortcode\"><style type=\"text\/css\" data-type=\"vc_shortcodes-custom-css\">.vc_custom_1631696251590{background-color: #ffffff !important;}.vc_custom_1726497066264{margin-top: -10% !important;margin-bottom: 0px !important;padding-top: 10% !important;padding-bottom: 0px !important;}<\/style><div class=\"vc_row wpb_row vc_row-fluid\"><div class=\"case_contact_center wpb_column vc_column_container vc_col-sm-12 vc_col-has-fill\"><div class=\"vc_column-inner vc_custom_1631696251590\"><div class=\"wpb_wrapper\"><div class=\"vc_row wpb_row vc_inner vc_row-fluid person-module\"><div class=\"wpb_column vc_column_container vc_col-sm-12\"><div class=\"vc_column-inner\"><div class=\"wpb_wrapper\">\n\t<div  class=\"wpb_single_image wpb_content_element vc_align_center  vc_custom_1726497066264\">\n\t\t\n\t\t<figure class=\"wpb_wrapper vc_figure\">\n\t\t\t<div class=\"vc_single_image-wrapper   vc_box_border_grey\"><img decoding=\"async\" width=\"300\" height=\"247\" data-src=\"https:\/\/mulder-hardenberg.com\/wp-content\/uploads\/Dokumentation-300x247.png\" class=\"vc_single_image-img attachment-medium lazyload\" alt=\"\" title=\"Dokumentation\" data-srcset=\"https:\/\/mulder-hardenberg.com\/wp-content\/uploads\/Dokumentation-300x247.png 300w, https:\/\/mulder-hardenberg.com\/wp-content\/uploads\/Dokumentation.png 638w\" data-sizes=\"(max-width: 300px) 100vw, 300px\"  data-dt-location=\"https:\/\/mulder-hardenberg.com\/de\/dokumentation\/\" src=\"data:image\/svg+xml;base64,PHN2ZyB3aWR0aD0iMSIgaGVpZ2h0PSIxIiB4bWxucz0iaHR0cDovL3d3dy53My5vcmcvMjAwMC9zdmciPjwvc3ZnPg==\" style=\"--smush-placeholder-width: 300px; --smush-placeholder-aspect-ratio: 300\/247;\" \/><\/div>\n\t\t<\/figure>\n\t<\/div>\n\n\t<div class=\"wpb_text_column wpb_content_element  text_wrapper_blue_bar\" >\n\t\t<div class=\"wpb_wrapper\">\n\t\t\t<p><strong>Dokumentation herunterladen<\/strong><br \/>\nIn der Dokumentation finden Sie alle Informationen zu Benchtop-\/Desktop-Brady-Druckern.<\/p>\n\n\t\t<\/div>\n\t<\/div>\n<style type=\"text\/css\" data-type=\"the7_shortcodes-inline-css\">#default-btn-7713092fb5eacfb485d920fb5c7e772c.ico-right-side > i {\n  margin-right: 0px;\n  margin-left: 8px;\n}\n#default-btn-7713092fb5eacfb485d920fb5c7e772c > i {\n  margin-right: 8px;\n}<\/style><div class=\"btn-align-right\"><a href=\"https:\/\/mulder-hardenberg.com\/wp-content\/uploads\/Mobile_Printer_Selection_Guide_Europe_English_MH_21-04-2022-1.pdf\" class=\"default-btn-shortcode dt-btn dt-btn-s link-hover-off ico-right-side button button-primary button-full-width button-icon download_button \" target=\"_blank\" id=\"default-btn-7713092fb5eacfb485d920fb5c7e772c\" title=\"Contact\" rel=\"noopener\"><span>Herunterladen<\/span><i class=\"icomoon-the7-font-the7-arrow-21\"><\/i><\/a><\/div><\/div><\/div><\/div><\/div><\/div><\/div><\/div><\/div><\/div>[\/vc_column][\/vc_row][vc_row equal_height=&#8220;yes&#8220; el_class=&#8220;services-row swap-on-mobile dg-padding-small-top brand-element-two-bar-right-top&#8220;][vc_column width=&#8220;1\/3&#8243; css=&#8220;.vc_custom_1649230275529{background-image: url(https:\/\/mulder-hardenberg.com\/wp-content\/uploads\/server_header.jpg?id=6345) !important;background-position: center !important;background-repeat: no-repeat !important;background-size: cover !important;}&#8220; el_class=&#8220;services_background image_overlay&#8220;][\/vc_column][vc_column width=&#8220;1\/3&#8243; el_class=&#8220;hide_mobile&#8220;][\/vc_column][vc_column width=&#8220;1\/3&#8243; el_class=&#8220;basic_mobile_spacing tablet_full_width&#8220;][vc_column_text]<ins>The Expert Approach<\/ins><\/p>\n<h2>Maschinenbau<\/h2>\n<p>Eine effiziente L\u00f6sung, \u00fcbersichtliche Infrastrukturen, sichere Verkabelung, Verwaltung und Einblick in den aktuellen Status von Anlagen, Produktionslinien und Prozessen durch einfache automatisierte Bedienung. Verbesserungen bei Sicherheit, Produktivit\u00e4t und Leistung sind an der Tagesordnung. Zeichnungen und Detailpl\u00e4ne sind in der Regel die Grundlage des Engineerings auf der Suche nach leistungsf\u00e4higen und effizienten Gesamtl\u00f6sungen. Durch die Auslegung der richtigen Komponentenzusammensetzung wird eine L\u00f6sung entwickelt, die genau passt und allen Anforderungen gerecht wird. Die L\u00f6sung wird oft in die Elektrokonstruktion integriert. Die Spezialisten von Mulder-Hardenberg setzen auf eine Gesamtl\u00f6sung, die sich nahtlos in Ihren Prozess einf\u00fcgt.[\/vc_column_text][\/vc_column][\/vc_row][\/vc_section][vc_section full_width=&#8220;stretch_row&#8220; css_animation=&#8220;fadeInUp&#8220; el_class=&#8220;bg-blue dg-padding-mid-top dg-overflow-visible brand-element-image brand-element-image-top brand-element-image-right&#8220; css=&#8220;.vc_custom_1649145401454{padding-bottom: 0px !important;}&#8220;][vc_row][vc_column width=&#8220;1\/6&#8243;][\/vc_column][vc_column width=&#8220;4\/6&#8243; el_class=&#8220;tablet_full_width&#8220;][vc_column_text el_class=&#8220;text-center&#8220;]<\/p>\n<p style=\"text-align: center;\"><ins>The Expert Approach<\/ins><\/p>\n<h2 style=\"text-align: center;\">Spezialit\u00e4ten &amp; Erlebnisse<\/h2>\n<h3 style=\"text-align: center;\">Produkte und L\u00f6sungen, die f\u00fcr die jeweiligen Anwendungen und\/oder Projekte geeignet sind.<\/h3>\n<p>Wir bei Mulder-Hardenberg haben mehrere Spezialgebiete, mit denen wir unsere Kunden in der Branche der Rechenzentrumsanschl\u00fcsse bei Projekten unterst\u00fctzen k\u00f6nnen. Unsere Produktexperten helfen Ihnen gerne bei jedem Projekt oder Problem f\u00fcr jede dieser Spezialit\u00e4ten:[\/vc_column_text][vc_empty_space][\/vc_column][vc_column width=&#8220;1\/6&#8243;][\/vc_column][\/vc_row][vc_row][vc_column][vc_basic_grid post_type=&#8220;page&#8220; max_items=&#8220;4&#8243; element_width=&#8220;3&#8243; orderby=&#8220;menu_order&#8220; order=&#8220;ASC&#8220; item=&#8220;masonryGrid_Default&#8220; initial_loading_animation=&#8220;none&#8220; grid_id=&#8220;vc_gid:1756203380517-3f6f02e6-196b-1&#8243; el_class=&#8220;solutions-post-grid&#8220; taxonomies=&#8220;59, 61, 62, 63&#8243;][\/vc_column][\/vc_row][\/vc_section]<\/p>\n<\/div>","protected":false},"excerpt":{"rendered":"<p>Rechenzentren &amp; Serverr\u00e4ume Ihre Rechenzentren und Serverr\u00e4ume beherbergen die wertvollsten Ger\u00e4te, die die Gesch\u00e4ftskontinuit\u00e4t gew\u00e4hrleisten. Lassen Sie sich von M-H im Bereich Rechenzentren beraten. L\u00f6sung Rechenzentrums- und Serverraumindustrie Rechenzentrums- und Serverraumindustrie Ob in Privatbesitz oder unter der Verantwortung der Telekommunikationsgesellschaft, die Anforderungen dieser Einrichtungen sind die gleichen. Ein Rechenzentrum kann nur ein paar Quadratmeter gro\u00df&hellip;<\/p>\n","protected":false},"author":2,"featured_media":7035,"parent":7760,"menu_order":0,"comment_status":"closed","ping_status":"closed","template":"","meta":{"inline_featured_image":false,"footnotes":"","_links_to":"","_links_to_target":""},"categories":[],"tags":[],"class_list":["post-7942","page","type-page","status-publish","has-post-thumbnail","hentry","description-off"],"yoast_head":"<!-- This site is optimized with the Yoast SEO plugin v27.5 - https:\/\/yoast.com\/product\/yoast-seo-wordpress\/ -->\n<title>Rechenzentren &amp; Serverr\u00e4ume - Mulder-Hardenberg<\/title>\n<meta name=\"robots\" content=\"index, follow, max-snippet:-1, max-image-preview:large, max-video-preview:-1\" \/>\n<link rel=\"canonical\" href=\"https:\/\/mulder-hardenberg.com\/de\/zweigstelle\/rechenzentren-serverraeume\/\" \/>\n<meta property=\"og:locale\" content=\"de_DE\" \/>\n<meta property=\"og:type\" content=\"article\" \/>\n<meta property=\"og:title\" content=\"Rechenzentren &amp; Serverr\u00e4ume - Mulder-Hardenberg\" \/>\n<meta property=\"og:url\" content=\"https:\/\/mulder-hardenberg.com\/de\/zweigstelle\/rechenzentren-serverraeume\/\" \/>\n<meta property=\"og:site_name\" content=\"Mulder-Hardenberg\" \/>\n<meta property=\"article:modified_time\" content=\"2025-08-26T10:16:45+00:00\" \/>\n<meta property=\"og:image\" content=\"https:\/\/mulder-hardenberg.com\/wp-content\/uploads\/foe_datacenters_p1.jpg\" \/>\n\t<meta property=\"og:image:width\" content=\"300\" \/>\n\t<meta property=\"og:image:height\" content=\"207\" \/>\n\t<meta property=\"og:image:type\" content=\"image\/jpeg\" \/>\n<meta name=\"twitter:card\" content=\"summary_large_image\" \/>\n<meta name=\"twitter:label1\" content=\"Gesch\u00e4tzte Lesezeit\" \/>\n\t<meta name=\"twitter:data1\" content=\"4\u00a0Minuten\" \/>\n<script type=\"application\/ld+json\" class=\"yoast-schema-graph\">{\"@context\":\"https:\\\/\\\/schema.org\",\"@graph\":[{\"@type\":\"WebPage\",\"@id\":\"https:\\\/\\\/mulder-hardenberg.com\\\/de\\\/zweigstelle\\\/rechenzentren-serverraeume\\\/\",\"url\":\"https:\\\/\\\/mulder-hardenberg.com\\\/de\\\/zweigstelle\\\/rechenzentren-serverraeume\\\/\",\"name\":\"Rechenzentren &amp; Serverr\u00e4ume - Mulder-Hardenberg\",\"isPartOf\":{\"@id\":\"https:\\\/\\\/mulder-hardenberg.com\\\/de\\\/#website\"},\"primaryImageOfPage\":{\"@id\":\"https:\\\/\\\/mulder-hardenberg.com\\\/de\\\/zweigstelle\\\/rechenzentren-serverraeume\\\/#primaryimage\"},\"image\":{\"@id\":\"https:\\\/\\\/mulder-hardenberg.com\\\/de\\\/zweigstelle\\\/rechenzentren-serverraeume\\\/#primaryimage\"},\"thumbnailUrl\":\"https:\\\/\\\/mulder-hardenberg.com\\\/wp-content\\\/uploads\\\/foe_datacenters_p1.jpg\",\"datePublished\":\"2022-12-08T14:28:33+00:00\",\"dateModified\":\"2025-08-26T10:16:45+00:00\",\"breadcrumb\":{\"@id\":\"https:\\\/\\\/mulder-hardenberg.com\\\/de\\\/zweigstelle\\\/rechenzentren-serverraeume\\\/#breadcrumb\"},\"inLanguage\":\"de\",\"potentialAction\":[{\"@type\":\"ReadAction\",\"target\":[\"https:\\\/\\\/mulder-hardenberg.com\\\/de\\\/zweigstelle\\\/rechenzentren-serverraeume\\\/\"]}]},{\"@type\":\"ImageObject\",\"inLanguage\":\"de\",\"@id\":\"https:\\\/\\\/mulder-hardenberg.com\\\/de\\\/zweigstelle\\\/rechenzentren-serverraeume\\\/#primaryimage\",\"url\":\"https:\\\/\\\/mulder-hardenberg.com\\\/wp-content\\\/uploads\\\/foe_datacenters_p1.jpg\",\"contentUrl\":\"https:\\\/\\\/mulder-hardenberg.com\\\/wp-content\\\/uploads\\\/foe_datacenters_p1.jpg\",\"width\":300,\"height\":207,\"caption\":\"Datacenters zijn volledige gebouwen die gewijd zijn aan het huisvesten, opslaan en ondersteunen van een grote hoeveelheid serverhardware en netwerkapparatuur. De ruimte in datacenters wordt vaak gedeeld door meerdere organisaties. Een serverruimte is een speciaal ontworpen en toegewezen ruimte om servers op uw eigen locatie op te slaan. Ondernemers die zich willen ontdoen van de verantwoordelijkheden die gepaard gaan met serveraanschaf, onderhoud en schaalbaarheid, kunnen nu vertrouwen op een extern datacenter. Tegelijkertijd hebben deze ontwikkelingen het onderhoud van servers ter plaatse ook gemakkelijker gemaakt en minder belastend voor de middelen. Dus welke oplossing is het beste voor uw bedrijf? Hoe beslist u of u beter af bent met een datacenterservice of een dedicated serverruimte? Natuurlijk hebben verschillende bedrijven verschillende behoeften, en wat het beste werkt voor het ene bedrijf is niet per se de beste oplossing voor een ander bedrijf.\"},{\"@type\":\"BreadcrumbList\",\"@id\":\"https:\\\/\\\/mulder-hardenberg.com\\\/de\\\/zweigstelle\\\/rechenzentren-serverraeume\\\/#breadcrumb\",\"itemListElement\":[{\"@type\":\"ListItem\",\"position\":1,\"name\":\"Home\",\"item\":\"https:\\\/\\\/mulder-hardenberg.com\\\/de\\\/\"},{\"@type\":\"ListItem\",\"position\":2,\"name\":\"Branchen\",\"item\":\"https:\\\/\\\/mulder-hardenberg.com\\\/de\\\/?page_id=7760\"},{\"@type\":\"ListItem\",\"position\":3,\"name\":\"Rechenzentren &amp; Serverr\u00e4ume\"}]},{\"@type\":\"WebSite\",\"@id\":\"https:\\\/\\\/mulder-hardenberg.com\\\/de\\\/#website\",\"url\":\"https:\\\/\\\/mulder-hardenberg.com\\\/de\\\/\",\"name\":\"Mulder-Hardenberg\",\"description\":\"\",\"publisher\":{\"@id\":\"https:\\\/\\\/mulder-hardenberg.com\\\/de\\\/#organization\"},\"potentialAction\":[{\"@type\":\"SearchAction\",\"target\":{\"@type\":\"EntryPoint\",\"urlTemplate\":\"https:\\\/\\\/mulder-hardenberg.com\\\/de\\\/?s={search_term_string}\"},\"query-input\":{\"@type\":\"PropertyValueSpecification\",\"valueRequired\":true,\"valueName\":\"search_term_string\"}}],\"inLanguage\":\"de\"},{\"@type\":\"Organization\",\"@id\":\"https:\\\/\\\/mulder-hardenberg.com\\\/de\\\/#organization\",\"name\":\"Mulder Hardenberg\",\"url\":\"https:\\\/\\\/mulder-hardenberg.com\\\/de\\\/\",\"logo\":{\"@type\":\"ImageObject\",\"inLanguage\":\"de\",\"@id\":\"https:\\\/\\\/mulder-hardenberg.com\\\/de\\\/#\\\/schema\\\/logo\\\/image\\\/\",\"url\":\"https:\\\/\\\/mulder-hardenberg.com\\\/wp-content\\\/uploads\\\/Logo-Mulder-Hardenberg-website.png\",\"contentUrl\":\"https:\\\/\\\/mulder-hardenberg.com\\\/wp-content\\\/uploads\\\/Logo-Mulder-Hardenberg-website.png\",\"width\":318,\"height\":62,\"caption\":\"Mulder Hardenberg\"},\"image\":{\"@id\":\"https:\\\/\\\/mulder-hardenberg.com\\\/de\\\/#\\\/schema\\\/logo\\\/image\\\/\"}}]}<\/script>\n<!-- \/ Yoast SEO plugin. -->","yoast_head_json":{"title":"Rechenzentren &amp; Serverr\u00e4ume - Mulder-Hardenberg","robots":{"index":"index","follow":"follow","max-snippet":"max-snippet:-1","max-image-preview":"max-image-preview:large","max-video-preview":"max-video-preview:-1"},"canonical":"https:\/\/mulder-hardenberg.com\/de\/zweigstelle\/rechenzentren-serverraeume\/","og_locale":"de_DE","og_type":"article","og_title":"Rechenzentren &amp; Serverr\u00e4ume - Mulder-Hardenberg","og_url":"https:\/\/mulder-hardenberg.com\/de\/zweigstelle\/rechenzentren-serverraeume\/","og_site_name":"Mulder-Hardenberg","article_modified_time":"2025-08-26T10:16:45+00:00","og_image":[{"width":300,"height":207,"url":"https:\/\/mulder-hardenberg.com\/wp-content\/uploads\/foe_datacenters_p1.jpg","type":"image\/jpeg"}],"twitter_card":"summary_large_image","twitter_misc":{"Gesch\u00e4tzte Lesezeit":"4\u00a0Minuten"},"schema":{"@context":"https:\/\/schema.org","@graph":[{"@type":"WebPage","@id":"https:\/\/mulder-hardenberg.com\/de\/zweigstelle\/rechenzentren-serverraeume\/","url":"https:\/\/mulder-hardenberg.com\/de\/zweigstelle\/rechenzentren-serverraeume\/","name":"Rechenzentren &amp; Serverr\u00e4ume - Mulder-Hardenberg","isPartOf":{"@id":"https:\/\/mulder-hardenberg.com\/de\/#website"},"primaryImageOfPage":{"@id":"https:\/\/mulder-hardenberg.com\/de\/zweigstelle\/rechenzentren-serverraeume\/#primaryimage"},"image":{"@id":"https:\/\/mulder-hardenberg.com\/de\/zweigstelle\/rechenzentren-serverraeume\/#primaryimage"},"thumbnailUrl":"https:\/\/mulder-hardenberg.com\/wp-content\/uploads\/foe_datacenters_p1.jpg","datePublished":"2022-12-08T14:28:33+00:00","dateModified":"2025-08-26T10:16:45+00:00","breadcrumb":{"@id":"https:\/\/mulder-hardenberg.com\/de\/zweigstelle\/rechenzentren-serverraeume\/#breadcrumb"},"inLanguage":"de","potentialAction":[{"@type":"ReadAction","target":["https:\/\/mulder-hardenberg.com\/de\/zweigstelle\/rechenzentren-serverraeume\/"]}]},{"@type":"ImageObject","inLanguage":"de","@id":"https:\/\/mulder-hardenberg.com\/de\/zweigstelle\/rechenzentren-serverraeume\/#primaryimage","url":"https:\/\/mulder-hardenberg.com\/wp-content\/uploads\/foe_datacenters_p1.jpg","contentUrl":"https:\/\/mulder-hardenberg.com\/wp-content\/uploads\/foe_datacenters_p1.jpg","width":300,"height":207,"caption":"Datacenters zijn volledige gebouwen die gewijd zijn aan het huisvesten, opslaan en ondersteunen van een grote hoeveelheid serverhardware en netwerkapparatuur. De ruimte in datacenters wordt vaak gedeeld door meerdere organisaties. Een serverruimte is een speciaal ontworpen en toegewezen ruimte om servers op uw eigen locatie op te slaan. Ondernemers die zich willen ontdoen van de verantwoordelijkheden die gepaard gaan met serveraanschaf, onderhoud en schaalbaarheid, kunnen nu vertrouwen op een extern datacenter. Tegelijkertijd hebben deze ontwikkelingen het onderhoud van servers ter plaatse ook gemakkelijker gemaakt en minder belastend voor de middelen. Dus welke oplossing is het beste voor uw bedrijf? Hoe beslist u of u beter af bent met een datacenterservice of een dedicated serverruimte? Natuurlijk hebben verschillende bedrijven verschillende behoeften, en wat het beste werkt voor het ene bedrijf is niet per se de beste oplossing voor een ander bedrijf."},{"@type":"BreadcrumbList","@id":"https:\/\/mulder-hardenberg.com\/de\/zweigstelle\/rechenzentren-serverraeume\/#breadcrumb","itemListElement":[{"@type":"ListItem","position":1,"name":"Home","item":"https:\/\/mulder-hardenberg.com\/de\/"},{"@type":"ListItem","position":2,"name":"Branchen","item":"https:\/\/mulder-hardenberg.com\/de\/?page_id=7760"},{"@type":"ListItem","position":3,"name":"Rechenzentren &amp; Serverr\u00e4ume"}]},{"@type":"WebSite","@id":"https:\/\/mulder-hardenberg.com\/de\/#website","url":"https:\/\/mulder-hardenberg.com\/de\/","name":"Mulder-Hardenberg","description":"","publisher":{"@id":"https:\/\/mulder-hardenberg.com\/de\/#organization"},"potentialAction":[{"@type":"SearchAction","target":{"@type":"EntryPoint","urlTemplate":"https:\/\/mulder-hardenberg.com\/de\/?s={search_term_string}"},"query-input":{"@type":"PropertyValueSpecification","valueRequired":true,"valueName":"search_term_string"}}],"inLanguage":"de"},{"@type":"Organization","@id":"https:\/\/mulder-hardenberg.com\/de\/#organization","name":"Mulder Hardenberg","url":"https:\/\/mulder-hardenberg.com\/de\/","logo":{"@type":"ImageObject","inLanguage":"de","@id":"https:\/\/mulder-hardenberg.com\/de\/#\/schema\/logo\/image\/","url":"https:\/\/mulder-hardenberg.com\/wp-content\/uploads\/Logo-Mulder-Hardenberg-website.png","contentUrl":"https:\/\/mulder-hardenberg.com\/wp-content\/uploads\/Logo-Mulder-Hardenberg-website.png","width":318,"height":62,"caption":"Mulder Hardenberg"},"image":{"@id":"https:\/\/mulder-hardenberg.com\/de\/#\/schema\/logo\/image\/"}}]}},"_links":{"self":[{"href":"https:\/\/mulder-hardenberg.com\/de\/wp-json\/wp\/v2\/pages\/7942","targetHints":{"allow":["GET"]}}],"collection":[{"href":"https:\/\/mulder-hardenberg.com\/de\/wp-json\/wp\/v2\/pages"}],"about":[{"href":"https:\/\/mulder-hardenberg.com\/de\/wp-json\/wp\/v2\/types\/page"}],"author":[{"embeddable":true,"href":"https:\/\/mulder-hardenberg.com\/de\/wp-json\/wp\/v2\/users\/2"}],"replies":[{"embeddable":true,"href":"https:\/\/mulder-hardenberg.com\/de\/wp-json\/wp\/v2\/comments?post=7942"}],"version-history":[{"count":10,"href":"https:\/\/mulder-hardenberg.com\/de\/wp-json\/wp\/v2\/pages\/7942\/revisions"}],"predecessor-version":[{"id":13910,"href":"https:\/\/mulder-hardenberg.com\/de\/wp-json\/wp\/v2\/pages\/7942\/revisions\/13910"}],"up":[{"embeddable":true,"href":"https:\/\/mulder-hardenberg.com\/de\/wp-json\/wp\/v2\/pages\/7760"}],"wp:featuredmedia":[{"embeddable":true,"href":"https:\/\/mulder-hardenberg.com\/de\/wp-json\/wp\/v2\/media\/7035"}],"wp:attachment":[{"href":"https:\/\/mulder-hardenberg.com\/de\/wp-json\/wp\/v2\/media?parent=7942"}],"wp:term":[{"taxonomy":"category","embeddable":true,"href":"https:\/\/mulder-hardenberg.com\/de\/wp-json\/wp\/v2\/categories?post=7942"},{"taxonomy":"post_tag","embeddable":true,"href":"https:\/\/mulder-hardenberg.com\/de\/wp-json\/wp\/v2\/tags?post=7942"}],"curies":[{"name":"wp","href":"https:\/\/api.w.org\/{rel}","templated":true}]}}