{"id":7928,"date":"2022-12-08T16:00:38","date_gmt":"2022-12-08T14:00:38","guid":{"rendered":"https:\/\/mulder-hardenberg.com\/zweigstelle\/seefahrt-offshore\/"},"modified":"2025-05-01T10:21:13","modified_gmt":"2025-05-01T08:21:13","slug":"seefahrt-offshore","status":"publish","type":"page","link":"https:\/\/mulder-hardenberg.com\/de\/zweigstelle\/seefahrt-offshore\/","title":{"rendered":"Seefahrt &amp; Offshore"},"content":{"rendered":"<div class=\"wpb-content-wrapper\"><p>[vc_section full_width=&#8220;stretch_row&#8220; content_placement=&#8220;middle&#8220; el_class=&#8220;banner banner-small gradient gradient-blue&#8220; css=&#8220;.vc_custom_1649231045215{background-image: url(https:\/\/mulder-hardenberg.com\/wp-content\/uploads\/mariteim_header.jpg?id=6359) !important;background-position: center !important;background-repeat: no-repeat !important;background-size: cover !important;}&#8220;][vc_row][vc_column width=&#8220;3\/5&#8243; el_class=&#8220;tablet_full_width basic_mobile_spacing&#8220;][vc_column_text el_class=&#8220;text-white&#8220;]<\/p>\n<h1>Seefahrt &amp; Offshore<\/h1>\n<p>Der maritime Sektor ist entscheidend f\u00fcr die soziale und wirtschaftliche Entwicklung. Der maritime Sektor ist eine industrielle Kette von Werften, Zulieferern, Verwaltern und der Offshore-Industrie.[\/vc_column_text][\/vc_column][vc_column width=&#8220;2\/5&#8243;][\/vc_column][\/vc_row][\/vc_section][vc_row content_placement=&#8220;middle&#8220; el_class=&#8220;cta cta-half-bottom&#8220;][vc_column width=&#8220;3\/5&#8243;][vc_column_text]Lassen Sie sich von M-H im Bereich Maritim &amp; Offshore beraten.[\/vc_column_text][\/vc_column][vc_column width=&#8220;2\/5&#8243;]<style type=\"text\/css\" data-type=\"the7_shortcodes-inline-css\">#default-btn-869a6f46cd4957cb3963d0bc72b36b23.ico-right-side > i {\n  margin-right: 0px;\n  margin-left: 8px;\n}\n#default-btn-869a6f46cd4957cb3963d0bc72b36b23 > i {\n  margin-right: 8px;\n}<\/style><a href=\"https:\/\/mulder-hardenberg.com\/de\/kostenlose-beratung\/\" class=\"default-btn-shortcode dt-btn dt-btn-s link-hover-off button button-primary button-full-width btn-inline-right \" id=\"default-btn-869a6f46cd4957cb3963d0bc72b36b23\"><span>Kostenlose Beratung<\/span><\/a>[\/vc_column][\/vc_row][vc_section full_width=&#8220;stretch_row&#8220; el_class=&#8220;dg-padding-mid-top&#8220;][vc_row content_placement=&#8220;top&#8220;][vc_column width=&#8220;2\/3&#8243; el_class=&#8220;tablet_full_width basic_mobile_spacing_side tablet_margin_top&#8220;][vc_column_text css=&#8220;.vc_custom_1656077938043{margin-bottom: 0px !important;}&#8220;]<ins>L\u00f6sung<\/ins><\/p>\n<h2>Maritime &amp; Offshore-Industrie<\/h2>\n<h3>Diese Branche ist ein Begriff, der ein breites Spektrum von Organisationen und Unternehmen umfasst, die an Design, Entwicklung, Herstellung und Verkauf von Schiffs- und Offshore-Artikeln und -Projekten beteiligt sind. Sie ist einer der umsatzst\u00e4rksten Wirtschaftszweige und ein sehr wichtiger Zulieferer der maritimen Branche.<\/h3>\n<p>Bei Mulder-Hardenberg sind wir auf eine Vielzahl von Produkten und L\u00f6sungen f\u00fcr den maritimen Sektor spezialisiert. Unsere erfahrenen Mitarbeiter verf\u00fcgen \u00fcber umfassende Kenntnisse unserer breiten Palette hochwertiger Produkte und k\u00f6nnen Ihnen bei der Auswahl des besten Produkts f\u00fcr Ihre Situation behilflich sein. Auf Wunsch helfen wir Ihnen bei der Anpassung unserer Produkte, um zu kundenspezifischen L\u00f6sungen zu gelangen. Unsere L\u00f6sungen bestehen aus Produkten und Dienstleistungen in den folgenden Produktgruppen:<\/p>\n<ul>\n<li>Benchtop-Etikettendrucker<\/li>\n<li>Kabelinstallationszubeh\u00f6r<\/li>\n<li>Anzeigen<\/li>\n<li>Ethernet I\/O und SNAP PACs<\/li>\n<li>I\/O f\u00fcr Allen Bradley<\/li>\n<li>Industrie-PCs<\/li>\n<li>Tastaturen<\/li>\n<li>Etiketten<\/li>\n<li>Lockout-Tagout<\/li>\n<li>Panel-PCs<\/li>\n<li>Zeigeger\u00e4te<\/li>\n<li>Tragbare Etikettendrucker<\/li>\n<li>Sicherheitszeichen<\/li>\n<li>Drahtwannen<\/li>\n<\/ul>\n<p>[\/vc_column_text][\/vc_column][vc_column width=&#8220;1\/3&#8243; el_class=&#8220;tablet_full_width&#8220; css=&#8220;.vc_custom_1631702534350{padding-bottom: 10% !important;}&#8220;]<div class=\"templatera_shortcode\"><style type=\"text\/css\" data-type=\"vc_shortcodes-custom-css\">.vc_custom_1631696251590{background-color: #ffffff !important;}<\/style><div class=\"vc_row wpb_row vc_row-fluid\"><div class=\"case_contact_center wpb_column vc_column_container vc_col-sm-12 vc_col-has-fill\"><div class=\"vc_column-inner vc_custom_1631696251590\"><div class=\"wpb_wrapper\"><div class=\"vc_row wpb_row vc_inner vc_row-fluid person-module\"><div class=\"wpb_column vc_column_container vc_col-sm-12\"><div class=\"vc_column-inner\"><div class=\"wpb_wrapper\">\n\t<div class=\"wpb_text_column wpb_content_element  text_wrapper_blue_bar\" >\n\t\t<div class=\"wpb_wrapper\">\n\t\t\t<p><strong>Wir helfen Ihnen gerne weiter!<\/strong><\/p>\n<p>Haben Sie Fragen oder ben\u00f6tigen Sie weitere Informationen? Dann wenden Sie sich an einen der Spezialisten bei Mulder-Hardenberg.<\/p>\n\n\t\t<\/div>\n\t<\/div>\n<style type=\"text\/css\" data-type=\"the7_shortcodes-inline-css\">#default-btn-d4ea1447313945a5d5670df87ca08727.ico-right-side > i {\n  margin-right: 0px;\n  margin-left: 8px;\n}\n#default-btn-d4ea1447313945a5d5670df87ca08727 > i {\n  margin-right: 8px;\n}<\/style><a href=\"\/de\/kontakt\" class=\"default-btn-shortcode dt-btn dt-btn-s link-hover-off ico-right-side button button-primary button-full-width button-icon dg-button--german btn-inline-left \" id=\"default-btn-d4ea1447313945a5d5670df87ca08727\" title=\"Contact\"><span>Kontaktieren Sie uns umgehend<\/span><i class=\"icomoon-the7-font-the7-arrow-21\"><\/i><\/a><\/div><\/div><\/div><\/div><\/div><\/div><\/div><\/div>\r\n<\/div>[\/vc_column][\/vc_row][vc_row equal_height=&#8220;yes&#8220; el_class=&#8220;services-row swap-on-mobile dg-padding-small-top brand-element-two-bar-right-top&#8220;][vc_column width=&#8220;1\/3&#8243; css=&#8220;.vc_custom_1656078526583{background-image: url(https:\/\/mulder-hardenberg.com\/wp-content\/uploads\/Build-you-own-training-centre-Benefits-of-Simwave-versus-your-own-simulator.jpeg?id=997) !important;background-position: center !important;background-repeat: no-repeat !important;background-size: cover !important;}&#8220; el_class=&#8220;services_background image_overlay&#8220;][\/vc_column][vc_column width=&#8220;1\/3&#8243; el_class=&#8220;hide_mobile&#8220;][\/vc_column][vc_column width=&#8220;1\/3&#8243; el_class=&#8220;basic_mobile_spacing tablet_full_width&#8220;][vc_column_text css=&#8220;&#8220;]<ins>Der Expertenansatz<\/ins><\/p>\n<h2>Engineering<\/h2>\n<p>Eine effiziente L\u00f6sung, \u00fcbersichtliche Infrastrukturen, sichere Verkabelung, Verwaltung und Einblick in den aktuellen Status von Anlagen, Produktionslinien und Prozessen durch einfache automatisierte Bedienung. Verbesserungen bei Sicherheit, Produktivit\u00e4t und Leistung sind an der Tagesordnung. Zeichnungen und Detailpl\u00e4ne sind in der Regel die Grundlage des Engineerings auf der Suche nach leistungsf\u00e4higen und effizienten Gesamtl\u00f6sungen. Durch die Auslegung der richtigen Komponentenzusammensetzung wird eine L\u00f6sung entwickelt, die genau passt und allen Anforderungen gerecht wird. Die L\u00f6sung wird oft in die Elektrokonstruktion integriert. Die Spezialisten von Mulder-Hardenberg setzen auf eine Gesamtl\u00f6sung, die sich nahtlos in Ihren Prozess einf\u00fcgt.[\/vc_column_text][\/vc_column][\/vc_row][\/vc_section][vc_section full_width=&#8220;stretch_row&#8220; css_animation=&#8220;fadeInUp&#8220; el_class=&#8220;bg-blue dg-padding-mid-top dg-overflow-visible brand-element-image brand-element-image-top brand-element-image-right&#8220; css=&#8220;.vc_custom_1649145401454{padding-bottom: 0px !important;}&#8220;][vc_row][vc_column width=&#8220;1\/6&#8243;][\/vc_column][vc_column width=&#8220;4\/6&#8243; el_class=&#8220;tablet_full_width&#8220;][vc_column_text el_class=&#8220;text-center&#8220;]<\/p>\n<p style=\"text-align: center;\"><ins>Der Expertenansatz<\/ins><\/p>\n<h2 style=\"text-align: center;\">Spezialit\u00e4ten &amp; Erlebnisse<\/h2>\n<h3 style=\"text-align: center;\">Produkte und L\u00f6sungen, die f\u00fcr die jeweiligen Anwendungen und\/oder Projekte geeignet sind.<\/h3>\n<p style=\"text-align: center;\">Bei Mulder-Hardenberg haben wir mehrere Spezialgebiete, die unsere Kunden in der maritimen Offshore-Industrie bei Projekten unterst\u00fctzen k\u00f6nnen. Voor elk van deze specialiteiten helpen onze productexperts graag met elk project of vraagstuk dat er ligt.<\/p>\n<p>[\/vc_column_text][vc_empty_space][\/vc_column][vc_column width=&#8220;1\/6&#8243;][\/vc_column][\/vc_row][vc_row][vc_column][vc_basic_grid post_type=&#8220;page&#8220; max_items=&#8220;3&#8243; orderby=&#8220;menu_order&#8220; order=&#8220;ASC&#8220; item=&#8220;masonryGrid_Default&#8220; initial_loading_animation=&#8220;none&#8220; grid_id=&#8220;vc_gid:1746087618092-705ef762-5754-9&#8243; el_class=&#8220;solutions-post-grid&#8220; taxonomies=&#8220;42, 88, 100&#8243;][\/vc_column][\/vc_row][\/vc_section]<\/p>\n<\/div>","protected":false},"excerpt":{"rendered":"<p>Seefahrt &amp; Offshore Der maritime Sektor ist entscheidend f\u00fcr die soziale und wirtschaftliche Entwicklung. Der maritime Sektor ist eine industrielle Kette von Werften, Zulieferern, Verwaltern und der Offshore-Industrie. Lassen Sie sich von M-H im Bereich Maritim &amp; Offshore beraten. L\u00f6sung Maritime &amp; Offshore-Industrie Diese Branche ist ein Begriff, der ein breites Spektrum von Organisationen und&hellip;<\/p>\n","protected":false},"author":2,"featured_media":7229,"parent":7760,"menu_order":0,"comment_status":"closed","ping_status":"closed","template":"","meta":{"inline_featured_image":false,"footnotes":"","_links_to":"","_links_to_target":""},"categories":[],"tags":[],"class_list":["post-7928","page","type-page","status-publish","has-post-thumbnail","hentry","description-off"],"yoast_head":"<!-- This site is optimized with the Yoast SEO plugin v27.3 - https:\/\/yoast.com\/product\/yoast-seo-wordpress\/ -->\n<title>Seefahrt &amp; Offshore - Mulder-Hardenberg<\/title>\n<meta name=\"description\" content=\"Mulder-Hardenberg verf\u00fcgt \u00fcber verschiedene Spezialgebiete, die unseren maritimen Kunden bei ihren Projekten helfen k\u00f6nnen. Wir haben Produktexperten f\u00fcr jede Spezialit\u00e4t, die Ihnen gerne bei einem Projekt helfen und alle Ihre Fragen beantworten.\" \/>\n<meta name=\"robots\" content=\"index, follow, max-snippet:-1, max-image-preview:large, max-video-preview:-1\" \/>\n<link rel=\"canonical\" href=\"https:\/\/mulder-hardenberg.com\/de\/zweigstelle\/seefahrt-offshore\/\" \/>\n<meta property=\"og:locale\" content=\"de_DE\" \/>\n<meta property=\"og:type\" content=\"article\" \/>\n<meta property=\"og:title\" content=\"Seefahrt &amp; Offshore - Mulder-Hardenberg\" \/>\n<meta property=\"og:description\" content=\"Mulder-Hardenberg verf\u00fcgt \u00fcber verschiedene Spezialgebiete, die unseren maritimen Kunden bei ihren Projekten helfen k\u00f6nnen. Wir haben Produktexperten f\u00fcr jede Spezialit\u00e4t, die Ihnen gerne bei einem Projekt helfen und alle Ihre Fragen beantworten.\" \/>\n<meta property=\"og:url\" content=\"https:\/\/mulder-hardenberg.com\/de\/zweigstelle\/seefahrt-offshore\/\" \/>\n<meta property=\"og:site_name\" content=\"Mulder-Hardenberg\" \/>\n<meta property=\"article:modified_time\" content=\"2025-05-01T08:21:13+00:00\" \/>\n<meta property=\"og:image\" content=\"https:\/\/mulder-hardenberg.com\/wp-content\/uploads\/foe_maritime_p2.jpg\" \/>\n\t<meta property=\"og:image:width\" content=\"300\" \/>\n\t<meta property=\"og:image:height\" content=\"209\" \/>\n\t<meta property=\"og:image:type\" content=\"image\/jpeg\" \/>\n<meta name=\"twitter:card\" content=\"summary_large_image\" \/>\n<meta name=\"twitter:label1\" content=\"Gesch\u00e4tzte Lesezeit\" \/>\n\t<meta name=\"twitter:data1\" content=\"3\u00a0Minuten\" \/>\n<script type=\"application\/ld+json\" class=\"yoast-schema-graph\">{\"@context\":\"https:\\\/\\\/schema.org\",\"@graph\":[{\"@type\":\"WebPage\",\"@id\":\"https:\\\/\\\/mulder-hardenberg.com\\\/de\\\/zweigstelle\\\/seefahrt-offshore\\\/\",\"url\":\"https:\\\/\\\/mulder-hardenberg.com\\\/de\\\/zweigstelle\\\/seefahrt-offshore\\\/\",\"name\":\"Seefahrt &amp; Offshore - Mulder-Hardenberg\",\"isPartOf\":{\"@id\":\"https:\\\/\\\/mulder-hardenberg.com\\\/de\\\/#website\"},\"primaryImageOfPage\":{\"@id\":\"https:\\\/\\\/mulder-hardenberg.com\\\/de\\\/zweigstelle\\\/seefahrt-offshore\\\/#primaryimage\"},\"image\":{\"@id\":\"https:\\\/\\\/mulder-hardenberg.com\\\/de\\\/zweigstelle\\\/seefahrt-offshore\\\/#primaryimage\"},\"thumbnailUrl\":\"https:\\\/\\\/mulder-hardenberg.com\\\/wp-content\\\/uploads\\\/foe_maritime_p2.jpg\",\"datePublished\":\"2022-12-08T14:00:38+00:00\",\"dateModified\":\"2025-05-01T08:21:13+00:00\",\"description\":\"Mulder-Hardenberg verf\u00fcgt \u00fcber verschiedene Spezialgebiete, die unseren maritimen Kunden bei ihren Projekten helfen k\u00f6nnen. Wir haben Produktexperten f\u00fcr jede Spezialit\u00e4t, die Ihnen gerne bei einem Projekt helfen und alle Ihre Fragen beantworten.\",\"breadcrumb\":{\"@id\":\"https:\\\/\\\/mulder-hardenberg.com\\\/de\\\/zweigstelle\\\/seefahrt-offshore\\\/#breadcrumb\"},\"inLanguage\":\"de\",\"potentialAction\":[{\"@type\":\"ReadAction\",\"target\":[\"https:\\\/\\\/mulder-hardenberg.com\\\/de\\\/zweigstelle\\\/seefahrt-offshore\\\/\"]}]},{\"@type\":\"ImageObject\",\"inLanguage\":\"de\",\"@id\":\"https:\\\/\\\/mulder-hardenberg.com\\\/de\\\/zweigstelle\\\/seefahrt-offshore\\\/#primaryimage\",\"url\":\"https:\\\/\\\/mulder-hardenberg.com\\\/wp-content\\\/uploads\\\/foe_maritime_p2.jpg\",\"contentUrl\":\"https:\\\/\\\/mulder-hardenberg.com\\\/wp-content\\\/uploads\\\/foe_maritime_p2.jpg\",\"width\":300,\"height\":209},{\"@type\":\"BreadcrumbList\",\"@id\":\"https:\\\/\\\/mulder-hardenberg.com\\\/de\\\/zweigstelle\\\/seefahrt-offshore\\\/#breadcrumb\",\"itemListElement\":[{\"@type\":\"ListItem\",\"position\":1,\"name\":\"Home\",\"item\":\"https:\\\/\\\/mulder-hardenberg.com\\\/de\\\/\"},{\"@type\":\"ListItem\",\"position\":2,\"name\":\"Branchen\",\"item\":\"https:\\\/\\\/mulder-hardenberg.com\\\/de\\\/?page_id=7760\"},{\"@type\":\"ListItem\",\"position\":3,\"name\":\"Seefahrt &amp; Offshore\"}]},{\"@type\":\"WebSite\",\"@id\":\"https:\\\/\\\/mulder-hardenberg.com\\\/de\\\/#website\",\"url\":\"https:\\\/\\\/mulder-hardenberg.com\\\/de\\\/\",\"name\":\"Mulder-Hardenberg\",\"description\":\"\",\"publisher\":{\"@id\":\"https:\\\/\\\/mulder-hardenberg.com\\\/de\\\/#organization\"},\"potentialAction\":[{\"@type\":\"SearchAction\",\"target\":{\"@type\":\"EntryPoint\",\"urlTemplate\":\"https:\\\/\\\/mulder-hardenberg.com\\\/de\\\/?s={search_term_string}\"},\"query-input\":{\"@type\":\"PropertyValueSpecification\",\"valueRequired\":true,\"valueName\":\"search_term_string\"}}],\"inLanguage\":\"de\"},{\"@type\":\"Organization\",\"@id\":\"https:\\\/\\\/mulder-hardenberg.com\\\/de\\\/#organization\",\"name\":\"Mulder Hardenberg\",\"url\":\"https:\\\/\\\/mulder-hardenberg.com\\\/de\\\/\",\"logo\":{\"@type\":\"ImageObject\",\"inLanguage\":\"de\",\"@id\":\"https:\\\/\\\/mulder-hardenberg.com\\\/de\\\/#\\\/schema\\\/logo\\\/image\\\/\",\"url\":\"https:\\\/\\\/mulder-hardenberg.com\\\/wp-content\\\/uploads\\\/Logo-Mulder-Hardenberg-website.png\",\"contentUrl\":\"https:\\\/\\\/mulder-hardenberg.com\\\/wp-content\\\/uploads\\\/Logo-Mulder-Hardenberg-website.png\",\"width\":318,\"height\":62,\"caption\":\"Mulder Hardenberg\"},\"image\":{\"@id\":\"https:\\\/\\\/mulder-hardenberg.com\\\/de\\\/#\\\/schema\\\/logo\\\/image\\\/\"}}]}<\/script>\n<!-- \/ Yoast SEO plugin. -->","yoast_head_json":{"title":"Seefahrt &amp; Offshore - Mulder-Hardenberg","description":"Mulder-Hardenberg verf\u00fcgt \u00fcber verschiedene Spezialgebiete, die unseren maritimen Kunden bei ihren Projekten helfen k\u00f6nnen. Wir haben Produktexperten f\u00fcr jede Spezialit\u00e4t, die Ihnen gerne bei einem Projekt helfen und alle Ihre Fragen beantworten.","robots":{"index":"index","follow":"follow","max-snippet":"max-snippet:-1","max-image-preview":"max-image-preview:large","max-video-preview":"max-video-preview:-1"},"canonical":"https:\/\/mulder-hardenberg.com\/de\/zweigstelle\/seefahrt-offshore\/","og_locale":"de_DE","og_type":"article","og_title":"Seefahrt &amp; Offshore - Mulder-Hardenberg","og_description":"Mulder-Hardenberg verf\u00fcgt \u00fcber verschiedene Spezialgebiete, die unseren maritimen Kunden bei ihren Projekten helfen k\u00f6nnen. Wir haben Produktexperten f\u00fcr jede Spezialit\u00e4t, die Ihnen gerne bei einem Projekt helfen und alle Ihre Fragen beantworten.","og_url":"https:\/\/mulder-hardenberg.com\/de\/zweigstelle\/seefahrt-offshore\/","og_site_name":"Mulder-Hardenberg","article_modified_time":"2025-05-01T08:21:13+00:00","og_image":[{"width":300,"height":209,"url":"https:\/\/mulder-hardenberg.com\/wp-content\/uploads\/foe_maritime_p2.jpg","type":"image\/jpeg"}],"twitter_card":"summary_large_image","twitter_misc":{"Gesch\u00e4tzte Lesezeit":"3\u00a0Minuten"},"schema":{"@context":"https:\/\/schema.org","@graph":[{"@type":"WebPage","@id":"https:\/\/mulder-hardenberg.com\/de\/zweigstelle\/seefahrt-offshore\/","url":"https:\/\/mulder-hardenberg.com\/de\/zweigstelle\/seefahrt-offshore\/","name":"Seefahrt &amp; Offshore - Mulder-Hardenberg","isPartOf":{"@id":"https:\/\/mulder-hardenberg.com\/de\/#website"},"primaryImageOfPage":{"@id":"https:\/\/mulder-hardenberg.com\/de\/zweigstelle\/seefahrt-offshore\/#primaryimage"},"image":{"@id":"https:\/\/mulder-hardenberg.com\/de\/zweigstelle\/seefahrt-offshore\/#primaryimage"},"thumbnailUrl":"https:\/\/mulder-hardenberg.com\/wp-content\/uploads\/foe_maritime_p2.jpg","datePublished":"2022-12-08T14:00:38+00:00","dateModified":"2025-05-01T08:21:13+00:00","description":"Mulder-Hardenberg verf\u00fcgt \u00fcber verschiedene Spezialgebiete, die unseren maritimen Kunden bei ihren Projekten helfen k\u00f6nnen. Wir haben Produktexperten f\u00fcr jede Spezialit\u00e4t, die Ihnen gerne bei einem Projekt helfen und alle Ihre Fragen beantworten.","breadcrumb":{"@id":"https:\/\/mulder-hardenberg.com\/de\/zweigstelle\/seefahrt-offshore\/#breadcrumb"},"inLanguage":"de","potentialAction":[{"@type":"ReadAction","target":["https:\/\/mulder-hardenberg.com\/de\/zweigstelle\/seefahrt-offshore\/"]}]},{"@type":"ImageObject","inLanguage":"de","@id":"https:\/\/mulder-hardenberg.com\/de\/zweigstelle\/seefahrt-offshore\/#primaryimage","url":"https:\/\/mulder-hardenberg.com\/wp-content\/uploads\/foe_maritime_p2.jpg","contentUrl":"https:\/\/mulder-hardenberg.com\/wp-content\/uploads\/foe_maritime_p2.jpg","width":300,"height":209},{"@type":"BreadcrumbList","@id":"https:\/\/mulder-hardenberg.com\/de\/zweigstelle\/seefahrt-offshore\/#breadcrumb","itemListElement":[{"@type":"ListItem","position":1,"name":"Home","item":"https:\/\/mulder-hardenberg.com\/de\/"},{"@type":"ListItem","position":2,"name":"Branchen","item":"https:\/\/mulder-hardenberg.com\/de\/?page_id=7760"},{"@type":"ListItem","position":3,"name":"Seefahrt &amp; Offshore"}]},{"@type":"WebSite","@id":"https:\/\/mulder-hardenberg.com\/de\/#website","url":"https:\/\/mulder-hardenberg.com\/de\/","name":"Mulder-Hardenberg","description":"","publisher":{"@id":"https:\/\/mulder-hardenberg.com\/de\/#organization"},"potentialAction":[{"@type":"SearchAction","target":{"@type":"EntryPoint","urlTemplate":"https:\/\/mulder-hardenberg.com\/de\/?s={search_term_string}"},"query-input":{"@type":"PropertyValueSpecification","valueRequired":true,"valueName":"search_term_string"}}],"inLanguage":"de"},{"@type":"Organization","@id":"https:\/\/mulder-hardenberg.com\/de\/#organization","name":"Mulder Hardenberg","url":"https:\/\/mulder-hardenberg.com\/de\/","logo":{"@type":"ImageObject","inLanguage":"de","@id":"https:\/\/mulder-hardenberg.com\/de\/#\/schema\/logo\/image\/","url":"https:\/\/mulder-hardenberg.com\/wp-content\/uploads\/Logo-Mulder-Hardenberg-website.png","contentUrl":"https:\/\/mulder-hardenberg.com\/wp-content\/uploads\/Logo-Mulder-Hardenberg-website.png","width":318,"height":62,"caption":"Mulder Hardenberg"},"image":{"@id":"https:\/\/mulder-hardenberg.com\/de\/#\/schema\/logo\/image\/"}}]}},"_links":{"self":[{"href":"https:\/\/mulder-hardenberg.com\/de\/wp-json\/wp\/v2\/pages\/7928","targetHints":{"allow":["GET"]}}],"collection":[{"href":"https:\/\/mulder-hardenberg.com\/de\/wp-json\/wp\/v2\/pages"}],"about":[{"href":"https:\/\/mulder-hardenberg.com\/de\/wp-json\/wp\/v2\/types\/page"}],"author":[{"embeddable":true,"href":"https:\/\/mulder-hardenberg.com\/de\/wp-json\/wp\/v2\/users\/2"}],"replies":[{"embeddable":true,"href":"https:\/\/mulder-hardenberg.com\/de\/wp-json\/wp\/v2\/comments?post=7928"}],"version-history":[{"count":4,"href":"https:\/\/mulder-hardenberg.com\/de\/wp-json\/wp\/v2\/pages\/7928\/revisions"}],"predecessor-version":[{"id":13554,"href":"https:\/\/mulder-hardenberg.com\/de\/wp-json\/wp\/v2\/pages\/7928\/revisions\/13554"}],"up":[{"embeddable":true,"href":"https:\/\/mulder-hardenberg.com\/de\/wp-json\/wp\/v2\/pages\/7760"}],"wp:featuredmedia":[{"embeddable":true,"href":"https:\/\/mulder-hardenberg.com\/de\/wp-json\/wp\/v2\/media\/7229"}],"wp:attachment":[{"href":"https:\/\/mulder-hardenberg.com\/de\/wp-json\/wp\/v2\/media?parent=7928"}],"wp:term":[{"taxonomy":"category","embeddable":true,"href":"https:\/\/mulder-hardenberg.com\/de\/wp-json\/wp\/v2\/categories?post=7928"},{"taxonomy":"post_tag","embeddable":true,"href":"https:\/\/mulder-hardenberg.com\/de\/wp-json\/wp\/v2\/tags?post=7928"}],"curies":[{"name":"wp","href":"https:\/\/api.w.org\/{rel}","templated":true}]}}