{"id":7919,"date":"2022-12-08T15:47:09","date_gmt":"2022-12-08T13:47:09","guid":{"rendered":"https:\/\/mulder-hardenberg.com\/zweigstelle\/oel-gas-energie\/"},"modified":"2022-12-15T16:39:16","modified_gmt":"2022-12-15T14:39:16","slug":"oel-gas-energie","status":"publish","type":"page","link":"https:\/\/mulder-hardenberg.com\/de\/zweigstelle\/oel-gas-energie\/","title":{"rendered":"\u00d6l &amp; Gas \u2013 Energie"},"content":{"rendered":"<div class=\"wpb-content-wrapper\"><p>[vc_section full_width=&#8220;stretch_row&#8220; content_placement=&#8220;middle&#8220; el_class=&#8220;banner banner-small gradient gradient-blue&#8220; css=&#8220;.vc_custom_1649230771558{background-image: url(https:\/\/mulder-hardenberg.com\/wp-content\/uploads\/refinery_header.jpg?id=6352) !important;background-position: center !important;background-repeat: no-repeat !important;background-size: cover !important;}&#8220;][vc_row][vc_column width=&#8220;3\/5&#8243; el_class=&#8220;tablet_full_width basic_mobile_spacing&#8220;][vc_column_text el_class=&#8220;text-white&#8220;]<\/p>\n<h1>\u00d6l &amp; Gas \u2013 Energie<\/h1>\n<p>Die Energiewirtschaft ist die Summe aller Branchen, die an der Erzeugung und dem Verkauf von Energie beteiligt sind, einschlie\u00dflich der Stromerzeugung, -herstellung, -veredelung und -verteilung. Unsere modernen Volkswirtschaften verbrauchen gro\u00dfe Mengen an Kraftstoff, und die Energieindustrie ist in fast allen L\u00e4ndern ein kritischer Teil der Infrastruktur und der Erhaltung der Gesellschaft. Denken Sie bei der Energieerzeugung und -verteilung auch an die Anlagen f\u00fcr Windenergie und Solarenergie.[\/vc_column_text][\/vc_column][vc_column width=&#8220;2\/5&#8243;][\/vc_column][\/vc_row][\/vc_section][vc_row content_placement=&#8220;middle&#8220; el_class=&#8220;cta cta-half-bottom&#8220;][vc_column width=&#8220;3\/5&#8243;][vc_column_text]Lassen Sie sich von M-H im Bereich Energie beraten.[\/vc_column_text][\/vc_column][vc_column width=&#8220;2\/5&#8243;]<style type=\"text\/css\" data-type=\"the7_shortcodes-inline-css\">#default-btn-869a6f46cd4957cb3963d0bc72b36b23.ico-right-side > i {\n  margin-right: 0px;\n  margin-left: 8px;\n}\n#default-btn-869a6f46cd4957cb3963d0bc72b36b23 > i {\n  margin-right: 8px;\n}<\/style><a href=\"https:\/\/mulder-hardenberg.com\/de\/kostenlose-beratung\/\" class=\"default-btn-shortcode dt-btn dt-btn-s link-hover-off button button-primary button-full-width btn-inline-right \" id=\"default-btn-869a6f46cd4957cb3963d0bc72b36b23\"><span>Kostenlose Beratung<\/span><\/a>[\/vc_column][\/vc_row][vc_section full_width=&#8220;stretch_row&#8220; el_class=&#8220;dg-padding-mid-top&#8220;][vc_row content_placement=&#8220;top&#8220;][vc_column width=&#8220;2\/3&#8243; el_class=&#8220;tablet_full_width basic_mobile_spacing_side tablet_margin_top&#8220;][vc_column_text css=&#8220;.vc_custom_1671115153467{margin-bottom: 0px !important;}&#8220;]<ins>L\u00f6sung<\/ins><\/p>\n<h2>Energiesektor &#8211; \u00d6l &amp; Gas<\/h2>\n<h3>Die Energiewirtschaft umfasst insbesondere die folgenden Unternehmen: Erd\u00f6lindustrie, \u00d6lgesellschaften, Kernkraftindustrie, Erd\u00f6lraffinerien, Brennstofftransport, Stromerzeugung, Gasindustrie, Erdgasf\u00f6rderung, Industrie f\u00fcr erneuerbare Energien, Kohlegaserzeugung, Stromverteilung, Strom Industrie, Kohleindustrie, Unternehmen f\u00fcr alternative Energien und erneuerbare Energien, Windenergie, Wasserkraft und Solarstromerzeugung.<\/h3>\n<p>Wir bei Mulder-Hardenberg sind auf eine Vielzahl von Produkten und L\u00f6sungen f\u00fcr die Energiewirtschaft spezialisiert. Unsere erfahrenen Mitarbeiter verf\u00fcgen \u00fcber umfassende Kenntnisse unserer breiten Palette hochwertiger Produkte und k\u00f6nnen Ihnen bei der Entscheidung helfen, welches Produkt f\u00fcr Ihre Situation am besten geeignet ist. Onze ervaren medewerkers hebben uitgebreide kennis van ons brede assortiment van hoogwaardige producten en kunnen u helpen beslissen welk product het beste is voor uw situatie. Unsere L\u00f6sungen bestehen aus Produkten und Dienstleistungen in den folgenden Produktgruppen:<\/p>\n<ul>\n<li style=\"font-weight: 400;\" aria-level=\"1\"><a href=\"https:\/\/mulder-hardenberg.com\/de\/loesungen\/kennzeichnung-identifikation\/\">Benchtop-Etikettendrucker und tragbare Etikettendrucker<\/a><\/li>\n<li style=\"font-weight: 400;\" aria-level=\"1\"><span style=\"font-weight: 400;\">Zubeh\u00f6r f\u00fcr die Kabelinstallation<\/span><\/li>\n<li style=\"font-weight: 400;\" aria-level=\"1\"><a href=\"https:\/\/mulder-hardenberg.com\/de\/loesungen\/mensch-maschine-schnittstellen-hmi\/\"><span style=\"font-weight: 400;\">Displays \u2013 Monitore \u2013 Bildschirme<\/span><\/a><\/li>\n<li style=\"font-weight: 400;\" aria-level=\"1\"><span style=\"font-weight: 400;\"><a href=\"https:\/\/mulder-hardenberg.com\/de\/loesungen\/industrielle-automatisierung\/\">Glasfaserkabelmanagement, Glasfaserkabelwanne<\/a><br \/>\n<\/span><\/li>\n<li style=\"font-weight: 400;\" aria-level=\"1\"><a href=\"https:\/\/mulder-hardenberg.com\/de\/loesungen\/mensch-maschine-schnittstellen-hmi\/\"><span style=\"font-weight: 400;\">Tastaturen \/ Tastaturen und Zeigeger\u00e4te \/ Zeigeger\u00e4te<\/span><\/a><\/li>\n<li style=\"font-weight: 400;\" aria-level=\"1\"><a href=\"https:\/\/mulder-hardenberg.com\/de\/loesungen\/kennzeichnung-identifikation\/\"><span style=\"font-weight: 400;\">Tags und Etiketten<\/span><\/a><\/li>\n<li style=\"font-weight: 400;\" aria-level=\"1\"><a href=\"https:\/\/mulder-hardenberg.com\/de\/loesungen\/mensch-maschine-schnittstellen-hmi\/\"><span style=\"font-weight: 400;\">Panel-PCs<\/span><\/a><\/li>\n<li style=\"font-weight: 400;\" aria-level=\"1\"><span style=\"font-weight: 400;\"><a href=\"https:\/\/mulder-hardenberg.com\/de\/loesungen\/kennzeichnung-identifikation\/\">Sicherheitszeichen und Markierungen<\/a><br \/>\n<\/span><\/li>\n<li style=\"font-weight: 400;\" aria-level=\"1\"><a href=\"https:\/\/mulder-hardenberg.com\/de\/loesungen\/draht-kabelrinnen-system\/\"><span style=\"font-weight: 400;\">Drahtwannen<\/span><\/a><\/li>\n<\/ul>\n<p>[\/vc_column_text][\/vc_column][vc_column width=&#8220;1\/3&#8243; el_class=&#8220;tablet_full_width&#8220; css=&#8220;.vc_custom_1631702534350{padding-bottom: 10% !important;}&#8220;]<div class=\"templatera_shortcode\"><style type=\"text\/css\" data-type=\"vc_shortcodes-custom-css\">.vc_custom_1631696251590{background-color: #ffffff !important;}<\/style><div class=\"vc_row wpb_row vc_row-fluid\"><div class=\"case_contact_center wpb_column vc_column_container vc_col-sm-12 vc_col-has-fill\"><div class=\"vc_column-inner vc_custom_1631696251590\"><div class=\"wpb_wrapper\"><div class=\"vc_row wpb_row vc_inner vc_row-fluid person-module\"><div class=\"wpb_column vc_column_container vc_col-sm-12\"><div class=\"vc_column-inner\"><div class=\"wpb_wrapper\">\n\t<div class=\"wpb_text_column wpb_content_element  text_wrapper_blue_bar\" >\n\t\t<div class=\"wpb_wrapper\">\n\t\t\t<p><strong>Wir helfen Ihnen gerne weiter!<\/strong><\/p>\n<p>Haben Sie Fragen oder ben\u00f6tigen Sie weitere Informationen? Dann wenden Sie sich an einen der Spezialisten bei Mulder-Hardenberg.<\/p>\n\n\t\t<\/div>\n\t<\/div>\n<style type=\"text\/css\" data-type=\"the7_shortcodes-inline-css\">#default-btn-d4ea1447313945a5d5670df87ca08727.ico-right-side > i {\n  margin-right: 0px;\n  margin-left: 8px;\n}\n#default-btn-d4ea1447313945a5d5670df87ca08727 > i {\n  margin-right: 8px;\n}<\/style><a href=\"\/de\/kontakt\" class=\"default-btn-shortcode dt-btn dt-btn-s link-hover-off ico-right-side button button-primary button-full-width button-icon dg-button--german btn-inline-left \" id=\"default-btn-d4ea1447313945a5d5670df87ca08727\" title=\"Contact\"><span>Kontaktieren Sie uns umgehend<\/span><i class=\"icomoon-the7-font-the7-arrow-21\"><\/i><\/a><\/div><\/div><\/div><\/div><\/div><\/div><\/div><\/div>\r\n<\/div>[\/vc_column][\/vc_row][vc_row equal_height=&#8220;yes&#8220; el_class=&#8220;services-row swap-on-mobile dg-padding-small-top brand-element-two-bar-right-top&#8220;][vc_column width=&#8220;1\/3&#8243; css=&#8220;.vc_custom_1656079837906{background-image: url(https:\/\/mulder-hardenberg.com\/wp-content\/uploads\/Windmill_combi_defem-scaled.jpg?id=7235) !important;background-position: center !important;background-repeat: no-repeat !important;background-size: cover !important;}&#8220; el_class=&#8220;services_background image_overlay&#8220;][\/vc_column][vc_column width=&#8220;1\/3&#8243; el_class=&#8220;hide_mobile&#8220;][\/vc_column][vc_column width=&#8220;1\/3&#8243; el_class=&#8220;basic_mobile_spacing tablet_full_width&#8220;][vc_column_text]<ins>Der Expertenansatz<\/ins><\/p>\n<h2>Maschinenbau<\/h2>\n<p>Eine effiziente L\u00f6sung, \u00fcbersichtliche Infrastrukturen, sichere Verkabelung, Verwaltung und Einblick in den aktuellen Status von Anlagen, Produktionslinien und Prozessen durch einfache automatisierte Bedienung. Verbesserungen bei Sicherheit, Produktivit\u00e4t und Leistung sind an der Tagesordnung. Zeichnungen und Detailpl\u00e4ne sind in der Regel die Grundlage des Engineerings auf der Suche nach leistungsf\u00e4higen und effizienten Gesamtl\u00f6sungen. Durch die Auslegung der richtigen Komponentenzusammensetzung wird eine L\u00f6sung entwickelt, die genau passt und allen Anforderungen gerecht wird. Die L\u00f6sung wird oft in die Elektrokonstruktion integriert. Die Spezialisten von Mulder-Hardenberg setzen auf eine Gesamtl\u00f6sung, die sich nahtlos in Ihren Prozess einf\u00fcgt.[\/vc_column_text][\/vc_column][\/vc_row][\/vc_section][vc_section full_width=&#8220;stretch_row&#8220; css_animation=&#8220;fadeInUp&#8220; el_class=&#8220;bg-blue dg-padding-mid-top dg-overflow-visible brand-element-image brand-element-image-top brand-element-image-right&#8220; css=&#8220;.vc_custom_1649145401454{padding-bottom: 0px !important;}&#8220;][vc_row][vc_column width=&#8220;1\/6&#8243;][\/vc_column][vc_column width=&#8220;4\/6&#8243; el_class=&#8220;tablet_full_width&#8220;][vc_column_text el_class=&#8220;text-center&#8220;]<\/p>\n<p style=\"text-align: center;\"><ins>Der Expertenansatz<\/ins><\/p>\n<h2 style=\"text-align: center;\">Spezialit\u00e4ten &amp; Erlebnisse<\/h2>\n<h3 style=\"text-align: center;\">Produkte und L\u00f6sungen, die f\u00fcr die jeweiligen Anwendungen und\/oder Projekte geeignet sind.<\/h3>\n<p style=\"text-align: center;\">Bei Mulder-Hardenberg haben wir mehrere Spezialisten, die unsere Kunden im Energiesektor bei Projekten unterst\u00fctzen k\u00f6nnen. Voor elk van deze specialiteiten helpen onze productexperts graag met elk project of vraagstuk dat er ligt.<\/p>\n<p>[\/vc_column_text][vc_empty_space][\/vc_column][vc_column width=&#8220;1\/6&#8243;][\/vc_column][\/vc_row][vc_row][vc_column][vc_basic_grid post_type=&#8220;page&#8220; max_items=&#8220;4&#8243; element_width=&#8220;3&#8243; orderby=&#8220;menu_order&#8220; order=&#8220;ASC&#8220; item=&#8220;masonryGrid_Default&#8220; initial_loading_animation=&#8220;none&#8220; grid_id=&#8220;vc_gid:1671114753333-1e7c2121-537a-3&#8243; el_class=&#8220;solutions-post-grid&#8220; taxonomies=&#8220;42, 88, 100, 96&#8243;][\/vc_column][\/vc_row][\/vc_section]<\/p>\n<\/div>","protected":false},"excerpt":{"rendered":"<p>\u00d6l &amp; Gas \u2013 Energie Die Energiewirtschaft ist die Summe aller Branchen, die an der Erzeugung und dem Verkauf von Energie beteiligt sind, einschlie\u00dflich der Stromerzeugung, -herstellung, -veredelung und -verteilung. Unsere modernen Volkswirtschaften verbrauchen gro\u00dfe Mengen an Kraftstoff, und die Energieindustrie ist in fast allen L\u00e4ndern ein kritischer Teil der Infrastruktur und der Erhaltung der&hellip;<\/p>\n","protected":false},"author":2,"featured_media":6354,"parent":7760,"menu_order":0,"comment_status":"closed","ping_status":"closed","template":"","meta":{"inline_featured_image":false,"footnotes":"","_links_to":"","_links_to_target":""},"categories":[],"tags":[],"class_list":["post-7919","page","type-page","status-publish","has-post-thumbnail","hentry","description-off"],"yoast_head":"<!-- This site is optimized with the Yoast SEO plugin v27.4 - https:\/\/yoast.com\/product\/yoast-seo-wordpress\/ -->\n<title>\u00d6l &amp; Gas \u2013 Energie - Mulder-Hardenberg<\/title>\n<meta name=\"robots\" content=\"index, follow, max-snippet:-1, max-image-preview:large, max-video-preview:-1\" \/>\n<link rel=\"canonical\" href=\"https:\/\/mulder-hardenberg.com\/de\/zweigstelle\/oel-gas-energie\/\" \/>\n<meta property=\"og:locale\" content=\"de_DE\" \/>\n<meta property=\"og:type\" content=\"article\" \/>\n<meta property=\"og:title\" content=\"\u00d6l &amp; Gas \u2013 Energie - Mulder-Hardenberg\" \/>\n<meta property=\"og:url\" content=\"https:\/\/mulder-hardenberg.com\/de\/zweigstelle\/oel-gas-energie\/\" \/>\n<meta property=\"og:site_name\" content=\"Mulder-Hardenberg\" \/>\n<meta property=\"article:modified_time\" content=\"2022-12-15T14:39:16+00:00\" \/>\n<meta property=\"og:image\" content=\"https:\/\/mulder-hardenberg.com\/wp-content\/uploads\/refinery_header.jpg\" \/>\n\t<meta property=\"og:image:width\" content=\"1920\" \/>\n\t<meta property=\"og:image:height\" content=\"829\" \/>\n\t<meta property=\"og:image:type\" content=\"image\/jpeg\" \/>\n<meta name=\"twitter:card\" content=\"summary_large_image\" \/>\n<meta name=\"twitter:label1\" content=\"Gesch\u00e4tzte Lesezeit\" \/>\n\t<meta name=\"twitter:data1\" content=\"3\u00a0Minuten\" \/>\n<script type=\"application\/ld+json\" class=\"yoast-schema-graph\">{\"@context\":\"https:\\\/\\\/schema.org\",\"@graph\":[{\"@type\":\"WebPage\",\"@id\":\"https:\\\/\\\/mulder-hardenberg.com\\\/de\\\/zweigstelle\\\/oel-gas-energie\\\/\",\"url\":\"https:\\\/\\\/mulder-hardenberg.com\\\/de\\\/zweigstelle\\\/oel-gas-energie\\\/\",\"name\":\"\u00d6l &amp; Gas \u2013 Energie - Mulder-Hardenberg\",\"isPartOf\":{\"@id\":\"https:\\\/\\\/mulder-hardenberg.com\\\/de\\\/#website\"},\"primaryImageOfPage\":{\"@id\":\"https:\\\/\\\/mulder-hardenberg.com\\\/de\\\/zweigstelle\\\/oel-gas-energie\\\/#primaryimage\"},\"image\":{\"@id\":\"https:\\\/\\\/mulder-hardenberg.com\\\/de\\\/zweigstelle\\\/oel-gas-energie\\\/#primaryimage\"},\"thumbnailUrl\":\"https:\\\/\\\/mulder-hardenberg.com\\\/wp-content\\\/uploads\\\/refinery_header.jpg\",\"datePublished\":\"2022-12-08T13:47:09+00:00\",\"dateModified\":\"2022-12-15T14:39:16+00:00\",\"breadcrumb\":{\"@id\":\"https:\\\/\\\/mulder-hardenberg.com\\\/de\\\/zweigstelle\\\/oel-gas-energie\\\/#breadcrumb\"},\"inLanguage\":\"de\",\"potentialAction\":[{\"@type\":\"ReadAction\",\"target\":[\"https:\\\/\\\/mulder-hardenberg.com\\\/de\\\/zweigstelle\\\/oel-gas-energie\\\/\"]}]},{\"@type\":\"ImageObject\",\"inLanguage\":\"de\",\"@id\":\"https:\\\/\\\/mulder-hardenberg.com\\\/de\\\/zweigstelle\\\/oel-gas-energie\\\/#primaryimage\",\"url\":\"https:\\\/\\\/mulder-hardenberg.com\\\/wp-content\\\/uploads\\\/refinery_header.jpg\",\"contentUrl\":\"https:\\\/\\\/mulder-hardenberg.com\\\/wp-content\\\/uploads\\\/refinery_header.jpg\",\"width\":1920,\"height\":829},{\"@type\":\"BreadcrumbList\",\"@id\":\"https:\\\/\\\/mulder-hardenberg.com\\\/de\\\/zweigstelle\\\/oel-gas-energie\\\/#breadcrumb\",\"itemListElement\":[{\"@type\":\"ListItem\",\"position\":1,\"name\":\"Home\",\"item\":\"https:\\\/\\\/mulder-hardenberg.com\\\/de\\\/\"},{\"@type\":\"ListItem\",\"position\":2,\"name\":\"Branchen\",\"item\":\"https:\\\/\\\/mulder-hardenberg.com\\\/de\\\/?page_id=7760\"},{\"@type\":\"ListItem\",\"position\":3,\"name\":\"\u00d6l &amp; Gas \u2013 Energie\"}]},{\"@type\":\"WebSite\",\"@id\":\"https:\\\/\\\/mulder-hardenberg.com\\\/de\\\/#website\",\"url\":\"https:\\\/\\\/mulder-hardenberg.com\\\/de\\\/\",\"name\":\"Mulder-Hardenberg\",\"description\":\"\",\"publisher\":{\"@id\":\"https:\\\/\\\/mulder-hardenberg.com\\\/de\\\/#organization\"},\"potentialAction\":[{\"@type\":\"SearchAction\",\"target\":{\"@type\":\"EntryPoint\",\"urlTemplate\":\"https:\\\/\\\/mulder-hardenberg.com\\\/de\\\/?s={search_term_string}\"},\"query-input\":{\"@type\":\"PropertyValueSpecification\",\"valueRequired\":true,\"valueName\":\"search_term_string\"}}],\"inLanguage\":\"de\"},{\"@type\":\"Organization\",\"@id\":\"https:\\\/\\\/mulder-hardenberg.com\\\/de\\\/#organization\",\"name\":\"Mulder Hardenberg\",\"url\":\"https:\\\/\\\/mulder-hardenberg.com\\\/de\\\/\",\"logo\":{\"@type\":\"ImageObject\",\"inLanguage\":\"de\",\"@id\":\"https:\\\/\\\/mulder-hardenberg.com\\\/de\\\/#\\\/schema\\\/logo\\\/image\\\/\",\"url\":\"https:\\\/\\\/mulder-hardenberg.com\\\/wp-content\\\/uploads\\\/Logo-Mulder-Hardenberg-website.png\",\"contentUrl\":\"https:\\\/\\\/mulder-hardenberg.com\\\/wp-content\\\/uploads\\\/Logo-Mulder-Hardenberg-website.png\",\"width\":318,\"height\":62,\"caption\":\"Mulder Hardenberg\"},\"image\":{\"@id\":\"https:\\\/\\\/mulder-hardenberg.com\\\/de\\\/#\\\/schema\\\/logo\\\/image\\\/\"}}]}<\/script>\n<!-- \/ Yoast SEO plugin. -->","yoast_head_json":{"title":"\u00d6l &amp; Gas \u2013 Energie - Mulder-Hardenberg","robots":{"index":"index","follow":"follow","max-snippet":"max-snippet:-1","max-image-preview":"max-image-preview:large","max-video-preview":"max-video-preview:-1"},"canonical":"https:\/\/mulder-hardenberg.com\/de\/zweigstelle\/oel-gas-energie\/","og_locale":"de_DE","og_type":"article","og_title":"\u00d6l &amp; Gas \u2013 Energie - Mulder-Hardenberg","og_url":"https:\/\/mulder-hardenberg.com\/de\/zweigstelle\/oel-gas-energie\/","og_site_name":"Mulder-Hardenberg","article_modified_time":"2022-12-15T14:39:16+00:00","og_image":[{"width":1920,"height":829,"url":"https:\/\/mulder-hardenberg.com\/wp-content\/uploads\/refinery_header.jpg","type":"image\/jpeg"}],"twitter_card":"summary_large_image","twitter_misc":{"Gesch\u00e4tzte Lesezeit":"3\u00a0Minuten"},"schema":{"@context":"https:\/\/schema.org","@graph":[{"@type":"WebPage","@id":"https:\/\/mulder-hardenberg.com\/de\/zweigstelle\/oel-gas-energie\/","url":"https:\/\/mulder-hardenberg.com\/de\/zweigstelle\/oel-gas-energie\/","name":"\u00d6l &amp; Gas \u2013 Energie - Mulder-Hardenberg","isPartOf":{"@id":"https:\/\/mulder-hardenberg.com\/de\/#website"},"primaryImageOfPage":{"@id":"https:\/\/mulder-hardenberg.com\/de\/zweigstelle\/oel-gas-energie\/#primaryimage"},"image":{"@id":"https:\/\/mulder-hardenberg.com\/de\/zweigstelle\/oel-gas-energie\/#primaryimage"},"thumbnailUrl":"https:\/\/mulder-hardenberg.com\/wp-content\/uploads\/refinery_header.jpg","datePublished":"2022-12-08T13:47:09+00:00","dateModified":"2022-12-15T14:39:16+00:00","breadcrumb":{"@id":"https:\/\/mulder-hardenberg.com\/de\/zweigstelle\/oel-gas-energie\/#breadcrumb"},"inLanguage":"de","potentialAction":[{"@type":"ReadAction","target":["https:\/\/mulder-hardenberg.com\/de\/zweigstelle\/oel-gas-energie\/"]}]},{"@type":"ImageObject","inLanguage":"de","@id":"https:\/\/mulder-hardenberg.com\/de\/zweigstelle\/oel-gas-energie\/#primaryimage","url":"https:\/\/mulder-hardenberg.com\/wp-content\/uploads\/refinery_header.jpg","contentUrl":"https:\/\/mulder-hardenberg.com\/wp-content\/uploads\/refinery_header.jpg","width":1920,"height":829},{"@type":"BreadcrumbList","@id":"https:\/\/mulder-hardenberg.com\/de\/zweigstelle\/oel-gas-energie\/#breadcrumb","itemListElement":[{"@type":"ListItem","position":1,"name":"Home","item":"https:\/\/mulder-hardenberg.com\/de\/"},{"@type":"ListItem","position":2,"name":"Branchen","item":"https:\/\/mulder-hardenberg.com\/de\/?page_id=7760"},{"@type":"ListItem","position":3,"name":"\u00d6l &amp; Gas \u2013 Energie"}]},{"@type":"WebSite","@id":"https:\/\/mulder-hardenberg.com\/de\/#website","url":"https:\/\/mulder-hardenberg.com\/de\/","name":"Mulder-Hardenberg","description":"","publisher":{"@id":"https:\/\/mulder-hardenberg.com\/de\/#organization"},"potentialAction":[{"@type":"SearchAction","target":{"@type":"EntryPoint","urlTemplate":"https:\/\/mulder-hardenberg.com\/de\/?s={search_term_string}"},"query-input":{"@type":"PropertyValueSpecification","valueRequired":true,"valueName":"search_term_string"}}],"inLanguage":"de"},{"@type":"Organization","@id":"https:\/\/mulder-hardenberg.com\/de\/#organization","name":"Mulder Hardenberg","url":"https:\/\/mulder-hardenberg.com\/de\/","logo":{"@type":"ImageObject","inLanguage":"de","@id":"https:\/\/mulder-hardenberg.com\/de\/#\/schema\/logo\/image\/","url":"https:\/\/mulder-hardenberg.com\/wp-content\/uploads\/Logo-Mulder-Hardenberg-website.png","contentUrl":"https:\/\/mulder-hardenberg.com\/wp-content\/uploads\/Logo-Mulder-Hardenberg-website.png","width":318,"height":62,"caption":"Mulder Hardenberg"},"image":{"@id":"https:\/\/mulder-hardenberg.com\/de\/#\/schema\/logo\/image\/"}}]}},"_links":{"self":[{"href":"https:\/\/mulder-hardenberg.com\/de\/wp-json\/wp\/v2\/pages\/7919","targetHints":{"allow":["GET"]}}],"collection":[{"href":"https:\/\/mulder-hardenberg.com\/de\/wp-json\/wp\/v2\/pages"}],"about":[{"href":"https:\/\/mulder-hardenberg.com\/de\/wp-json\/wp\/v2\/types\/page"}],"author":[{"embeddable":true,"href":"https:\/\/mulder-hardenberg.com\/de\/wp-json\/wp\/v2\/users\/2"}],"replies":[{"embeddable":true,"href":"https:\/\/mulder-hardenberg.com\/de\/wp-json\/wp\/v2\/comments?post=7919"}],"version-history":[{"count":4,"href":"https:\/\/mulder-hardenberg.com\/de\/wp-json\/wp\/v2\/pages\/7919\/revisions"}],"predecessor-version":[{"id":8739,"href":"https:\/\/mulder-hardenberg.com\/de\/wp-json\/wp\/v2\/pages\/7919\/revisions\/8739"}],"up":[{"embeddable":true,"href":"https:\/\/mulder-hardenberg.com\/de\/wp-json\/wp\/v2\/pages\/7760"}],"wp:featuredmedia":[{"embeddable":true,"href":"https:\/\/mulder-hardenberg.com\/de\/wp-json\/wp\/v2\/media\/6354"}],"wp:attachment":[{"href":"https:\/\/mulder-hardenberg.com\/de\/wp-json\/wp\/v2\/media?parent=7919"}],"wp:term":[{"taxonomy":"category","embeddable":true,"href":"https:\/\/mulder-hardenberg.com\/de\/wp-json\/wp\/v2\/categories?post=7919"},{"taxonomy":"post_tag","embeddable":true,"href":"https:\/\/mulder-hardenberg.com\/de\/wp-json\/wp\/v2\/tags?post=7919"}],"curies":[{"name":"wp","href":"https:\/\/api.w.org\/{rel}","templated":true}]}}