{"id":7505,"date":"2022-07-06T11:20:14","date_gmt":"2022-07-06T09:20:14","guid":{"rendered":"https:\/\/mulder-hardenberg.com\/defem\/"},"modified":"2026-04-29T14:34:40","modified_gmt":"2026-04-29T12:34:40","slug":"lieferanten-defem","status":"publish","type":"page","link":"https:\/\/mulder-hardenberg.com\/de\/lieferanten-defem\/","title":{"rendered":"DEFEM"},"content":{"rendered":"<div class=\"wpb-content-wrapper\"><p>[vc_section full_width=&#8220;stretch_row&#8220; content_placement=&#8220;middle&#8220; el_class=&#8220;banner banner-small gradient gradient-blue&#8220; css=&#8220;.vc_custom_1657094277834{background-image: url(https:\/\/mulder-hardenberg.com\/wp-content\/uploads\/Defem_1x.jpg?id=7462) !important;background-position: center !important;background-repeat: no-repeat !important;background-size: cover !important;}&#8220;][vc_row][vc_column width=&#8220;3\/5&#8243; el_class=&#8220;tablet_full_width basic_mobile_spacing&#8220;][vc_column_text el_class=&#8220;text-white&#8220;]<\/p>\n<h1>DEFEM<\/h1>\n<p>DEFEM ist seit mehr als 25 Jahren der Hersteller von Kabeltragsystemen f\u00fcr Mulder-Hardenberg. Hochwertige Kabelrinne. Kabelrinnensystem f\u00fcr anspruchsvolle Kabelmanagementanwendungen.[\/vc_column_text][\/vc_column][vc_column width=&#8220;2\/5&#8243;][\/vc_column][\/vc_row][\/vc_section][vc_row content_placement=&#8220;middle&#8220; el_class=&#8220;cta cta-half-bottom&#8220;][vc_column width=&#8220;3\/5&#8243;][vc_column_text]Lassen Sie sich von M-H zu Kabelrinnen beraten.[\/vc_column_text][\/vc_column][vc_column width=&#8220;2\/5&#8243;]<style type=\"text\/css\" data-type=\"the7_shortcodes-inline-css\">#default-btn-80b74b1b969ad1a306efcc9e89ce060e.ico-right-side > i {\n  margin-right: 0px;\n  margin-left: 8px;\n}\n#default-btn-80b74b1b969ad1a306efcc9e89ce060e > i {\n  margin-right: 8px;\n}<\/style><a href=\"\/de\/kontakt\/\" class=\"default-btn-shortcode dt-btn dt-btn-s link-hover-off button button-primary button-full-width btn-inline-right \" id=\"default-btn-80b74b1b969ad1a306efcc9e89ce060e\"><span>Kostenlose Beratung<\/span><\/a>[\/vc_column][\/vc_row][vc_section full_width=&#8220;stretch_row&#8220; el_class=&#8220;dg-padding-mid-top&#8220;][vc_row content_placement=&#8220;top&#8220;][vc_column width=&#8220;2\/3&#8243; el_class=&#8220;tablet_full_width basic_mobile_spacing_side tablet_margin_top&#8220;][vc_column_text css=&#8220;.vc_custom_1777466057362{margin-bottom: 0px !important;}&#8220;]<ins>L\u00f6sung<\/ins><\/p>\n<h2>Drahtkabelrinnensystem von DEFEM<\/h2>\n<h3>Das Kabeltragsystem zeichnet sich durch h\u00f6chste Qualit\u00e4t und Spezifikationen aus und ist f\u00fcr kritische Installationen wie Industrieumgebungen, Rechenzentren, Windenergieanlagen, Kernenergieanlagen, Lebensmittel- und Getr\u00e4nkehygiene sowie OEM-Produktionsanwendungen geeignet.<\/h3>\n<p>Das Portfolio umfasst Drahtgitterbeh\u00e4lter und Metallst\u00fctzprofile. Bei Mulder-Hardenberg verf\u00fcgen die erfahrenen Mitarbeiter \u00fcber umfassende Kenntnisse des breiten Spektrums an hochwertigen Kabelmanagementprodukten und -l\u00f6sungen. Sie k\u00f6nnen dabei helfen, zu entscheiden, welches Produkt f\u00fcr die jeweilige Situation oder Anwendung am besten geeignet ist. Indien gewenst, kunnen wij helpen onze producten op maat te maken om zo klantspecifieke oplossingen te cre\u00ebren.<\/p>\n<p>DEFEM ist das st\u00e4rkste Kabelrinnensystem auf dem Markt. Das bedeutet einen l\u00e4ngeren St\u00fctzabstand und weniger Steigb\u00fcgel, Stangen, Aufh\u00e4ngungen und St\u00fctzen. Das Projekt muss termingerecht und mit m\u00f6glichst wenig Material abgeschlossen werden. Weniger Material und weniger Arbeit bedeuten geringere Projektkosten. Auf Wunsch wird das Material direkt vor Ort geliefert, ohne dass fehlende Teile nachbestellt werden m\u00fcssen, um das Projekt abzuschlie\u00dfen.<br \/>\nMit DEFEM-Kabelrinnen erhalten Sie maximale Flexibilit\u00e4t bei minimalem Materialeinsatz; manche nennen es \u201eAnwendungsfreundlichkeit\u201c, wir nennen es die perfekte Einfachheit.<\/p>\n<p>&nbsp;<\/p>\n<p><em>Lesen Sie <a href=\"https:\/\/mulder-hardenberg.com\/de\/fall\/kabelmanagement\/\" target=\"_blank\" rel=\"noopener\">hier<\/a> unsere Fallstudie zu DEFEM-Drahtwannen aus Edelstahl f\u00fcr Lebensmittelproduktionslinien.<\/em><\/p>\n<p><em>Lesen Sie <a href=\"https:\/\/mulder-hardenberg.com\/de\/loesungen\/draht-kabelrinnen-system\/\" target=\"_blank\" rel=\"noopener\">hier<\/a> mehr \u00fcber die L\u00f6sung f\u00fcr Kabelrinnen.<\/em>[\/vc_column_text][\/vc_column][vc_column width=&#8220;1\/3&#8243; el_class=&#8220;tablet_full_width&#8220; css=&#8220;.vc_custom_1631702534350{padding-bottom: 10% !important;}&#8220;]<div class=\"templatera_shortcode\"><style type=\"text\/css\" data-type=\"vc_shortcodes-custom-css\">.vc_custom_1631696251590{background-color: #ffffff !important;}<\/style><div class=\"vc_row wpb_row vc_row-fluid\"><div class=\"case_contact_center wpb_column vc_column_container vc_col-sm-12 vc_col-has-fill\"><div class=\"vc_column-inner vc_custom_1631696251590\"><div class=\"wpb_wrapper\"><div class=\"vc_row wpb_row vc_inner vc_row-fluid person-module\"><div class=\"wpb_column vc_column_container vc_col-sm-12\"><div class=\"vc_column-inner\"><div class=\"wpb_wrapper\">\n\t<div class=\"wpb_text_column wpb_content_element  text_wrapper_blue_bar\" >\n\t\t<div class=\"wpb_wrapper\">\n\t\t\t<p><strong>Wir helfen Ihnen gerne weiter!<\/strong><\/p>\n<p>Haben Sie Fragen oder ben\u00f6tigen Sie weitere Informationen? Dann wenden Sie sich an einen der Spezialisten bei Mulder-Hardenberg.<\/p>\n\n\t\t<\/div>\n\t<\/div>\n<style type=\"text\/css\" data-type=\"the7_shortcodes-inline-css\">#default-btn-d4ea1447313945a5d5670df87ca08727.ico-right-side > i {\n  margin-right: 0px;\n  margin-left: 8px;\n}\n#default-btn-d4ea1447313945a5d5670df87ca08727 > i {\n  margin-right: 8px;\n}<\/style><a href=\"\/de\/kontakt\" class=\"default-btn-shortcode dt-btn dt-btn-s link-hover-off ico-right-side button button-primary button-full-width button-icon dg-button--german btn-inline-left \" id=\"default-btn-d4ea1447313945a5d5670df87ca08727\" title=\"Contact\"><span>Kontaktieren Sie uns umgehend<\/span><i class=\"icomoon-the7-font-the7-arrow-21\"><\/i><\/a><\/div><\/div><\/div><\/div><\/div><\/div><\/div><\/div>\r\n<\/div>[\/vc_column][\/vc_row][vc_row equal_height=&#8220;yes&#8220; el_class=&#8220;services-row swap-on-mobile dg-padding-small-top brand-element-two-bar-right-top&#8220;][vc_column width=&#8220;1\/3&#8243; css=&#8220;.vc_custom_1655976907599{background-image: url(https:\/\/mulder-hardenberg.com\/wp-content\/uploads\/image009.jpg?id=4996) !important;background-position: center !important;background-repeat: no-repeat !important;background-size: cover !important;}&#8220; el_class=&#8220;services_background image_overlay&#8220;][\/vc_column][vc_column width=&#8220;1\/3&#8243; el_class=&#8220;hide_mobile&#8220;][\/vc_column][vc_column width=&#8220;1\/3&#8243; el_class=&#8220;basic_mobile_spacing tablet_full_width&#8220;][vc_column_text]<ins>The Expert Approach<\/ins><\/p>\n<h2>Maschinenbau<\/h2>\n<p>Eine effiziente L\u00f6sung, \u00fcbersichtliche Infrastrukturen, sichere Verkabelung, Verwaltung und Einblick in den aktuellen Status von Anlagen, Produktionslinien und Prozessen durch einfache automatisierte Bedienung. Verbesserungen bei Sicherheit, Produktivit\u00e4t und Leistung sind an der Tagesordnung. Zeichnungen und Detailpl\u00e4ne sind in der Regel die Grundlage des Engineerings auf der Suche nach leistungsf\u00e4higen und effizienten Gesamtl\u00f6sungen. Durch die Auslegung der richtigen Komponentenzusammensetzung wird eine L\u00f6sung entwickelt, die genau passt und allen Anforderungen gerecht wird. Die L\u00f6sung wird oft in die Elektrokonstruktion integriert. Die Spezialisten von Mulder-Hardenberg setzen auf eine Gesamtl\u00f6sung, die sich nahtlos in Ihren Prozess einf\u00fcgt.[\/vc_column_text][\/vc_column][\/vc_row][\/vc_section][vc_section full_width=&#8220;stretch_row&#8220; css_animation=&#8220;fadeInUp&#8220; el_class=&#8220;bg-blue dg-padding-mid-top dg-overflow-visible brand-element-image brand-element-image-top brand-element-image-right&#8220; css=&#8220;.vc_custom_1649145401454{padding-bottom: 0px !important;}&#8220;][vc_row][vc_column width=&#8220;1\/6&#8243;][\/vc_column][vc_column width=&#8220;4\/6&#8243; el_class=&#8220;tablet_full_width&#8220;][vc_column_text css=&#8220;&#8220; el_class=&#8220;text-center&#8220;]<\/p>\n<p style=\"text-align: center;\"><ins>The Expert Approach<\/ins><\/p>\n<h2 style=\"text-align: center;\">Spezialit\u00e4ten &amp; Erlebnisse<\/h2>\n<h3 style=\"text-align: center;\">Produkte und L\u00f6sungen, die f\u00fcr die jeweiligen Anwendungen und\/oder Projekte geeignet sind.<\/h3>\n<p style=\"text-align: center;\">Mulder-Hardenberg verf\u00fcgt \u00fcber mehrere Spezialgebiete, die Industriekunden bei Projekten unterst\u00fctzen k\u00f6nnen. Unsere Produktexperten helfen Ihnen gerne bei jedem Projekt oder Problem.<\/p>\n<p>[\/vc_column_text][vc_empty_space][\/vc_column][vc_column width=&#8220;1\/6&#8243;][\/vc_column][\/vc_row][\/vc_section]<\/p>\n<\/div>","protected":false},"excerpt":{"rendered":"<p>DEFEM DEFEM ist seit mehr als 25 Jahren der Hersteller von Kabeltragsystemen f\u00fcr Mulder-Hardenberg. Hochwertige Kabelrinne. Kabelrinnensystem f\u00fcr anspruchsvolle Kabelmanagementanwendungen. Lassen Sie sich von M-H zu Kabelrinnen beraten. L\u00f6sung Drahtkabelrinnensystem von DEFEM Das Kabeltragsystem zeichnet sich durch h\u00f6chste Qualit\u00e4t und Spezifikationen aus und ist f\u00fcr kritische Installationen wie Industrieumgebungen, Rechenzentren, Windenergieanlagen, Kernenergieanlagen, Lebensmittel- und Getr\u00e4nkehygiene&hellip;<\/p>\n","protected":false},"author":2,"featured_media":7065,"parent":0,"menu_order":0,"comment_status":"closed","ping_status":"closed","template":"","meta":{"inline_featured_image":false,"footnotes":"","_links_to":"","_links_to_target":""},"categories":[69],"tags":[],"class_list":["post-7505","page","type-page","status-publish","has-post-thumbnail","hentry","category-leveranciers-de","description-off"],"yoast_head":"<!-- This site is optimized with the Yoast SEO plugin v27.5 - https:\/\/yoast.com\/product\/yoast-seo-wordpress\/ -->\n<title>DEFEM - Mulder-Hardenberg<\/title>\n<meta name=\"description\" content=\"Mulder-Hardenberg ist seit \u00fcber 25 Jahren Hersteller von Kabeltragsystemen. Hochwertige Kabelrinne. Kabelrinnensystem f\u00fcr anspruchsvolle Kabelmanagementanwendungen.\" \/>\n<meta name=\"robots\" content=\"index, follow, max-snippet:-1, max-image-preview:large, max-video-preview:-1\" \/>\n<link rel=\"canonical\" href=\"https:\/\/mulder-hardenberg.com\/de\/lieferanten-defem\/\" \/>\n<meta property=\"og:locale\" content=\"de_DE\" \/>\n<meta property=\"og:type\" content=\"article\" \/>\n<meta property=\"og:title\" content=\"DEFEM - Mulder-Hardenberg\" \/>\n<meta property=\"og:description\" content=\"Mulder-Hardenberg ist seit \u00fcber 25 Jahren Hersteller von Kabeltragsystemen. Hochwertige Kabelrinne. Kabelrinnensystem f\u00fcr anspruchsvolle Kabelmanagementanwendungen.\" \/>\n<meta property=\"og:url\" content=\"https:\/\/mulder-hardenberg.com\/de\/lieferanten-defem\/\" \/>\n<meta property=\"og:site_name\" content=\"Mulder-Hardenberg\" \/>\n<meta property=\"article:modified_time\" content=\"2026-04-29T12:34:40+00:00\" \/>\n<meta property=\"og:image\" content=\"https:\/\/mulder-hardenberg.com\/wp-content\/uploads\/Defem_System_MH_blue-e1655891542483.jpg\" \/>\n\t<meta property=\"og:image:width\" content=\"626\" \/>\n\t<meta property=\"og:image:height\" content=\"852\" \/>\n\t<meta property=\"og:image:type\" content=\"image\/jpeg\" \/>\n<meta name=\"twitter:card\" content=\"summary_large_image\" \/>\n<meta name=\"twitter:label1\" content=\"Gesch\u00e4tzte Lesezeit\" \/>\n\t<meta name=\"twitter:data1\" content=\"3\u00a0Minuten\" \/>\n<script type=\"application\/ld+json\" class=\"yoast-schema-graph\">{\"@context\":\"https:\\\/\\\/schema.org\",\"@graph\":[{\"@type\":\"WebPage\",\"@id\":\"https:\\\/\\\/mulder-hardenberg.com\\\/de\\\/lieferanten-defem\\\/\",\"url\":\"https:\\\/\\\/mulder-hardenberg.com\\\/de\\\/lieferanten-defem\\\/\",\"name\":\"DEFEM - Mulder-Hardenberg\",\"isPartOf\":{\"@id\":\"https:\\\/\\\/mulder-hardenberg.com\\\/de\\\/#website\"},\"primaryImageOfPage\":{\"@id\":\"https:\\\/\\\/mulder-hardenberg.com\\\/de\\\/lieferanten-defem\\\/#primaryimage\"},\"image\":{\"@id\":\"https:\\\/\\\/mulder-hardenberg.com\\\/de\\\/lieferanten-defem\\\/#primaryimage\"},\"thumbnailUrl\":\"https:\\\/\\\/mulder-hardenberg.com\\\/wp-content\\\/uploads\\\/Defem_System_MH_blue-e1655891542483.jpg\",\"datePublished\":\"2022-07-06T09:20:14+00:00\",\"dateModified\":\"2026-04-29T12:34:40+00:00\",\"description\":\"Mulder-Hardenberg ist seit \u00fcber 25 Jahren Hersteller von Kabeltragsystemen. Hochwertige Kabelrinne. Kabelrinnensystem f\u00fcr anspruchsvolle Kabelmanagementanwendungen.\",\"breadcrumb\":{\"@id\":\"https:\\\/\\\/mulder-hardenberg.com\\\/de\\\/lieferanten-defem\\\/#breadcrumb\"},\"inLanguage\":\"de\",\"potentialAction\":[{\"@type\":\"ReadAction\",\"target\":[\"https:\\\/\\\/mulder-hardenberg.com\\\/de\\\/lieferanten-defem\\\/\"]}]},{\"@type\":\"ImageObject\",\"inLanguage\":\"de\",\"@id\":\"https:\\\/\\\/mulder-hardenberg.com\\\/de\\\/lieferanten-defem\\\/#primaryimage\",\"url\":\"https:\\\/\\\/mulder-hardenberg.com\\\/wp-content\\\/uploads\\\/Defem_System_MH_blue-e1655891542483.jpg\",\"contentUrl\":\"https:\\\/\\\/mulder-hardenberg.com\\\/wp-content\\\/uploads\\\/Defem_System_MH_blue-e1655891542483.jpg\",\"width\":626,\"height\":852},{\"@type\":\"BreadcrumbList\",\"@id\":\"https:\\\/\\\/mulder-hardenberg.com\\\/de\\\/lieferanten-defem\\\/#breadcrumb\",\"itemListElement\":[{\"@type\":\"ListItem\",\"position\":1,\"name\":\"Home\",\"item\":\"https:\\\/\\\/mulder-hardenberg.com\\\/de\\\/\"},{\"@type\":\"ListItem\",\"position\":2,\"name\":\"DEFEM\"}]},{\"@type\":\"WebSite\",\"@id\":\"https:\\\/\\\/mulder-hardenberg.com\\\/de\\\/#website\",\"url\":\"https:\\\/\\\/mulder-hardenberg.com\\\/de\\\/\",\"name\":\"Mulder-Hardenberg\",\"description\":\"\",\"publisher\":{\"@id\":\"https:\\\/\\\/mulder-hardenberg.com\\\/de\\\/#organization\"},\"potentialAction\":[{\"@type\":\"SearchAction\",\"target\":{\"@type\":\"EntryPoint\",\"urlTemplate\":\"https:\\\/\\\/mulder-hardenberg.com\\\/de\\\/?s={search_term_string}\"},\"query-input\":{\"@type\":\"PropertyValueSpecification\",\"valueRequired\":true,\"valueName\":\"search_term_string\"}}],\"inLanguage\":\"de\"},{\"@type\":\"Organization\",\"@id\":\"https:\\\/\\\/mulder-hardenberg.com\\\/de\\\/#organization\",\"name\":\"Mulder Hardenberg\",\"url\":\"https:\\\/\\\/mulder-hardenberg.com\\\/de\\\/\",\"logo\":{\"@type\":\"ImageObject\",\"inLanguage\":\"de\",\"@id\":\"https:\\\/\\\/mulder-hardenberg.com\\\/de\\\/#\\\/schema\\\/logo\\\/image\\\/\",\"url\":\"https:\\\/\\\/mulder-hardenberg.com\\\/wp-content\\\/uploads\\\/Logo-Mulder-Hardenberg-website.png\",\"contentUrl\":\"https:\\\/\\\/mulder-hardenberg.com\\\/wp-content\\\/uploads\\\/Logo-Mulder-Hardenberg-website.png\",\"width\":318,\"height\":62,\"caption\":\"Mulder Hardenberg\"},\"image\":{\"@id\":\"https:\\\/\\\/mulder-hardenberg.com\\\/de\\\/#\\\/schema\\\/logo\\\/image\\\/\"}}]}<\/script>\n<!-- \/ Yoast SEO plugin. -->","yoast_head_json":{"title":"DEFEM - Mulder-Hardenberg","description":"Mulder-Hardenberg ist seit \u00fcber 25 Jahren Hersteller von Kabeltragsystemen. Hochwertige Kabelrinne. Kabelrinnensystem f\u00fcr anspruchsvolle Kabelmanagementanwendungen.","robots":{"index":"index","follow":"follow","max-snippet":"max-snippet:-1","max-image-preview":"max-image-preview:large","max-video-preview":"max-video-preview:-1"},"canonical":"https:\/\/mulder-hardenberg.com\/de\/lieferanten-defem\/","og_locale":"de_DE","og_type":"article","og_title":"DEFEM - Mulder-Hardenberg","og_description":"Mulder-Hardenberg ist seit \u00fcber 25 Jahren Hersteller von Kabeltragsystemen. Hochwertige Kabelrinne. Kabelrinnensystem f\u00fcr anspruchsvolle Kabelmanagementanwendungen.","og_url":"https:\/\/mulder-hardenberg.com\/de\/lieferanten-defem\/","og_site_name":"Mulder-Hardenberg","article_modified_time":"2026-04-29T12:34:40+00:00","og_image":[{"width":626,"height":852,"url":"https:\/\/mulder-hardenberg.com\/wp-content\/uploads\/Defem_System_MH_blue-e1655891542483.jpg","type":"image\/jpeg"}],"twitter_card":"summary_large_image","twitter_misc":{"Gesch\u00e4tzte Lesezeit":"3\u00a0Minuten"},"schema":{"@context":"https:\/\/schema.org","@graph":[{"@type":"WebPage","@id":"https:\/\/mulder-hardenberg.com\/de\/lieferanten-defem\/","url":"https:\/\/mulder-hardenberg.com\/de\/lieferanten-defem\/","name":"DEFEM - Mulder-Hardenberg","isPartOf":{"@id":"https:\/\/mulder-hardenberg.com\/de\/#website"},"primaryImageOfPage":{"@id":"https:\/\/mulder-hardenberg.com\/de\/lieferanten-defem\/#primaryimage"},"image":{"@id":"https:\/\/mulder-hardenberg.com\/de\/lieferanten-defem\/#primaryimage"},"thumbnailUrl":"https:\/\/mulder-hardenberg.com\/wp-content\/uploads\/Defem_System_MH_blue-e1655891542483.jpg","datePublished":"2022-07-06T09:20:14+00:00","dateModified":"2026-04-29T12:34:40+00:00","description":"Mulder-Hardenberg ist seit \u00fcber 25 Jahren Hersteller von Kabeltragsystemen. Hochwertige Kabelrinne. Kabelrinnensystem f\u00fcr anspruchsvolle Kabelmanagementanwendungen.","breadcrumb":{"@id":"https:\/\/mulder-hardenberg.com\/de\/lieferanten-defem\/#breadcrumb"},"inLanguage":"de","potentialAction":[{"@type":"ReadAction","target":["https:\/\/mulder-hardenberg.com\/de\/lieferanten-defem\/"]}]},{"@type":"ImageObject","inLanguage":"de","@id":"https:\/\/mulder-hardenberg.com\/de\/lieferanten-defem\/#primaryimage","url":"https:\/\/mulder-hardenberg.com\/wp-content\/uploads\/Defem_System_MH_blue-e1655891542483.jpg","contentUrl":"https:\/\/mulder-hardenberg.com\/wp-content\/uploads\/Defem_System_MH_blue-e1655891542483.jpg","width":626,"height":852},{"@type":"BreadcrumbList","@id":"https:\/\/mulder-hardenberg.com\/de\/lieferanten-defem\/#breadcrumb","itemListElement":[{"@type":"ListItem","position":1,"name":"Home","item":"https:\/\/mulder-hardenberg.com\/de\/"},{"@type":"ListItem","position":2,"name":"DEFEM"}]},{"@type":"WebSite","@id":"https:\/\/mulder-hardenberg.com\/de\/#website","url":"https:\/\/mulder-hardenberg.com\/de\/","name":"Mulder-Hardenberg","description":"","publisher":{"@id":"https:\/\/mulder-hardenberg.com\/de\/#organization"},"potentialAction":[{"@type":"SearchAction","target":{"@type":"EntryPoint","urlTemplate":"https:\/\/mulder-hardenberg.com\/de\/?s={search_term_string}"},"query-input":{"@type":"PropertyValueSpecification","valueRequired":true,"valueName":"search_term_string"}}],"inLanguage":"de"},{"@type":"Organization","@id":"https:\/\/mulder-hardenberg.com\/de\/#organization","name":"Mulder Hardenberg","url":"https:\/\/mulder-hardenberg.com\/de\/","logo":{"@type":"ImageObject","inLanguage":"de","@id":"https:\/\/mulder-hardenberg.com\/de\/#\/schema\/logo\/image\/","url":"https:\/\/mulder-hardenberg.com\/wp-content\/uploads\/Logo-Mulder-Hardenberg-website.png","contentUrl":"https:\/\/mulder-hardenberg.com\/wp-content\/uploads\/Logo-Mulder-Hardenberg-website.png","width":318,"height":62,"caption":"Mulder Hardenberg"},"image":{"@id":"https:\/\/mulder-hardenberg.com\/de\/#\/schema\/logo\/image\/"}}]}},"_links":{"self":[{"href":"https:\/\/mulder-hardenberg.com\/de\/wp-json\/wp\/v2\/pages\/7505","targetHints":{"allow":["GET"]}}],"collection":[{"href":"https:\/\/mulder-hardenberg.com\/de\/wp-json\/wp\/v2\/pages"}],"about":[{"href":"https:\/\/mulder-hardenberg.com\/de\/wp-json\/wp\/v2\/types\/page"}],"author":[{"embeddable":true,"href":"https:\/\/mulder-hardenberg.com\/de\/wp-json\/wp\/v2\/users\/2"}],"replies":[{"embeddable":true,"href":"https:\/\/mulder-hardenberg.com\/de\/wp-json\/wp\/v2\/comments?post=7505"}],"version-history":[{"count":22,"href":"https:\/\/mulder-hardenberg.com\/de\/wp-json\/wp\/v2\/pages\/7505\/revisions"}],"predecessor-version":[{"id":14552,"href":"https:\/\/mulder-hardenberg.com\/de\/wp-json\/wp\/v2\/pages\/7505\/revisions\/14552"}],"wp:featuredmedia":[{"embeddable":true,"href":"https:\/\/mulder-hardenberg.com\/de\/wp-json\/wp\/v2\/media\/7065"}],"wp:attachment":[{"href":"https:\/\/mulder-hardenberg.com\/de\/wp-json\/wp\/v2\/media?parent=7505"}],"wp:term":[{"taxonomy":"category","embeddable":true,"href":"https:\/\/mulder-hardenberg.com\/de\/wp-json\/wp\/v2\/categories?post=7505"},{"taxonomy":"post_tag","embeddable":true,"href":"https:\/\/mulder-hardenberg.com\/de\/wp-json\/wp\/v2\/tags?post=7505"}],"curies":[{"name":"wp","href":"https:\/\/api.w.org\/{rel}","templated":true}]}}