{"id":7434,"date":"2022-07-05T16:45:51","date_gmt":"2022-07-05T14:45:51","guid":{"rendered":"https:\/\/mulder-hardenberg.com\/warren-and-brown\/"},"modified":"2025-08-26T12:10:46","modified_gmt":"2025-08-26T10:10:46","slug":"lieferanten-warren-and-brown","status":"publish","type":"page","link":"https:\/\/mulder-hardenberg.com\/de\/lieferanten-warren-and-brown\/","title":{"rendered":"Warren and Brown"},"content":{"rendered":"<div class=\"wpb-content-wrapper\"><p>[vc_section full_width=&#8220;stretch_row&#8220; content_placement=&#8220;middle&#8220; el_class=&#8220;banner banner-small gradient gradient-blue&#8220; css=&#8220;.vc_custom_1655978721702{background-image: url(https:\/\/mulder-hardenberg.com\/wp-content\/uploads\/WB_top_enclosure.jpg?id=7128) !important;background-position: center !important;background-repeat: no-repeat !important;background-size: cover !important;}&#8220;][vc_row][vc_column width=&#8220;3\/5&#8243; el_class=&#8220;tablet_full_width basic_mobile_spacing&#8220;][vc_column_text css=&#8220;&#8220; el_class=&#8220;text-white&#8220;]<\/p>\n<h1>Warren and Brown<\/h1>\n<p>Warren &amp; Brown ist seit \u00fcber 20 Jahren ein zuverl\u00e4ssiger Lieferant und Hersteller von Mulder-Hardenberg. Sie stellen unter anderem sicher, dass wir hochwertige halogenfreie Kabelrinnen f\u00fcr unter anderem Glasfaser liefern und erstklassigen technischen Support und Kundenservice bieten. Dieses halogenfreie YellowDuct\u00ae wurde speziell f\u00fcr anspruchsvolle Glasfaserumgebungen wie Rechenzentren, Krankenh\u00e4user, Universit\u00e4ten und Telekommunikationsknotenpunkte entwickelt.[\/vc_column_text][\/vc_column][vc_column width=&#8220;2\/5&#8243;][\/vc_column][\/vc_row][\/vc_section][vc_row content_placement=&#8220;middle&#8220; el_class=&#8220;cta cta-half-bottom&#8220;][vc_column width=&#8220;3\/5&#8243;][vc_column_text]Lassen Sie sich von M-H im Bereich gelber GFK-Rinnen beraten.[\/vc_column_text][\/vc_column][vc_column width=&#8220;2\/5&#8243;]<style type=\"text\/css\" data-type=\"the7_shortcodes-inline-css\">#default-btn-b012d9a5afb8bc3e02a3edddbaec4c1a.ico-right-side > i {\n  margin-right: 0px;\n  margin-left: 8px;\n}\n#default-btn-b012d9a5afb8bc3e02a3edddbaec4c1a > i {\n  margin-right: 8px;\n}<\/style><a href=\"https:\/\/mulder-hardenberg.com\/de\/kostenlose-beratung-iahmi-solutions\/\" class=\"default-btn-shortcode dt-btn dt-btn-s link-hover-off button button-primary button-full-width btn-inline-right \" id=\"default-btn-b012d9a5afb8bc3e02a3edddbaec4c1a\" title=\"Kostenlose Beratung Iahmi Solutions\"><span>Kostenlose Beratung<\/span><\/a>[\/vc_column][\/vc_row][vc_section full_width=&#8220;stretch_row&#8220; el_class=&#8220;dg-padding-mid-top&#8220;][vc_row content_placement=&#8220;top&#8220;][vc_column width=&#8220;2\/3&#8243; el_class=&#8220;tablet_full_width basic_mobile_spacing_side tablet_margin_top&#8220;][vc_column_text css=&#8220;.vc_custom_1744273625416{margin-bottom: 0px !important;}&#8220;]<ins>L\u00f6sung<\/ins><\/p>\n<h2>Gelbe Fiberglasdachrinnen und Zubeh\u00f6r von W&amp;B<\/h2>\n<h3>YellowDuct\u00ae, die Marke f\u00fcr gelbe Kabelkan\u00e4le, insbesondere f\u00fcr Glasfaserkabel, von Mulder-Hardenberg in Zusammenarbeit mit Warren und Brown. Warren und Brown haben ihr Fachwissen durch die Zusammenarbeit mit f\u00fchrenden Unternehmen im Bereich der Implementierung von Telekommunikationsnetzen wie Mulder-Hardenberg erworben.<\/h3>\n<p>Warren &amp; Brown (W&amp;B) begann 1921 mit der Produktion in Melbourne, Australien. Im Laufe der Jahre hat W&amp;B erfolgreich eine Reihe von Produkten f\u00fcr die Automobil-, Medizin-, Gesundheits- und Fitnessm\u00e4rkte entwickelt und hergestellt. Ein starker Fokus auf die Entwicklung von Produkten f\u00fcr globale M\u00e4rkte hat f\u00fcr spannende Herausforderungen und solides Wachstum gesorgt. Im Laufe der Jahre entwickelte und wuchs das Unternehmen, W&amp;B entwickelte eine revolution\u00e4re Palette innovativer und hochfunktionaler Produkte f\u00fcr die Telekommunikationsbranche.<\/p>\n<p>Zu den Produkten von W&amp;B geh\u00f6ren Ger\u00e4tetr\u00e4ger, Splei\u00dfkassetten\/Glasschubladen und -geh\u00e4use, Patchpanels, Verteiler- und Anschlussrahmen sowie Kabelf\u00fchrungssysteme aus Kunststoff zum Verlegen und Sch\u00fctzen von unter anderem Lichtwellenleitern\/Glasfasern.<\/p>\n<p>Das <a href=\"https:\/\/mulder-hardenberg.com\/de\/loesungen\/glasfaser-kabelgelaender\/\">YellowDuct\u00ae Fiber Optic Management System<\/a> ist heute der dynamische Schwerpunkt von Warren and Brown Technologies und gilt weltweit als f\u00fchrender Hersteller und Lieferant hochwertiger Telekommunikationsl\u00f6sungen und -ger\u00e4te. YellowDuct\u00ae ist das flexible, langlebige und sichere gelbe Glasfaser-Kabelkanalsystem und ein einzigartiges System zum Verlegen und Sch\u00fctzen von Glasfaserkabeln zwischen Endger\u00e4ten, Patchpanels und Glasfaser-Anschlussschr\u00e4nken (ODF \u2013 Optical Distribution Frames) oder \u00e4hnlichen Rahmen in Telekommunikationszentralen, Rechenzentren, Universit\u00e4ten, Krankenh\u00e4usern, kurz gesagt, \u00fcberall dort, wo Glasfaserkabel vorhanden sind. Wir treiben weiterhin gegenseitig die Produkt- und L\u00f6sungsentwicklung voran, was wiederum allen unseren Kunden und Stakeholdern zugutekommt.<\/p>\n<p>Bei Mulder-Hardenberg sind wir auf eine Vielzahl von Produkten und L\u00f6sungen f\u00fcr die Netzwerk-, Rechenzentrums- und Serverraumbranche spezialisiert. Unsere erfahrenen Mitarbeiter verf\u00fcgen \u00fcber umfassende Kenntnisse zu unserem breiten Angebot an hochwertigen L\u00f6sungen und k\u00f6nnen Ihnen bei der Entscheidung helfen, welches Produkt f\u00fcr Ihre Situation oder Anwendung am besten geeignet ist. Auf Wunsch unterst\u00fctzen wir Sie bei der Anpassung unserer Produkte an kundenspezifische L\u00f6sungen.<\/p>\n<p>Die gelbe Dachrinnenfamilie &#8211; YellowDuct\u00ae &#8211; besteht aus folgenden Komponenten:<\/p>\n<ul>\n<li style=\"font-weight: 400;\" aria-level=\"1\"><span style=\"font-weight: 400;\">Gerade Kanall\u00e4nge<\/span><\/li>\n<li style=\"font-weight: 400;\" aria-level=\"1\"><span style=\"font-weight: 400;\">Verbinder \/ Verbindungselemente<\/span><\/li>\n<li style=\"font-weight: 400;\" aria-level=\"1\"><span style=\"font-weight: 400;\">Winkelst\u00fccke \/ Biegungen \/ Kniest\u00fccke (vertikal und horizontal)<br \/>\n<\/span><\/li>\n<li style=\"font-weight: 400;\" aria-level=\"1\"><span style=\"font-weight: 400;\">T-St\u00fccke<\/span><\/li>\n<li style=\"font-weight: 400;\" aria-level=\"1\"><span style=\"font-weight: 400;\">Kreuzst\u00fccke \/ Kreuze<\/span><\/li>\n<li style=\"font-weight: 400;\" aria-level=\"1\"><span style=\"font-weight: 400;\">Aufbewahrungsboxen<br \/>\n<\/span><\/li>\n<li style=\"font-weight: 400;\" aria-level=\"1\"><span style=\"font-weight: 400;\">Endkappen<\/span><\/li>\n<li style=\"font-weight: 400;\" aria-level=\"1\"><span style=\"font-weight: 400;\">Adapter<\/span><\/li>\n<li style=\"font-weight: 400;\" aria-level=\"1\"><span style=\"font-weight: 400;\">Schl\u00e4uche \/ Flexible Rohre<\/span><\/li>\n<li style=\"font-weight: 400;\" aria-level=\"1\"><span style=\"font-weight: 400;\">Reduzierst\u00fccke<\/span><\/li>\n<li style=\"font-weight: 400;\" aria-level=\"1\"><span style=\"font-weight: 400;\">Verbundbausatz \/ Baus\u00e4tze<\/span><\/li>\n<li style=\"font-weight: 400;\" aria-level=\"1\"><span style=\"font-weight: 400;\">Abstieg \/ Absetzen<\/span><\/li>\n<li style=\"font-weight: 400;\" aria-level=\"1\"><span style=\"font-weight: 400;\">Montagel\u00f6sungen<\/span><\/li>\n<li style=\"font-weight: 400;\" aria-level=\"1\"><span style=\"font-weight: 400;\">Werkzeuge<\/span><\/li>\n<li style=\"font-weight: 400;\" aria-level=\"1\"><span style=\"font-weight: 400;\">Zubeh\u00f6r<\/span><\/li>\n<\/ul>\n<p><em>Mehr Informationen zum Glasfaser-Kabelkanalsystem? Klicken Sie <a href=\"https:\/\/mulder-hardenberg.com\/de\/loesungen\/glasfaser-kabelgelaender\/\" target=\"_blank\" rel=\"noopener\">hier<\/a>.<\/em>[\/vc_column_text][\/vc_column][vc_column width=&#8220;1\/3&#8243; el_class=&#8220;tablet_full_width&#8220; css=&#8220;.vc_custom_1631702534350{padding-bottom: 10% !important;}&#8220;]<div class=\"templatera_shortcode\"><style type=\"text\/css\" data-type=\"vc_shortcodes-custom-css\">.vc_custom_1631696251590{background-color: #ffffff !important;}<\/style><div class=\"vc_row wpb_row vc_row-fluid\"><div class=\"case_contact_center wpb_column vc_column_container vc_col-sm-12 vc_col-has-fill\"><div class=\"vc_column-inner vc_custom_1631696251590\"><div class=\"wpb_wrapper\"><div class=\"vc_row wpb_row vc_inner vc_row-fluid person-module\"><div class=\"wpb_column vc_column_container vc_col-sm-12\"><div class=\"vc_column-inner\"><div class=\"wpb_wrapper\">\n\t<div class=\"wpb_text_column wpb_content_element  text_wrapper_blue_bar\" >\n\t\t<div class=\"wpb_wrapper\">\n\t\t\t<p><strong>Wir helfen Ihnen gerne weiter!<\/strong><\/p>\n<p>Haben Sie Fragen oder ben\u00f6tigen Sie weitere Informationen? Dann wenden Sie sich an einen der Spezialisten bei Mulder-Hardenberg.<\/p>\n\n\t\t<\/div>\n\t<\/div>\n<style type=\"text\/css\" data-type=\"the7_shortcodes-inline-css\">#default-btn-d4ea1447313945a5d5670df87ca08727.ico-right-side > i {\n  margin-right: 0px;\n  margin-left: 8px;\n}\n#default-btn-d4ea1447313945a5d5670df87ca08727 > i {\n  margin-right: 8px;\n}<\/style><a href=\"\/de\/kontakt\" class=\"default-btn-shortcode dt-btn dt-btn-s link-hover-off ico-right-side button button-primary button-full-width button-icon dg-button--german btn-inline-left \" id=\"default-btn-d4ea1447313945a5d5670df87ca08727\" title=\"Contact\"><span>Kontaktieren Sie uns umgehend<\/span><i class=\"icomoon-the7-font-the7-arrow-21\"><\/i><\/a><\/div><\/div><\/div><\/div><\/div><\/div><\/div><\/div>\r\n<\/div>[\/vc_column][\/vc_row][vc_row equal_height=&#8220;yes&#8220; el_class=&#8220;services-row swap-on-mobile dg-padding-small-top brand-element-two-bar-right-top&#8220;][vc_column width=&#8220;1\/3&#8243; css=&#8220;.vc_custom_1656408609261{background-image: url(https:\/\/mulder-hardenberg.com\/wp-content\/uploads\/Waren-and-Brown_drawing.jpg?id=7270) !important;background-position: center !important;background-repeat: no-repeat !important;background-size: cover !important;}&#8220; el_class=&#8220;services_background image_overlay&#8220;][\/vc_column][vc_column width=&#8220;1\/3&#8243; el_class=&#8220;hide_mobile&#8220;][\/vc_column][vc_column width=&#8220;1\/3&#8243; el_class=&#8220;basic_mobile_spacing tablet_full_width&#8220;][vc_column_text]<ins>The Expert Approach<\/ins><\/p>\n<h2>Maschinenbau<\/h2>\n<p>Eine effiziente L\u00f6sung, \u00fcbersichtliche Infrastrukturen, sichere Verkabelung, Verwaltung und Einblick in den aktuellen Status von Anlagen, Produktionslinien und Prozessen durch einfache automatisierte Bedienung. Verbesserungen bei Sicherheit, Produktivit\u00e4t und Leistung sind an der Tagesordnung. Zeichnungen und Detailpl\u00e4ne sind in der Regel die Grundlage des Engineerings auf der Suche nach leistungsf\u00e4higen und effizienten Gesamtl\u00f6sungen. Durch die Auslegung der richtigen Komponentenzusammensetzung wird eine L\u00f6sung entwickelt, die genau passt und allen Anforderungen gerecht wird. Die L\u00f6sung wird oft in die Elektrokonstruktion integriert. Die Spezialisten von Mulder-Hardenberg setzen auf eine Gesamtl\u00f6sung, die sich nahtlos in Ihren Prozess einf\u00fcgt.[\/vc_column_text][\/vc_column][\/vc_row][\/vc_section][vc_section full_width=&#8220;stretch_row&#8220; css_animation=&#8220;fadeInUp&#8220; el_class=&#8220;bg-blue dg-padding-mid-top dg-overflow-visible brand-element-image brand-element-image-top brand-element-image-right&#8220; css=&#8220;.vc_custom_1649145401454{padding-bottom: 0px !important;}&#8220;][vc_row][vc_column width=&#8220;1\/6&#8243;][\/vc_column][vc_column width=&#8220;4\/6&#8243; el_class=&#8220;tablet_full_width&#8220;][vc_column_text el_class=&#8220;text-center&#8220;]<\/p>\n<p style=\"text-align: center;\"><ins>The Expert Approach<\/ins><\/p>\n<h2 style=\"text-align: center;\">Spezialit\u00e4ten &amp; Erlebnisse<\/h2>\n<h3 style=\"text-align: center;\">Produkte und L\u00f6sungen, die f\u00fcr die jeweiligen Anwendungen und\/oder Projekte geeignet sind.<\/h3>\n<p style=\"text-align: center;\">Bei Mulder-Hardenberg haben wir verschiedene Spezialgebiete, die unsere Kunden in der Rechenzentrums- und Serverraumbranche bei Projekten unterst\u00fctzen k\u00f6nnen. Unsere Produktexperten helfen Ihnen gerne bei jedem Projekt oder Problem f\u00fcr jede dieser Spezialit\u00e4ten:<\/p>\n<p>[\/vc_column_text][vc_empty_space][\/vc_column][vc_column width=&#8220;1\/6&#8243;][\/vc_column][\/vc_row][vc_row][vc_column][vc_basic_grid post_type=&#8220;page&#8220; max_items=&#8220;3&#8243; orderby=&#8220;menu_order&#8220; order=&#8220;ASC&#8220; item=&#8220;masonryGrid_Default&#8220; initial_loading_animation=&#8220;none&#8220; grid_id=&#8220;vc_gid:1756203015586-bd1e859f-105a-1&#8243; el_class=&#8220;solutions-post-grid&#8220; taxonomies=&#8220;61, 59, 62&#8243;][\/vc_column][\/vc_row][\/vc_section]<\/p>\n<\/div>","protected":false},"excerpt":{"rendered":"<p>Warren and Brown Warren &amp; Brown ist seit \u00fcber 20 Jahren ein zuverl\u00e4ssiger Lieferant und Hersteller von Mulder-Hardenberg. Sie stellen unter anderem sicher, dass wir hochwertige halogenfreie Kabelrinnen f\u00fcr unter anderem Glasfaser liefern und erstklassigen technischen Support und Kundenservice bieten. Dieses halogenfreie YellowDuct\u00ae wurde speziell f\u00fcr anspruchsvolle Glasfaserumgebungen wie Rechenzentren, Krankenh\u00e4user, Universit\u00e4ten und Telekommunikationsknotenpunkte entwickelt.&hellip;<\/p>\n","protected":false},"author":2,"featured_media":4995,"parent":0,"menu_order":0,"comment_status":"closed","ping_status":"closed","template":"","meta":{"inline_featured_image":false,"footnotes":"","_links_to":"","_links_to_target":""},"categories":[69],"tags":[],"class_list":["post-7434","page","type-page","status-publish","has-post-thumbnail","hentry","category-leveranciers-de","description-off"],"yoast_head":"<!-- This site is optimized with the Yoast SEO plugin v27.3 - https:\/\/yoast.com\/product\/yoast-seo-wordpress\/ -->\n<title>Warren and Brown - Mulder-Hardenberg<\/title>\n<meta name=\"description\" content=\"Hersteller\/Lieferant hochwertiger halogenfreier Kabeltrassen f\u00fcr Glasfaser und andere Anwendungen, technischer Support und Kundendienst der Spitzenklasse. Dieses halogenfreie YellowDuct\u00ae wurde speziell f\u00fcr anspruchsvolle Glasfaserumgebungen wie Rechenzentren, Krankenh\u00e4user, Universit\u00e4ten und Telekommunikationsknotenpunkte entwickelt.\" \/>\n<meta name=\"robots\" content=\"index, follow, max-snippet:-1, max-image-preview:large, max-video-preview:-1\" \/>\n<link rel=\"canonical\" href=\"https:\/\/mulder-hardenberg.com\/de\/lieferanten-warren-and-brown\/\" \/>\n<meta property=\"og:locale\" content=\"de_DE\" \/>\n<meta property=\"og:type\" content=\"article\" \/>\n<meta property=\"og:title\" content=\"Warren and Brown - Mulder-Hardenberg\" \/>\n<meta property=\"og:description\" content=\"Hersteller\/Lieferant hochwertiger halogenfreier Kabeltrassen f\u00fcr Glasfaser und andere Anwendungen, technischer Support und Kundendienst der Spitzenklasse. Dieses halogenfreie YellowDuct\u00ae wurde speziell f\u00fcr anspruchsvolle Glasfaserumgebungen wie Rechenzentren, Krankenh\u00e4user, Universit\u00e4ten und Telekommunikationsknotenpunkte entwickelt.\" \/>\n<meta property=\"og:url\" content=\"https:\/\/mulder-hardenberg.com\/de\/lieferanten-warren-and-brown\/\" \/>\n<meta property=\"og:site_name\" content=\"Mulder-Hardenberg\" \/>\n<meta property=\"article:modified_time\" content=\"2025-08-26T10:10:46+00:00\" \/>\n<meta property=\"og:image\" content=\"https:\/\/mulder-hardenberg.com\/wp-content\/uploads\/image008.jpg\" \/>\n\t<meta property=\"og:image:width\" content=\"765\" \/>\n\t<meta property=\"og:image:height\" content=\"397\" \/>\n\t<meta property=\"og:image:type\" content=\"image\/jpeg\" \/>\n<meta name=\"twitter:card\" content=\"summary_large_image\" \/>\n<meta name=\"twitter:label1\" content=\"Gesch\u00e4tzte Lesezeit\" \/>\n\t<meta name=\"twitter:data1\" content=\"4\u00a0Minuten\" \/>\n<script type=\"application\/ld+json\" class=\"yoast-schema-graph\">{\"@context\":\"https:\\\/\\\/schema.org\",\"@graph\":[{\"@type\":\"WebPage\",\"@id\":\"https:\\\/\\\/mulder-hardenberg.com\\\/de\\\/lieferanten-warren-and-brown\\\/\",\"url\":\"https:\\\/\\\/mulder-hardenberg.com\\\/de\\\/lieferanten-warren-and-brown\\\/\",\"name\":\"Warren and Brown - Mulder-Hardenberg\",\"isPartOf\":{\"@id\":\"https:\\\/\\\/mulder-hardenberg.com\\\/de\\\/#website\"},\"primaryImageOfPage\":{\"@id\":\"https:\\\/\\\/mulder-hardenberg.com\\\/de\\\/lieferanten-warren-and-brown\\\/#primaryimage\"},\"image\":{\"@id\":\"https:\\\/\\\/mulder-hardenberg.com\\\/de\\\/lieferanten-warren-and-brown\\\/#primaryimage\"},\"thumbnailUrl\":\"https:\\\/\\\/mulder-hardenberg.com\\\/wp-content\\\/uploads\\\/image008.jpg\",\"datePublished\":\"2022-07-05T14:45:51+00:00\",\"dateModified\":\"2025-08-26T10:10:46+00:00\",\"description\":\"Hersteller\\\/Lieferant hochwertiger halogenfreier Kabeltrassen f\u00fcr Glasfaser und andere Anwendungen, technischer Support und Kundendienst der Spitzenklasse. Dieses halogenfreie YellowDuct\u00ae wurde speziell f\u00fcr anspruchsvolle Glasfaserumgebungen wie Rechenzentren, Krankenh\u00e4user, Universit\u00e4ten und Telekommunikationsknotenpunkte entwickelt.\",\"breadcrumb\":{\"@id\":\"https:\\\/\\\/mulder-hardenberg.com\\\/de\\\/lieferanten-warren-and-brown\\\/#breadcrumb\"},\"inLanguage\":\"de\",\"potentialAction\":[{\"@type\":\"ReadAction\",\"target\":[\"https:\\\/\\\/mulder-hardenberg.com\\\/de\\\/lieferanten-warren-and-brown\\\/\"]}]},{\"@type\":\"ImageObject\",\"inLanguage\":\"de\",\"@id\":\"https:\\\/\\\/mulder-hardenberg.com\\\/de\\\/lieferanten-warren-and-brown\\\/#primaryimage\",\"url\":\"https:\\\/\\\/mulder-hardenberg.com\\\/wp-content\\\/uploads\\\/image008.jpg\",\"contentUrl\":\"https:\\\/\\\/mulder-hardenberg.com\\\/wp-content\\\/uploads\\\/image008.jpg\",\"width\":765,\"height\":397},{\"@type\":\"BreadcrumbList\",\"@id\":\"https:\\\/\\\/mulder-hardenberg.com\\\/de\\\/lieferanten-warren-and-brown\\\/#breadcrumb\",\"itemListElement\":[{\"@type\":\"ListItem\",\"position\":1,\"name\":\"Home\",\"item\":\"https:\\\/\\\/mulder-hardenberg.com\\\/de\\\/\"},{\"@type\":\"ListItem\",\"position\":2,\"name\":\"Warren and Brown\"}]},{\"@type\":\"WebSite\",\"@id\":\"https:\\\/\\\/mulder-hardenberg.com\\\/de\\\/#website\",\"url\":\"https:\\\/\\\/mulder-hardenberg.com\\\/de\\\/\",\"name\":\"Mulder-Hardenberg\",\"description\":\"\",\"publisher\":{\"@id\":\"https:\\\/\\\/mulder-hardenberg.com\\\/de\\\/#organization\"},\"potentialAction\":[{\"@type\":\"SearchAction\",\"target\":{\"@type\":\"EntryPoint\",\"urlTemplate\":\"https:\\\/\\\/mulder-hardenberg.com\\\/de\\\/?s={search_term_string}\"},\"query-input\":{\"@type\":\"PropertyValueSpecification\",\"valueRequired\":true,\"valueName\":\"search_term_string\"}}],\"inLanguage\":\"de\"},{\"@type\":\"Organization\",\"@id\":\"https:\\\/\\\/mulder-hardenberg.com\\\/de\\\/#organization\",\"name\":\"Mulder Hardenberg\",\"url\":\"https:\\\/\\\/mulder-hardenberg.com\\\/de\\\/\",\"logo\":{\"@type\":\"ImageObject\",\"inLanguage\":\"de\",\"@id\":\"https:\\\/\\\/mulder-hardenberg.com\\\/de\\\/#\\\/schema\\\/logo\\\/image\\\/\",\"url\":\"https:\\\/\\\/mulder-hardenberg.com\\\/wp-content\\\/uploads\\\/Logo-Mulder-Hardenberg-website.png\",\"contentUrl\":\"https:\\\/\\\/mulder-hardenberg.com\\\/wp-content\\\/uploads\\\/Logo-Mulder-Hardenberg-website.png\",\"width\":318,\"height\":62,\"caption\":\"Mulder Hardenberg\"},\"image\":{\"@id\":\"https:\\\/\\\/mulder-hardenberg.com\\\/de\\\/#\\\/schema\\\/logo\\\/image\\\/\"}}]}<\/script>\n<!-- \/ Yoast SEO plugin. -->","yoast_head_json":{"title":"Warren and Brown - Mulder-Hardenberg","description":"Hersteller\/Lieferant hochwertiger halogenfreier Kabeltrassen f\u00fcr Glasfaser und andere Anwendungen, technischer Support und Kundendienst der Spitzenklasse. Dieses halogenfreie YellowDuct\u00ae wurde speziell f\u00fcr anspruchsvolle Glasfaserumgebungen wie Rechenzentren, Krankenh\u00e4user, Universit\u00e4ten und Telekommunikationsknotenpunkte entwickelt.","robots":{"index":"index","follow":"follow","max-snippet":"max-snippet:-1","max-image-preview":"max-image-preview:large","max-video-preview":"max-video-preview:-1"},"canonical":"https:\/\/mulder-hardenberg.com\/de\/lieferanten-warren-and-brown\/","og_locale":"de_DE","og_type":"article","og_title":"Warren and Brown - Mulder-Hardenberg","og_description":"Hersteller\/Lieferant hochwertiger halogenfreier Kabeltrassen f\u00fcr Glasfaser und andere Anwendungen, technischer Support und Kundendienst der Spitzenklasse. Dieses halogenfreie YellowDuct\u00ae wurde speziell f\u00fcr anspruchsvolle Glasfaserumgebungen wie Rechenzentren, Krankenh\u00e4user, Universit\u00e4ten und Telekommunikationsknotenpunkte entwickelt.","og_url":"https:\/\/mulder-hardenberg.com\/de\/lieferanten-warren-and-brown\/","og_site_name":"Mulder-Hardenberg","article_modified_time":"2025-08-26T10:10:46+00:00","og_image":[{"width":765,"height":397,"url":"https:\/\/mulder-hardenberg.com\/wp-content\/uploads\/image008.jpg","type":"image\/jpeg"}],"twitter_card":"summary_large_image","twitter_misc":{"Gesch\u00e4tzte Lesezeit":"4\u00a0Minuten"},"schema":{"@context":"https:\/\/schema.org","@graph":[{"@type":"WebPage","@id":"https:\/\/mulder-hardenberg.com\/de\/lieferanten-warren-and-brown\/","url":"https:\/\/mulder-hardenberg.com\/de\/lieferanten-warren-and-brown\/","name":"Warren and Brown - Mulder-Hardenberg","isPartOf":{"@id":"https:\/\/mulder-hardenberg.com\/de\/#website"},"primaryImageOfPage":{"@id":"https:\/\/mulder-hardenberg.com\/de\/lieferanten-warren-and-brown\/#primaryimage"},"image":{"@id":"https:\/\/mulder-hardenberg.com\/de\/lieferanten-warren-and-brown\/#primaryimage"},"thumbnailUrl":"https:\/\/mulder-hardenberg.com\/wp-content\/uploads\/image008.jpg","datePublished":"2022-07-05T14:45:51+00:00","dateModified":"2025-08-26T10:10:46+00:00","description":"Hersteller\/Lieferant hochwertiger halogenfreier Kabeltrassen f\u00fcr Glasfaser und andere Anwendungen, technischer Support und Kundendienst der Spitzenklasse. Dieses halogenfreie YellowDuct\u00ae wurde speziell f\u00fcr anspruchsvolle Glasfaserumgebungen wie Rechenzentren, Krankenh\u00e4user, Universit\u00e4ten und Telekommunikationsknotenpunkte entwickelt.","breadcrumb":{"@id":"https:\/\/mulder-hardenberg.com\/de\/lieferanten-warren-and-brown\/#breadcrumb"},"inLanguage":"de","potentialAction":[{"@type":"ReadAction","target":["https:\/\/mulder-hardenberg.com\/de\/lieferanten-warren-and-brown\/"]}]},{"@type":"ImageObject","inLanguage":"de","@id":"https:\/\/mulder-hardenberg.com\/de\/lieferanten-warren-and-brown\/#primaryimage","url":"https:\/\/mulder-hardenberg.com\/wp-content\/uploads\/image008.jpg","contentUrl":"https:\/\/mulder-hardenberg.com\/wp-content\/uploads\/image008.jpg","width":765,"height":397},{"@type":"BreadcrumbList","@id":"https:\/\/mulder-hardenberg.com\/de\/lieferanten-warren-and-brown\/#breadcrumb","itemListElement":[{"@type":"ListItem","position":1,"name":"Home","item":"https:\/\/mulder-hardenberg.com\/de\/"},{"@type":"ListItem","position":2,"name":"Warren and Brown"}]},{"@type":"WebSite","@id":"https:\/\/mulder-hardenberg.com\/de\/#website","url":"https:\/\/mulder-hardenberg.com\/de\/","name":"Mulder-Hardenberg","description":"","publisher":{"@id":"https:\/\/mulder-hardenberg.com\/de\/#organization"},"potentialAction":[{"@type":"SearchAction","target":{"@type":"EntryPoint","urlTemplate":"https:\/\/mulder-hardenberg.com\/de\/?s={search_term_string}"},"query-input":{"@type":"PropertyValueSpecification","valueRequired":true,"valueName":"search_term_string"}}],"inLanguage":"de"},{"@type":"Organization","@id":"https:\/\/mulder-hardenberg.com\/de\/#organization","name":"Mulder Hardenberg","url":"https:\/\/mulder-hardenberg.com\/de\/","logo":{"@type":"ImageObject","inLanguage":"de","@id":"https:\/\/mulder-hardenberg.com\/de\/#\/schema\/logo\/image\/","url":"https:\/\/mulder-hardenberg.com\/wp-content\/uploads\/Logo-Mulder-Hardenberg-website.png","contentUrl":"https:\/\/mulder-hardenberg.com\/wp-content\/uploads\/Logo-Mulder-Hardenberg-website.png","width":318,"height":62,"caption":"Mulder Hardenberg"},"image":{"@id":"https:\/\/mulder-hardenberg.com\/de\/#\/schema\/logo\/image\/"}}]}},"_links":{"self":[{"href":"https:\/\/mulder-hardenberg.com\/de\/wp-json\/wp\/v2\/pages\/7434","targetHints":{"allow":["GET"]}}],"collection":[{"href":"https:\/\/mulder-hardenberg.com\/de\/wp-json\/wp\/v2\/pages"}],"about":[{"href":"https:\/\/mulder-hardenberg.com\/de\/wp-json\/wp\/v2\/types\/page"}],"author":[{"embeddable":true,"href":"https:\/\/mulder-hardenberg.com\/de\/wp-json\/wp\/v2\/users\/2"}],"replies":[{"embeddable":true,"href":"https:\/\/mulder-hardenberg.com\/de\/wp-json\/wp\/v2\/comments?post=7434"}],"version-history":[{"count":16,"href":"https:\/\/mulder-hardenberg.com\/de\/wp-json\/wp\/v2\/pages\/7434\/revisions"}],"predecessor-version":[{"id":13907,"href":"https:\/\/mulder-hardenberg.com\/de\/wp-json\/wp\/v2\/pages\/7434\/revisions\/13907"}],"wp:featuredmedia":[{"embeddable":true,"href":"https:\/\/mulder-hardenberg.com\/de\/wp-json\/wp\/v2\/media\/4995"}],"wp:attachment":[{"href":"https:\/\/mulder-hardenberg.com\/de\/wp-json\/wp\/v2\/media?parent=7434"}],"wp:term":[{"taxonomy":"category","embeddable":true,"href":"https:\/\/mulder-hardenberg.com\/de\/wp-json\/wp\/v2\/categories?post=7434"},{"taxonomy":"post_tag","embeddable":true,"href":"https:\/\/mulder-hardenberg.com\/de\/wp-json\/wp\/v2\/tags?post=7434"}],"curies":[{"name":"wp","href":"https:\/\/api.w.org\/{rel}","templated":true}]}}