{"id":7371,"date":"2022-07-04T16:20:19","date_gmt":"2022-07-04T14:20:19","guid":{"rendered":"https:\/\/mulder-hardenberg.com\/fiber-to-the-home-ftth\/"},"modified":"2025-08-26T11:27:32","modified_gmt":"2025-08-26T09:27:32","slug":"branches-fiber-to-the-home-ftth","status":"publish","type":"page","link":"https:\/\/mulder-hardenberg.com\/de\/zweigstelle\/branches-fiber-to-the-home-ftth\/","title":{"rendered":"Glasfaser bis ins Haus \u2013 FttH"},"content":{"rendered":"<div class=\"wpb-content-wrapper\"><p>[vc_section full_width=&#8220;stretch_row&#8220; content_placement=&#8220;middle&#8220; el_class=&#8220;banner banner-small gradient gradient-blue&#8220; css=&#8220;.vc_custom_1652365394437{background-image: url(https:\/\/mulder-hardenberg.com\/wp-content\/uploads\/glasvezel-cotent2.jpg?id=2056) !important;background-position: center !important;background-repeat: no-repeat !important;background-size: cover !important;}&#8220;][vc_row][vc_column width=&#8220;3\/5&#8243; el_class=&#8220;tablet_full_width basic_mobile_spacing&#8220;][vc_column_text el_class=&#8220;text-white&#8220;]<\/p>\n<h1>Glasfaser bis ins Haus \u2013 FttH<\/h1>\n<p>Fiber to the Home ist ein Breitband-Telekommunikationssystem, das auf Glasfaserkabeln und zugeh\u00f6riger optischer Elektronik basiert, um mehrere fortschrittliche Dienste wie Telefon, Breitband-Internet und Fernsehen \u00fcber eine einzige Verbindung (Triple Play) bis zu Ihrem Haus oder Gesch\u00e4ft bereitzustellen.[\/vc_column_text][\/vc_column][vc_column width=&#8220;2\/5&#8243;][\/vc_column][\/vc_row][\/vc_section][vc_row content_placement=&#8220;middle&#8220; el_class=&#8220;cta cta-half-bottom&#8220;][vc_column width=&#8220;3\/5&#8243;][vc_column_text]Lassen Sie sich von M-H im Bereich Fiber-to-the-Home (FttH) beraten.[\/vc_column_text][\/vc_column][vc_column width=&#8220;2\/5&#8243;]<style type=\"text\/css\" data-type=\"the7_shortcodes-inline-css\">#default-btn-6f96eab2835ac67adfba927d1ea94b78.ico-right-side > i {\n  margin-right: 0px;\n  margin-left: 8px;\n}\n#default-btn-6f96eab2835ac67adfba927d1ea94b78 > i {\n  margin-right: 8px;\n}<\/style><a href=\"https:\/\/mulder-hardenberg.com\/de\/kostenlose-beratungs-loesungen\/\" class=\"default-btn-shortcode dt-btn dt-btn-s link-hover-off button button-primary button-full-width btn-inline-right \" id=\"default-btn-6f96eab2835ac67adfba927d1ea94b78\" title=\"Kostenlose Beratungs l\u00f6sungen\"><span>Kostenlose Beratung<\/span><\/a>[\/vc_column][\/vc_row][vc_section full_width=&#8220;stretch_row&#8220; el_class=&#8220;dg-padding-mid-top&#8220;][vc_row content_placement=&#8220;top&#8220;][vc_column width=&#8220;2\/3&#8243; el_class=&#8220;tablet_full_width basic_mobile_spacing_side tablet_margin_top&#8220;][vc_column_text css=&#8220;.vc_custom_1756200451009{margin-bottom: 0px !important;}&#8220;]<ins>L\u00f6sung<\/ins><\/p>\n<h2>Glasfaser bis ins Haus<\/h2>\n<h3>Mulder-Hardenberg war von Anfang an im FttH-Markt aktiv. Zusammen mit unseren Lieferanten haben wir eine spezielle L\u00f6sung f\u00fcr die FttH-Industrie entworfen und hergestellt. Wir bieten eine End-to-End-L\u00f6sung f\u00fcr Points of Presence (PoPs).<\/h3>\n<p>Unsere erfahrenen Mitarbeiter verf\u00fcgen \u00fcber umfassende Kenntnisse unserer breiten Palette hochwertiger Produkte und k\u00f6nnen Ihnen bei der Auswahl des besten Produkts f\u00fcr Ihre Situation behilflich sein. Auf Wunsch helfen wir Ihnen bei der Anpassung unserer Produkte, um zu kundenspezifischen L\u00f6sungen zu gelangen. Unsere One-Stop-Shopping-L\u00f6sungen bestehen aus Produkten und Dienstleistungen in den folgenden Produktgruppen:<\/p>\n<ul>\n<li>Aktive faseroptische Komponenten<\/li>\n<li><a href=\"https:\/\/mulder-hardenberg.com\/de\/tisch-desktopdrucker\/\">Desktop-\/Tischetikettendrucker<\/a><\/li>\n<li>Schr\u00e4nke &amp; Server-Racks<\/li>\n<li>Kabelinstallationszubeh\u00f6r<\/li>\n<li>Kabel, Adapter und Zubeh\u00f6r<\/li>\n<li>Kupferdatenverkabelung<\/li>\n<li>Glasfaserkabel-Management<\/li>\n<li>Glasfaserverkabelung<\/li>\n<li>Faseroptische Komponenten<\/li>\n<li>Glasfaserwerkzeuge<\/li>\n<li>Switches &amp; KVM-L\u00f6sungen<\/li>\n<li><a href=\"https:\/\/mulder-hardenberg.com\/de\/loesungen\/kennzeichnung-identifikation\/\">Etiketten<\/a><\/li>\n<li><a href=\"https:\/\/mulder-hardenberg.com\/de\/wissensdomaenen\/netzwerkinfrastruktur\/\">Netzwerkumgebung<\/a><\/li>\n<li><a href=\"https:\/\/mulder-hardenberg.com\/de\/tragbare-drucker\/\">Tragbare Drucker \/ Handheld &#8211; Tragbare Etikettendrucker<\/a><\/li>\n<li>Strukturierte Verkabelungssysteme<\/li>\n<li><a href=\"https:\/\/mulder-hardenberg.com\/de\/loesungen\/draht-kabelrinnen-system\/\">Gitterrinnensystem \/ Gitterrinnen<\/a><\/li>\n<\/ul>\n<p>Mulder-Hardenberg verf\u00fcgt \u00fcber mehrere Spezialisierungen, die unsere Kunden in der FttH-Branche bei ihren Projekten unterst\u00fctzen k\u00f6nnen. Wir haben Produktexperten f\u00fcr jede Spezialit\u00e4t, die Ihnen gerne bei einem Projekt helfen und alle Ihre Fragen beantworten:<\/p>\n<ul>\n<li><a href=\"https:\/\/mulder-hardenberg.com\/de\/fall\/kabelmanagement\/\">Kabelmanagement \/ Kabelmanagement<\/a><\/li>\n<li><a href=\"https:\/\/mulder-hardenberg.com\/de\/fall\/fiberglas\/\">Faseroptik \/ Faseroptik<\/a><\/li>\n<li><a href=\"https:\/\/mulder-hardenberg.com\/de\/loesungen\/kennzeichnung-identifikation\/\">Kennzeichnung &amp; Identifizierung<\/a><\/li>\n<li><a href=\"https:\/\/mulder-hardenberg.com\/de\/wissensdomaenen\/netzwerkinfrastruktur\/\">Netzwerkinfrastruktur \/ Vernetzung<\/a><\/li>\n<\/ul>\n<p>Mulder-Hardenberg hat in der Vergangenheit mit vielen verschiedenen Kunden in der FttH-Branche zusammengearbeitet, um ihnen bei Herausforderungen zu helfen. In unseren verwandten Cases sehen Sie einige der Projekte, die wir f\u00fcr unsere Kunden umgesetzt haben.[\/vc_column_text][\/vc_column][vc_column width=&#8220;1\/3&#8243; el_class=&#8220;tablet_full_width&#8220; css=&#8220;.vc_custom_1652365430191{padding-bottom: 10% !important;}&#8220;]<div class=\"templatera_shortcode\"><style type=\"text\/css\" data-type=\"vc_shortcodes-custom-css\">.vc_custom_1631696251590{background-color: #ffffff !important;}<\/style><div class=\"vc_row wpb_row vc_row-fluid\"><div class=\"case_contact_center wpb_column vc_column_container vc_col-sm-12 vc_col-has-fill\"><div class=\"vc_column-inner vc_custom_1631696251590\"><div class=\"wpb_wrapper\"><div class=\"vc_row wpb_row vc_inner vc_row-fluid person-module\"><div class=\"wpb_column vc_column_container vc_col-sm-12\"><div class=\"vc_column-inner\"><div class=\"wpb_wrapper\">\n\t<div class=\"wpb_text_column wpb_content_element  text_wrapper_blue_bar\" >\n\t\t<div class=\"wpb_wrapper\">\n\t\t\t<p><strong>Wir helfen Ihnen gerne weiter!<\/strong><\/p>\n<p>Haben Sie Fragen oder ben\u00f6tigen Sie weitere Informationen? Dann wenden Sie sich an einen der Spezialisten bei Mulder-Hardenberg.<\/p>\n\n\t\t<\/div>\n\t<\/div>\n<style type=\"text\/css\" data-type=\"the7_shortcodes-inline-css\">#default-btn-d4ea1447313945a5d5670df87ca08727.ico-right-side > i {\n  margin-right: 0px;\n  margin-left: 8px;\n}\n#default-btn-d4ea1447313945a5d5670df87ca08727 > i {\n  margin-right: 8px;\n}<\/style><a href=\"\/de\/kontakt\" class=\"default-btn-shortcode dt-btn dt-btn-s link-hover-off ico-right-side button button-primary button-full-width button-icon dg-button--german btn-inline-left \" id=\"default-btn-d4ea1447313945a5d5670df87ca08727\" title=\"Contact\"><span>Kontaktieren Sie uns umgehend<\/span><i class=\"icomoon-the7-font-the7-arrow-21\"><\/i><\/a><\/div><\/div><\/div><\/div><\/div><\/div><\/div><\/div>\r\n<\/div>[\/vc_column][\/vc_row][vc_row equal_height=&#8220;yes&#8220; el_class=&#8220;services-row swap-on-mobile dg-padding-small-top brand-element-two-bar-right-top&#8220;][vc_column width=&#8220;1\/3&#8243; css=&#8220;.vc_custom_1649232446810{background-image: url(https:\/\/mulder-hardenberg.com\/wp-content\/uploads\/fiber_header.jpg?id=6383) !important;background-position: center !important;background-repeat: no-repeat !important;background-size: cover !important;}&#8220; el_class=&#8220;services_background image_overlay&#8220;][\/vc_column][vc_column width=&#8220;1\/3&#8243; el_class=&#8220;hide_mobile&#8220;][\/vc_column][vc_column width=&#8220;1\/3&#8243; el_class=&#8220;basic_mobile_spacing tablet_full_width&#8220;][vc_column_text]<ins>Der Expertenansatz<\/ins><\/p>\n<h2>Maschinenbau<\/h2>\n<p>Eine effiziente L\u00f6sung, \u00fcbersichtliche Infrastrukturen, sichere Verkabelung, Verwaltung und Einblick in den aktuellen Status von Anlagen, Produktionslinien und Prozessen durch einfache automatisierte Bedienung. Verbesserungen bei Sicherheit, Produktivit\u00e4t und Leistung sind an der Tagesordnung. Zeichnungen und Detailpl\u00e4ne sind in der Regel die Grundlage des Engineerings auf der Suche nach leistungsf\u00e4higen und effizienten Gesamtl\u00f6sungen. Durch die Auslegung der richtigen Komponentenzusammensetzung wird eine L\u00f6sung entwickelt, die genau passt und allen Anforderungen gerecht wird. Die L\u00f6sung wird oft in die Elektrokonstruktion integriert. Die Spezialisten von Mulder-Hardenberg setzen auf eine Gesamtl\u00f6sung, die sich nahtlos in Ihren Prozess einf\u00fcgt.[\/vc_column_text][\/vc_column][\/vc_row][\/vc_section][vc_section full_width=&#8220;stretch_row&#8220; css_animation=&#8220;fadeInUp&#8220; el_class=&#8220;bg-blue dg-padding-mid-top dg-overflow-visible brand-element-image brand-element-image-top brand-element-image-right&#8220; css=&#8220;.vc_custom_1649145401454{padding-bottom: 0px !important;}&#8220;][vc_row][vc_column width=&#8220;1\/6&#8243;][\/vc_column][vc_column width=&#8220;4\/6&#8243; el_class=&#8220;tablet_full_width&#8220;][vc_column_text el_class=&#8220;text-center&#8220;]<\/p>\n<p style=\"text-align: center;\"><ins>Der Expertenansatz<\/ins><\/p>\n<h2 style=\"text-align: center;\">Spezialit\u00e4ten &amp; Erlebnisse<\/h2>\n<h3 style=\"text-align: center;\">Produkte und L\u00f6sungen, die f\u00fcr die jeweiligen Anwendungen und\/oder Projekte geeignet sind.<\/h3>\n<p style=\"text-align: center;\">Bei Mulder-Hardenberg haben wir mehrere Spezialisierungen, die unsere Kunden bei Fiber-to-the-X \/ Fiber-to-the-Home \/ FttH-Projekten unterst\u00fctzen k\u00f6nnen.<br \/>\nUnsere Produktexperten helfen Ihnen gerne bei jedem Projekt oder Problem f\u00fcr jede dieser Spezialit\u00e4ten:<\/p>\n<p>[\/vc_column_text][vc_empty_space][\/vc_column][vc_column width=&#8220;1\/6&#8243;][\/vc_column][\/vc_row][vc_row][vc_column][vc_basic_grid post_type=&#8220;page&#8220; max_items=&#8220;3&#8243; orderby=&#8220;menu_order&#8220; order=&#8220;ASC&#8220; item=&#8220;masonryGrid_Default&#8220; initial_loading_animation=&#8220;none&#8220; grid_id=&#8220;vc_gid:1756200430055-1da0cf71-f859-8&#8243; el_class=&#8220;solutions-post-grid&#8220; taxonomies=&#8220;86, 132, 130&#8243;][\/vc_column][\/vc_row][\/vc_section]<\/p>\n<\/div>","protected":false},"excerpt":{"rendered":"<p>Glasfaser bis ins Haus \u2013 FttH Fiber to the Home ist ein Breitband-Telekommunikationssystem, das auf Glasfaserkabeln und zugeh\u00f6riger optischer Elektronik basiert, um mehrere fortschrittliche Dienste wie Telefon, Breitband-Internet und Fernsehen \u00fcber eine einzige Verbindung (Triple Play) bis zu Ihrem Haus oder Gesch\u00e4ft bereitzustellen. Lassen Sie sich von M-H im Bereich Fiber-to-the-Home (FttH) beraten. L\u00f6sung Glasfaser&hellip;<\/p>\n","protected":false},"author":2,"featured_media":6874,"parent":7760,"menu_order":0,"comment_status":"closed","ping_status":"closed","template":"","meta":{"inline_featured_image":false,"footnotes":"","_links_to":"","_links_to_target":""},"categories":[],"tags":[],"class_list":["post-7371","page","type-page","status-publish","has-post-thumbnail","hentry","description-off"],"yoast_head":"<!-- This site is optimized with the Yoast SEO plugin v27.3 - https:\/\/yoast.com\/product\/yoast-seo-wordpress\/ -->\n<title>Glasfaser bis ins Haus \u2013 FttH - Mulder-Hardenberg<\/title>\n<meta name=\"description\" content=\"Gro\u00dfe Auswahl an hochwertigen Produkten. Spezialisten, die bei Projekten helfen und L\u00f6sungen erarbeiten. Wenden Sie sich an Mulder-Hardenberg.\" \/>\n<meta name=\"robots\" content=\"index, follow, max-snippet:-1, max-image-preview:large, max-video-preview:-1\" \/>\n<link rel=\"canonical\" href=\"https:\/\/mulder-hardenberg.com\/de\/zweigstelle\/branches-fiber-to-the-home-ftth\/\" \/>\n<meta property=\"og:locale\" content=\"de_DE\" \/>\n<meta property=\"og:type\" content=\"article\" \/>\n<meta property=\"og:title\" content=\"Glasfaser bis ins Haus \u2013 FttH - Mulder-Hardenberg\" \/>\n<meta property=\"og:description\" content=\"Gro\u00dfe Auswahl an hochwertigen Produkten. Spezialisten, die bei Projekten helfen und L\u00f6sungen erarbeiten. Wenden Sie sich an Mulder-Hardenberg.\" \/>\n<meta property=\"og:url\" content=\"https:\/\/mulder-hardenberg.com\/de\/zweigstelle\/branches-fiber-to-the-home-ftth\/\" \/>\n<meta property=\"og:site_name\" content=\"Mulder-Hardenberg\" \/>\n<meta property=\"article:modified_time\" content=\"2025-08-26T09:27:32+00:00\" \/>\n<meta property=\"og:image\" content=\"https:\/\/mulder-hardenberg.com\/wp-content\/uploads\/FttH.jpg\" \/>\n\t<meta property=\"og:image:width\" content=\"845\" \/>\n\t<meta property=\"og:image:height\" content=\"383\" \/>\n\t<meta property=\"og:image:type\" content=\"image\/jpeg\" \/>\n<meta name=\"twitter:card\" content=\"summary_large_image\" \/>\n<meta name=\"twitter:label1\" content=\"Gesch\u00e4tzte Lesezeit\" \/>\n\t<meta name=\"twitter:data1\" content=\"3\u00a0Minuten\" \/>\n<script type=\"application\/ld+json\" class=\"yoast-schema-graph\">{\"@context\":\"https:\\\/\\\/schema.org\",\"@graph\":[{\"@type\":\"WebPage\",\"@id\":\"https:\\\/\\\/mulder-hardenberg.com\\\/de\\\/zweigstelle\\\/branches-fiber-to-the-home-ftth\\\/\",\"url\":\"https:\\\/\\\/mulder-hardenberg.com\\\/de\\\/zweigstelle\\\/branches-fiber-to-the-home-ftth\\\/\",\"name\":\"Glasfaser bis ins Haus \u2013 FttH - Mulder-Hardenberg\",\"isPartOf\":{\"@id\":\"https:\\\/\\\/mulder-hardenberg.com\\\/de\\\/#website\"},\"primaryImageOfPage\":{\"@id\":\"https:\\\/\\\/mulder-hardenberg.com\\\/de\\\/zweigstelle\\\/branches-fiber-to-the-home-ftth\\\/#primaryimage\"},\"image\":{\"@id\":\"https:\\\/\\\/mulder-hardenberg.com\\\/de\\\/zweigstelle\\\/branches-fiber-to-the-home-ftth\\\/#primaryimage\"},\"thumbnailUrl\":\"https:\\\/\\\/mulder-hardenberg.com\\\/wp-content\\\/uploads\\\/FttH.jpg\",\"datePublished\":\"2022-07-04T14:20:19+00:00\",\"dateModified\":\"2025-08-26T09:27:32+00:00\",\"description\":\"Gro\u00dfe Auswahl an hochwertigen Produkten. Spezialisten, die bei Projekten helfen und L\u00f6sungen erarbeiten. Wenden Sie sich an Mulder-Hardenberg.\",\"breadcrumb\":{\"@id\":\"https:\\\/\\\/mulder-hardenberg.com\\\/de\\\/zweigstelle\\\/branches-fiber-to-the-home-ftth\\\/#breadcrumb\"},\"inLanguage\":\"de\",\"potentialAction\":[{\"@type\":\"ReadAction\",\"target\":[\"https:\\\/\\\/mulder-hardenberg.com\\\/de\\\/zweigstelle\\\/branches-fiber-to-the-home-ftth\\\/\"]}]},{\"@type\":\"ImageObject\",\"inLanguage\":\"de\",\"@id\":\"https:\\\/\\\/mulder-hardenberg.com\\\/de\\\/zweigstelle\\\/branches-fiber-to-the-home-ftth\\\/#primaryimage\",\"url\":\"https:\\\/\\\/mulder-hardenberg.com\\\/wp-content\\\/uploads\\\/FttH.jpg\",\"contentUrl\":\"https:\\\/\\\/mulder-hardenberg.com\\\/wp-content\\\/uploads\\\/FttH.jpg\",\"width\":845,\"height\":383},{\"@type\":\"BreadcrumbList\",\"@id\":\"https:\\\/\\\/mulder-hardenberg.com\\\/de\\\/zweigstelle\\\/branches-fiber-to-the-home-ftth\\\/#breadcrumb\",\"itemListElement\":[{\"@type\":\"ListItem\",\"position\":1,\"name\":\"Home\",\"item\":\"https:\\\/\\\/mulder-hardenberg.com\\\/de\\\/\"},{\"@type\":\"ListItem\",\"position\":2,\"name\":\"Branchen\",\"item\":\"https:\\\/\\\/mulder-hardenberg.com\\\/de\\\/?page_id=7760\"},{\"@type\":\"ListItem\",\"position\":3,\"name\":\"Glasfaser bis ins Haus \u2013 FttH\"}]},{\"@type\":\"WebSite\",\"@id\":\"https:\\\/\\\/mulder-hardenberg.com\\\/de\\\/#website\",\"url\":\"https:\\\/\\\/mulder-hardenberg.com\\\/de\\\/\",\"name\":\"Mulder-Hardenberg\",\"description\":\"\",\"publisher\":{\"@id\":\"https:\\\/\\\/mulder-hardenberg.com\\\/de\\\/#organization\"},\"potentialAction\":[{\"@type\":\"SearchAction\",\"target\":{\"@type\":\"EntryPoint\",\"urlTemplate\":\"https:\\\/\\\/mulder-hardenberg.com\\\/de\\\/?s={search_term_string}\"},\"query-input\":{\"@type\":\"PropertyValueSpecification\",\"valueRequired\":true,\"valueName\":\"search_term_string\"}}],\"inLanguage\":\"de\"},{\"@type\":\"Organization\",\"@id\":\"https:\\\/\\\/mulder-hardenberg.com\\\/de\\\/#organization\",\"name\":\"Mulder Hardenberg\",\"url\":\"https:\\\/\\\/mulder-hardenberg.com\\\/de\\\/\",\"logo\":{\"@type\":\"ImageObject\",\"inLanguage\":\"de\",\"@id\":\"https:\\\/\\\/mulder-hardenberg.com\\\/de\\\/#\\\/schema\\\/logo\\\/image\\\/\",\"url\":\"https:\\\/\\\/mulder-hardenberg.com\\\/wp-content\\\/uploads\\\/Logo-Mulder-Hardenberg-website.png\",\"contentUrl\":\"https:\\\/\\\/mulder-hardenberg.com\\\/wp-content\\\/uploads\\\/Logo-Mulder-Hardenberg-website.png\",\"width\":318,\"height\":62,\"caption\":\"Mulder Hardenberg\"},\"image\":{\"@id\":\"https:\\\/\\\/mulder-hardenberg.com\\\/de\\\/#\\\/schema\\\/logo\\\/image\\\/\"}}]}<\/script>\n<!-- \/ Yoast SEO plugin. -->","yoast_head_json":{"title":"Glasfaser bis ins Haus \u2013 FttH - Mulder-Hardenberg","description":"Gro\u00dfe Auswahl an hochwertigen Produkten. Spezialisten, die bei Projekten helfen und L\u00f6sungen erarbeiten. Wenden Sie sich an Mulder-Hardenberg.","robots":{"index":"index","follow":"follow","max-snippet":"max-snippet:-1","max-image-preview":"max-image-preview:large","max-video-preview":"max-video-preview:-1"},"canonical":"https:\/\/mulder-hardenberg.com\/de\/zweigstelle\/branches-fiber-to-the-home-ftth\/","og_locale":"de_DE","og_type":"article","og_title":"Glasfaser bis ins Haus \u2013 FttH - Mulder-Hardenberg","og_description":"Gro\u00dfe Auswahl an hochwertigen Produkten. Spezialisten, die bei Projekten helfen und L\u00f6sungen erarbeiten. Wenden Sie sich an Mulder-Hardenberg.","og_url":"https:\/\/mulder-hardenberg.com\/de\/zweigstelle\/branches-fiber-to-the-home-ftth\/","og_site_name":"Mulder-Hardenberg","article_modified_time":"2025-08-26T09:27:32+00:00","og_image":[{"width":845,"height":383,"url":"https:\/\/mulder-hardenberg.com\/wp-content\/uploads\/FttH.jpg","type":"image\/jpeg"}],"twitter_card":"summary_large_image","twitter_misc":{"Gesch\u00e4tzte Lesezeit":"3\u00a0Minuten"},"schema":{"@context":"https:\/\/schema.org","@graph":[{"@type":"WebPage","@id":"https:\/\/mulder-hardenberg.com\/de\/zweigstelle\/branches-fiber-to-the-home-ftth\/","url":"https:\/\/mulder-hardenberg.com\/de\/zweigstelle\/branches-fiber-to-the-home-ftth\/","name":"Glasfaser bis ins Haus \u2013 FttH - Mulder-Hardenberg","isPartOf":{"@id":"https:\/\/mulder-hardenberg.com\/de\/#website"},"primaryImageOfPage":{"@id":"https:\/\/mulder-hardenberg.com\/de\/zweigstelle\/branches-fiber-to-the-home-ftth\/#primaryimage"},"image":{"@id":"https:\/\/mulder-hardenberg.com\/de\/zweigstelle\/branches-fiber-to-the-home-ftth\/#primaryimage"},"thumbnailUrl":"https:\/\/mulder-hardenberg.com\/wp-content\/uploads\/FttH.jpg","datePublished":"2022-07-04T14:20:19+00:00","dateModified":"2025-08-26T09:27:32+00:00","description":"Gro\u00dfe Auswahl an hochwertigen Produkten. Spezialisten, die bei Projekten helfen und L\u00f6sungen erarbeiten. Wenden Sie sich an Mulder-Hardenberg.","breadcrumb":{"@id":"https:\/\/mulder-hardenberg.com\/de\/zweigstelle\/branches-fiber-to-the-home-ftth\/#breadcrumb"},"inLanguage":"de","potentialAction":[{"@type":"ReadAction","target":["https:\/\/mulder-hardenberg.com\/de\/zweigstelle\/branches-fiber-to-the-home-ftth\/"]}]},{"@type":"ImageObject","inLanguage":"de","@id":"https:\/\/mulder-hardenberg.com\/de\/zweigstelle\/branches-fiber-to-the-home-ftth\/#primaryimage","url":"https:\/\/mulder-hardenberg.com\/wp-content\/uploads\/FttH.jpg","contentUrl":"https:\/\/mulder-hardenberg.com\/wp-content\/uploads\/FttH.jpg","width":845,"height":383},{"@type":"BreadcrumbList","@id":"https:\/\/mulder-hardenberg.com\/de\/zweigstelle\/branches-fiber-to-the-home-ftth\/#breadcrumb","itemListElement":[{"@type":"ListItem","position":1,"name":"Home","item":"https:\/\/mulder-hardenberg.com\/de\/"},{"@type":"ListItem","position":2,"name":"Branchen","item":"https:\/\/mulder-hardenberg.com\/de\/?page_id=7760"},{"@type":"ListItem","position":3,"name":"Glasfaser bis ins Haus \u2013 FttH"}]},{"@type":"WebSite","@id":"https:\/\/mulder-hardenberg.com\/de\/#website","url":"https:\/\/mulder-hardenberg.com\/de\/","name":"Mulder-Hardenberg","description":"","publisher":{"@id":"https:\/\/mulder-hardenberg.com\/de\/#organization"},"potentialAction":[{"@type":"SearchAction","target":{"@type":"EntryPoint","urlTemplate":"https:\/\/mulder-hardenberg.com\/de\/?s={search_term_string}"},"query-input":{"@type":"PropertyValueSpecification","valueRequired":true,"valueName":"search_term_string"}}],"inLanguage":"de"},{"@type":"Organization","@id":"https:\/\/mulder-hardenberg.com\/de\/#organization","name":"Mulder Hardenberg","url":"https:\/\/mulder-hardenberg.com\/de\/","logo":{"@type":"ImageObject","inLanguage":"de","@id":"https:\/\/mulder-hardenberg.com\/de\/#\/schema\/logo\/image\/","url":"https:\/\/mulder-hardenberg.com\/wp-content\/uploads\/Logo-Mulder-Hardenberg-website.png","contentUrl":"https:\/\/mulder-hardenberg.com\/wp-content\/uploads\/Logo-Mulder-Hardenberg-website.png","width":318,"height":62,"caption":"Mulder Hardenberg"},"image":{"@id":"https:\/\/mulder-hardenberg.com\/de\/#\/schema\/logo\/image\/"}}]}},"_links":{"self":[{"href":"https:\/\/mulder-hardenberg.com\/de\/wp-json\/wp\/v2\/pages\/7371","targetHints":{"allow":["GET"]}}],"collection":[{"href":"https:\/\/mulder-hardenberg.com\/de\/wp-json\/wp\/v2\/pages"}],"about":[{"href":"https:\/\/mulder-hardenberg.com\/de\/wp-json\/wp\/v2\/types\/page"}],"author":[{"embeddable":true,"href":"https:\/\/mulder-hardenberg.com\/de\/wp-json\/wp\/v2\/users\/2"}],"replies":[{"embeddable":true,"href":"https:\/\/mulder-hardenberg.com\/de\/wp-json\/wp\/v2\/comments?post=7371"}],"version-history":[{"count":20,"href":"https:\/\/mulder-hardenberg.com\/de\/wp-json\/wp\/v2\/pages\/7371\/revisions"}],"predecessor-version":[{"id":13891,"href":"https:\/\/mulder-hardenberg.com\/de\/wp-json\/wp\/v2\/pages\/7371\/revisions\/13891"}],"up":[{"embeddable":true,"href":"https:\/\/mulder-hardenberg.com\/de\/wp-json\/wp\/v2\/pages\/7760"}],"wp:featuredmedia":[{"embeddable":true,"href":"https:\/\/mulder-hardenberg.com\/de\/wp-json\/wp\/v2\/media\/6874"}],"wp:attachment":[{"href":"https:\/\/mulder-hardenberg.com\/de\/wp-json\/wp\/v2\/media?parent=7371"}],"wp:term":[{"taxonomy":"category","embeddable":true,"href":"https:\/\/mulder-hardenberg.com\/de\/wp-json\/wp\/v2\/categories?post=7371"},{"taxonomy":"post_tag","embeddable":true,"href":"https:\/\/mulder-hardenberg.com\/de\/wp-json\/wp\/v2\/tags?post=7371"}],"curies":[{"name":"wp","href":"https:\/\/api.w.org\/{rel}","templated":true}]}}