{"id":7282,"date":"2022-06-29T12:20:40","date_gmt":"2022-06-29T10:20:40","guid":{"rendered":"https:\/\/mulder-hardenberg.com\/brady\/"},"modified":"2022-12-15T17:37:12","modified_gmt":"2022-12-15T15:37:12","slug":"brady","status":"publish","type":"page","link":"https:\/\/mulder-hardenberg.com\/de\/brady\/","title":{"rendered":"Brady"},"content":{"rendered":"<div class=\"wpb-content-wrapper\"><p>[vc_section full_width=&#8220;stretch_row&#8220; content_placement=&#8220;middle&#8220; el_class=&#8220;banner banner-small gradient gradient-blue&#8220; css=&#8220;.vc_custom_1655975154416{background-image: url(https:\/\/mulder-hardenberg.com\/wp-content\/uploads\/labeling-content5.jpg?id=2142) !important;background-position: center !important;background-repeat: no-repeat !important;background-size: cover !important;}&#8220;][vc_row][vc_column width=&#8220;3\/5&#8243; el_class=&#8220;tablet_full_width basic_mobile_spacing&#8220;][vc_column_text el_class=&#8220;text-white&#8220;]<\/p>\n<h1>Brady<\/h1>\n<p>Produziert und liefert Gesamtl\u00f6sungen f\u00fcr die Identifizierung und Sicherheit von Personen, Produkten und Orten. Brady pflegt seit Mitte der neunziger Jahre eine \u00e4u\u00dferst gute Partnerschaft mit Mulder-Hardenberg.[\/vc_column_text][\/vc_column][vc_column width=&#8220;2\/5&#8243;][\/vc_column][\/vc_row][\/vc_section][vc_row content_placement=&#8220;middle&#8220; el_class=&#8220;cta cta-half-bottom&#8220;][vc_column width=&#8220;3\/5&#8243;][vc_column_text]Lassen Sie sich von M-H im Bereich Kennzeichnung und Kennzeichnung beraten.[\/vc_column_text][\/vc_column][vc_column width=&#8220;2\/5&#8243;]<style type=\"text\/css\" data-type=\"the7_shortcodes-inline-css\">#default-btn-869a6f46cd4957cb3963d0bc72b36b23.ico-right-side > i {\n  margin-right: 0px;\n  margin-left: 8px;\n}\n#default-btn-869a6f46cd4957cb3963d0bc72b36b23 > i {\n  margin-right: 8px;\n}<\/style><a href=\"https:\/\/mulder-hardenberg.com\/de\/kostenlose-beratung\/\" class=\"default-btn-shortcode dt-btn dt-btn-s link-hover-off button button-primary button-full-width btn-inline-right \" id=\"default-btn-869a6f46cd4957cb3963d0bc72b36b23\"><span>Kostenlose Beratung<\/span><\/a>[\/vc_column][\/vc_row][vc_section full_width=&#8220;stretch_row&#8220; el_class=&#8220;dg-padding-mid-top&#8220;][vc_row content_placement=&#8220;top&#8220;][vc_column width=&#8220;2\/3&#8243; el_class=&#8220;tablet_full_width basic_mobile_spacing_side tablet_margin_top&#8220;][vc_column_text css=&#8220;.vc_custom_1657029547673{margin-bottom: 0px !important;}&#8220;]<ins>L\u00f6sung<\/ins><\/p>\n<h2>Brady-Identifikation und -Kennzeichnung<\/h2>\n<h3>Brady ist zusammen mit Mulder-Hardenberg Identifikationspartner in verschiedenen Branchen, da die neuesten Industriestandards bei Identifikations- und Sicherheitsl\u00f6sungen ber\u00fccksichtigt werden.<\/h3>\n<p>Die Produkte und <a href=\"https:\/\/mulder-hardenberg.com\/de\/loesungen\/kennzeichnung-identifikation\/\">L\u00f6sungen<\/a> der Brady Corporation verbessern die Sicherheit, Produktivit\u00e4t und Leistung der Kunden und umfassen Qualit\u00e4tsetiketten, Piktogramme, Sicherheitsprodukte, Drucker und Software. The Brady Company wurde 1914 gegr\u00fcndet und hat Kunden in den Bereichen Elektronik, Daten und Telekommunikation, Fertigung, Elektrik, Bauwesen, Medizin, Luftfahrt und vielen anderen Sektoren.<\/p>\n<p><strong><br \/>\nDie Vorteile von Brady:<\/strong><\/p>\n<div class=\"row column\">\n<p>In Bezug auf Identifizierung, Sicherheit und Compliance bietet die Zusammenarbeit mit Brady in Kombination mit Mulder-Hardenberg klare Vorteile. Bei allem, was wir tun, stehen die Kunden an erster Stelle. Die branchenspezifischen Kenntnisse, Erfahrungen und W\u00fcnsche der Endanwender werden gesammelt und der Einsatz, die Implementierung und die Realisierung in eine umsetzbare kundenspezifische L\u00f6sung oder eine Einf\u00fchrung einer komplett neuen Linie \u00fcbersetzt. Schnelle Lieferung dank intelligentem Lagermanagement von Brady und Mulder-Hardenberg.<\/p>\n<\/div>\n<p>[\/vc_column_text][\/vc_column][vc_column width=&#8220;1\/3&#8243; el_class=&#8220;tablet_full_width&#8220; css=&#8220;.vc_custom_1631702534350{padding-bottom: 10% !important;}&#8220;]<div class=\"templatera_shortcode\"><style type=\"text\/css\" data-type=\"vc_shortcodes-custom-css\">.vc_custom_1631696251590{background-color: #ffffff !important;}<\/style><div class=\"vc_row wpb_row vc_row-fluid\"><div class=\"case_contact_center wpb_column vc_column_container vc_col-sm-12 vc_col-has-fill\"><div class=\"vc_column-inner vc_custom_1631696251590\"><div class=\"wpb_wrapper\"><div class=\"vc_row wpb_row vc_inner vc_row-fluid person-module\"><div class=\"wpb_column vc_column_container vc_col-sm-12\"><div class=\"vc_column-inner\"><div class=\"wpb_wrapper\">\n\t<div class=\"wpb_text_column wpb_content_element  text_wrapper_blue_bar\" >\n\t\t<div class=\"wpb_wrapper\">\n\t\t\t<p><strong>Wir helfen Ihnen gerne weiter!<\/strong><\/p>\n<p>Haben Sie Fragen oder ben\u00f6tigen Sie weitere Informationen? Dann wenden Sie sich an einen der Spezialisten bei Mulder-Hardenberg.<\/p>\n\n\t\t<\/div>\n\t<\/div>\n<style type=\"text\/css\" data-type=\"the7_shortcodes-inline-css\">#default-btn-d4ea1447313945a5d5670df87ca08727.ico-right-side > i {\n  margin-right: 0px;\n  margin-left: 8px;\n}\n#default-btn-d4ea1447313945a5d5670df87ca08727 > i {\n  margin-right: 8px;\n}<\/style><a href=\"\/de\/kontakt\" class=\"default-btn-shortcode dt-btn dt-btn-s link-hover-off ico-right-side button button-primary button-full-width button-icon dg-button--german btn-inline-left \" id=\"default-btn-d4ea1447313945a5d5670df87ca08727\" title=\"Contact\"><span>Kontaktieren Sie uns umgehend<\/span><i class=\"icomoon-the7-font-the7-arrow-21\"><\/i><\/a><\/div><\/div><\/div><\/div><\/div><\/div><\/div><\/div>\r\n<\/div>[\/vc_column][\/vc_row][vc_row equal_height=&#8220;yes&#8220; el_class=&#8220;services-row swap-on-mobile dg-padding-small-top brand-element-two-bar-right-top&#8220;][vc_column width=&#8220;1\/3&#8243; css=&#8220;.vc_custom_1655977249693{background-image: url(https:\/\/mulder-hardenberg.com\/wp-content\/uploads\/labeling-content4.jpg?id=2141) !important;background-position: center !important;background-repeat: no-repeat !important;background-size: cover !important;}&#8220; el_class=&#8220;services_background image_overlay&#8220;][\/vc_column][vc_column width=&#8220;1\/3&#8243; el_class=&#8220;hide_mobile&#8220;][\/vc_column][vc_column width=&#8220;1\/3&#8243; el_class=&#8220;basic_mobile_spacing tablet_full_width&#8220;][vc_column_text]<ins>Das Portfolio<br \/>\n<\/ins><\/p>\n<h2>Die Brady-L\u00f6sungen<\/h2>\n<p><a href=\"https:\/\/mulder-hardenberg.com\/de\/loesungen\/kennzeichnung-identifikation\/\">L\u00f6sungen<\/a> von Brady tragen dazu bei, Kundensicherheit, Sicherheit, Produktivit\u00e4t und Leistung zu verbessern. Das Sortiment umfasst hochwertige (RFID Smart) Identifikationsetiketten, Sicherheits- und Standortidentifikationsprodukte, Drucker und Software.Brady bietet auch Lockout\/Tagout-Produkte und Absorptionsmittel.<\/p>\n<ul>\n<li>Produkt Identifikation<\/li>\n<li>Draht- und Kabelidentifikation<\/li>\n<li>Laborkennzeichnung<\/li>\n<li>Sicherheits- und Standortidentifikation selbst drucken<\/li>\n<\/ul>\n<p>[\/vc_column_text][\/vc_column][\/vc_row][\/vc_section][vc_section full_width=&#8220;stretch_row&#8220; css_animation=&#8220;fadeInUp&#8220; el_class=&#8220;bg-blue dg-padding-mid-top dg-overflow-visible brand-element-image brand-element-image-top brand-element-image-right&#8220; css=&#8220;.vc_custom_1649145401454{padding-bottom: 0px !important;}&#8220;][vc_row][vc_column width=&#8220;1\/6&#8243;][\/vc_column][vc_column width=&#8220;4\/6&#8243; el_class=&#8220;tablet_full_width&#8220;][vc_column_text el_class=&#8220;text-center&#8220;]<\/p>\n<p style=\"text-align: center;\"><ins>Der Expertenansatz<\/ins><\/p>\n<h2 style=\"text-align: center;\">Spezialit\u00e4ten &amp; Erlebnisse<\/h2>\n<h3 style=\"text-align: center;\">Produkte und L\u00f6sungen, die f\u00fcr relevante Anwendungen und\/oder Projekte geeignet sind.<\/h3>\n<p style=\"text-align: center;\">Bei Mulder-Hardenberg gibt es mehrere Spezialisten, die unsere Kunden in der Industrie bei Projekten unterst\u00fctzen k\u00f6nnen. F\u00fcr diese Spezialit\u00e4ten helfen unsere Produktexperten gerne bei jedem Projekt oder Problem.<\/p>\n<p>[\/vc_column_text][vc_empty_space][\/vc_column][vc_column width=&#8220;1\/6&#8243;][\/vc_column][\/vc_row][vc_row][vc_column][vc_basic_grid post_type=&#8220;page&#8220; max_items=&#8220;4&#8243; element_width=&#8220;3&#8243; orderby=&#8220;menu_order&#8220; order=&#8220;ASC&#8220; item=&#8220;masonryGrid_Default&#8220; initial_loading_animation=&#8220;none&#8220; grid_id=&#8220;vc_gid:1671118583595-347d43cc-bc57-10&#8243; el_class=&#8220;solutions-post-grid&#8220; taxonomies=&#8220;140, 132, 130, 133&#8243;][\/vc_column][\/vc_row][\/vc_section]<\/p>\n<\/div>","protected":false},"excerpt":{"rendered":"<p>Brady Produziert und liefert Gesamtl\u00f6sungen f\u00fcr die Identifizierung und Sicherheit von Personen, Produkten und Orten. Brady pflegt seit Mitte der neunziger Jahre eine \u00e4u\u00dferst gute Partnerschaft mit Mulder-Hardenberg. Lassen Sie sich von M-H im Bereich Kennzeichnung und Kennzeichnung beraten. L\u00f6sung Brady-Identifikation und -Kennzeichnung Brady ist zusammen mit Mulder-Hardenberg Identifikationspartner in verschiedenen Branchen, da die neuesten&hellip;<\/p>\n","protected":false},"author":2,"featured_media":6462,"parent":0,"menu_order":0,"comment_status":"closed","ping_status":"closed","template":"","meta":{"inline_featured_image":false,"footnotes":"","_links_to":"","_links_to_target":""},"categories":[69],"tags":[],"class_list":["post-7282","page","type-page","status-publish","has-post-thumbnail","hentry","category-leveranciers-de","description-off"],"yoast_head":"<!-- This site is optimized with the Yoast SEO plugin v27.3 - https:\/\/yoast.com\/product\/yoast-seo-wordpress\/ -->\n<title>Brady - Mulder-Hardenberg<\/title>\n<meta name=\"description\" content=\"Brady ist zusammen mit Mulder-Hardenberg Identifikationspartner in verschiedenen Branchen, da die neuesten Industriestandards bei Identifikations- und Sicherheitsl\u00f6sungen ber\u00fccksichtigt werden.\" \/>\n<meta name=\"robots\" content=\"index, follow, max-snippet:-1, max-image-preview:large, max-video-preview:-1\" \/>\n<link rel=\"canonical\" href=\"https:\/\/mulder-hardenberg.com\/de\/brady\/\" \/>\n<meta property=\"og:locale\" content=\"de_DE\" \/>\n<meta property=\"og:type\" content=\"article\" \/>\n<meta property=\"og:title\" content=\"Brady - Mulder-Hardenberg\" \/>\n<meta property=\"og:description\" content=\"Brady ist zusammen mit Mulder-Hardenberg Identifikationspartner in verschiedenen Branchen, da die neuesten Industriestandards bei Identifikations- und Sicherheitsl\u00f6sungen ber\u00fccksichtigt werden.\" \/>\n<meta property=\"og:url\" content=\"https:\/\/mulder-hardenberg.com\/de\/brady\/\" \/>\n<meta property=\"og:site_name\" content=\"Mulder-Hardenberg\" \/>\n<meta property=\"article:modified_time\" content=\"2022-12-15T15:37:12+00:00\" \/>\n<meta property=\"og:image\" content=\"https:\/\/mulder-hardenberg.com\/wp-content\/uploads\/draagbare-printer_bmp41_6web.jpg\" \/>\n\t<meta property=\"og:image:width\" content=\"512\" \/>\n\t<meta property=\"og:image:height\" content=\"459\" \/>\n\t<meta property=\"og:image:type\" content=\"image\/jpeg\" \/>\n<meta name=\"twitter:card\" content=\"summary_large_image\" \/>\n<meta name=\"twitter:label1\" content=\"Gesch\u00e4tzte Lesezeit\" \/>\n\t<meta name=\"twitter:data1\" content=\"2\u00a0Minuten\" \/>\n<script type=\"application\/ld+json\" class=\"yoast-schema-graph\">{\"@context\":\"https:\\\/\\\/schema.org\",\"@graph\":[{\"@type\":\"WebPage\",\"@id\":\"https:\\\/\\\/mulder-hardenberg.com\\\/de\\\/brady\\\/\",\"url\":\"https:\\\/\\\/mulder-hardenberg.com\\\/de\\\/brady\\\/\",\"name\":\"Brady - Mulder-Hardenberg\",\"isPartOf\":{\"@id\":\"https:\\\/\\\/mulder-hardenberg.com\\\/de\\\/#website\"},\"primaryImageOfPage\":{\"@id\":\"https:\\\/\\\/mulder-hardenberg.com\\\/de\\\/brady\\\/#primaryimage\"},\"image\":{\"@id\":\"https:\\\/\\\/mulder-hardenberg.com\\\/de\\\/brady\\\/#primaryimage\"},\"thumbnailUrl\":\"https:\\\/\\\/mulder-hardenberg.com\\\/wp-content\\\/uploads\\\/draagbare-printer_bmp41_6web.jpg\",\"datePublished\":\"2022-06-29T10:20:40+00:00\",\"dateModified\":\"2022-12-15T15:37:12+00:00\",\"description\":\"Brady ist zusammen mit Mulder-Hardenberg Identifikationspartner in verschiedenen Branchen, da die neuesten Industriestandards bei Identifikations- und Sicherheitsl\u00f6sungen ber\u00fccksichtigt werden.\",\"breadcrumb\":{\"@id\":\"https:\\\/\\\/mulder-hardenberg.com\\\/de\\\/brady\\\/#breadcrumb\"},\"inLanguage\":\"de\",\"potentialAction\":[{\"@type\":\"ReadAction\",\"target\":[\"https:\\\/\\\/mulder-hardenberg.com\\\/de\\\/brady\\\/\"]}]},{\"@type\":\"ImageObject\",\"inLanguage\":\"de\",\"@id\":\"https:\\\/\\\/mulder-hardenberg.com\\\/de\\\/brady\\\/#primaryimage\",\"url\":\"https:\\\/\\\/mulder-hardenberg.com\\\/wp-content\\\/uploads\\\/draagbare-printer_bmp41_6web.jpg\",\"contentUrl\":\"https:\\\/\\\/mulder-hardenberg.com\\\/wp-content\\\/uploads\\\/draagbare-printer_bmp41_6web.jpg\",\"width\":512,\"height\":459},{\"@type\":\"BreadcrumbList\",\"@id\":\"https:\\\/\\\/mulder-hardenberg.com\\\/de\\\/brady\\\/#breadcrumb\",\"itemListElement\":[{\"@type\":\"ListItem\",\"position\":1,\"name\":\"Home\",\"item\":\"https:\\\/\\\/mulder-hardenberg.com\\\/de\\\/\"},{\"@type\":\"ListItem\",\"position\":2,\"name\":\"Brady\"}]},{\"@type\":\"WebSite\",\"@id\":\"https:\\\/\\\/mulder-hardenberg.com\\\/de\\\/#website\",\"url\":\"https:\\\/\\\/mulder-hardenberg.com\\\/de\\\/\",\"name\":\"Mulder-Hardenberg\",\"description\":\"\",\"publisher\":{\"@id\":\"https:\\\/\\\/mulder-hardenberg.com\\\/de\\\/#organization\"},\"potentialAction\":[{\"@type\":\"SearchAction\",\"target\":{\"@type\":\"EntryPoint\",\"urlTemplate\":\"https:\\\/\\\/mulder-hardenberg.com\\\/de\\\/?s={search_term_string}\"},\"query-input\":{\"@type\":\"PropertyValueSpecification\",\"valueRequired\":true,\"valueName\":\"search_term_string\"}}],\"inLanguage\":\"de\"},{\"@type\":\"Organization\",\"@id\":\"https:\\\/\\\/mulder-hardenberg.com\\\/de\\\/#organization\",\"name\":\"Mulder Hardenberg\",\"url\":\"https:\\\/\\\/mulder-hardenberg.com\\\/de\\\/\",\"logo\":{\"@type\":\"ImageObject\",\"inLanguage\":\"de\",\"@id\":\"https:\\\/\\\/mulder-hardenberg.com\\\/de\\\/#\\\/schema\\\/logo\\\/image\\\/\",\"url\":\"https:\\\/\\\/mulder-hardenberg.com\\\/wp-content\\\/uploads\\\/Logo-Mulder-Hardenberg-website.png\",\"contentUrl\":\"https:\\\/\\\/mulder-hardenberg.com\\\/wp-content\\\/uploads\\\/Logo-Mulder-Hardenberg-website.png\",\"width\":318,\"height\":62,\"caption\":\"Mulder Hardenberg\"},\"image\":{\"@id\":\"https:\\\/\\\/mulder-hardenberg.com\\\/de\\\/#\\\/schema\\\/logo\\\/image\\\/\"}}]}<\/script>\n<!-- \/ Yoast SEO plugin. -->","yoast_head_json":{"title":"Brady - Mulder-Hardenberg","description":"Brady ist zusammen mit Mulder-Hardenberg Identifikationspartner in verschiedenen Branchen, da die neuesten Industriestandards bei Identifikations- und Sicherheitsl\u00f6sungen ber\u00fccksichtigt werden.","robots":{"index":"index","follow":"follow","max-snippet":"max-snippet:-1","max-image-preview":"max-image-preview:large","max-video-preview":"max-video-preview:-1"},"canonical":"https:\/\/mulder-hardenberg.com\/de\/brady\/","og_locale":"de_DE","og_type":"article","og_title":"Brady - Mulder-Hardenberg","og_description":"Brady ist zusammen mit Mulder-Hardenberg Identifikationspartner in verschiedenen Branchen, da die neuesten Industriestandards bei Identifikations- und Sicherheitsl\u00f6sungen ber\u00fccksichtigt werden.","og_url":"https:\/\/mulder-hardenberg.com\/de\/brady\/","og_site_name":"Mulder-Hardenberg","article_modified_time":"2022-12-15T15:37:12+00:00","og_image":[{"width":512,"height":459,"url":"https:\/\/mulder-hardenberg.com\/wp-content\/uploads\/draagbare-printer_bmp41_6web.jpg","type":"image\/jpeg"}],"twitter_card":"summary_large_image","twitter_misc":{"Gesch\u00e4tzte Lesezeit":"2\u00a0Minuten"},"schema":{"@context":"https:\/\/schema.org","@graph":[{"@type":"WebPage","@id":"https:\/\/mulder-hardenberg.com\/de\/brady\/","url":"https:\/\/mulder-hardenberg.com\/de\/brady\/","name":"Brady - Mulder-Hardenberg","isPartOf":{"@id":"https:\/\/mulder-hardenberg.com\/de\/#website"},"primaryImageOfPage":{"@id":"https:\/\/mulder-hardenberg.com\/de\/brady\/#primaryimage"},"image":{"@id":"https:\/\/mulder-hardenberg.com\/de\/brady\/#primaryimage"},"thumbnailUrl":"https:\/\/mulder-hardenberg.com\/wp-content\/uploads\/draagbare-printer_bmp41_6web.jpg","datePublished":"2022-06-29T10:20:40+00:00","dateModified":"2022-12-15T15:37:12+00:00","description":"Brady ist zusammen mit Mulder-Hardenberg Identifikationspartner in verschiedenen Branchen, da die neuesten Industriestandards bei Identifikations- und Sicherheitsl\u00f6sungen ber\u00fccksichtigt werden.","breadcrumb":{"@id":"https:\/\/mulder-hardenberg.com\/de\/brady\/#breadcrumb"},"inLanguage":"de","potentialAction":[{"@type":"ReadAction","target":["https:\/\/mulder-hardenberg.com\/de\/brady\/"]}]},{"@type":"ImageObject","inLanguage":"de","@id":"https:\/\/mulder-hardenberg.com\/de\/brady\/#primaryimage","url":"https:\/\/mulder-hardenberg.com\/wp-content\/uploads\/draagbare-printer_bmp41_6web.jpg","contentUrl":"https:\/\/mulder-hardenberg.com\/wp-content\/uploads\/draagbare-printer_bmp41_6web.jpg","width":512,"height":459},{"@type":"BreadcrumbList","@id":"https:\/\/mulder-hardenberg.com\/de\/brady\/#breadcrumb","itemListElement":[{"@type":"ListItem","position":1,"name":"Home","item":"https:\/\/mulder-hardenberg.com\/de\/"},{"@type":"ListItem","position":2,"name":"Brady"}]},{"@type":"WebSite","@id":"https:\/\/mulder-hardenberg.com\/de\/#website","url":"https:\/\/mulder-hardenberg.com\/de\/","name":"Mulder-Hardenberg","description":"","publisher":{"@id":"https:\/\/mulder-hardenberg.com\/de\/#organization"},"potentialAction":[{"@type":"SearchAction","target":{"@type":"EntryPoint","urlTemplate":"https:\/\/mulder-hardenberg.com\/de\/?s={search_term_string}"},"query-input":{"@type":"PropertyValueSpecification","valueRequired":true,"valueName":"search_term_string"}}],"inLanguage":"de"},{"@type":"Organization","@id":"https:\/\/mulder-hardenberg.com\/de\/#organization","name":"Mulder Hardenberg","url":"https:\/\/mulder-hardenberg.com\/de\/","logo":{"@type":"ImageObject","inLanguage":"de","@id":"https:\/\/mulder-hardenberg.com\/de\/#\/schema\/logo\/image\/","url":"https:\/\/mulder-hardenberg.com\/wp-content\/uploads\/Logo-Mulder-Hardenberg-website.png","contentUrl":"https:\/\/mulder-hardenberg.com\/wp-content\/uploads\/Logo-Mulder-Hardenberg-website.png","width":318,"height":62,"caption":"Mulder Hardenberg"},"image":{"@id":"https:\/\/mulder-hardenberg.com\/de\/#\/schema\/logo\/image\/"}}]}},"_links":{"self":[{"href":"https:\/\/mulder-hardenberg.com\/de\/wp-json\/wp\/v2\/pages\/7282","targetHints":{"allow":["GET"]}}],"collection":[{"href":"https:\/\/mulder-hardenberg.com\/de\/wp-json\/wp\/v2\/pages"}],"about":[{"href":"https:\/\/mulder-hardenberg.com\/de\/wp-json\/wp\/v2\/types\/page"}],"author":[{"embeddable":true,"href":"https:\/\/mulder-hardenberg.com\/de\/wp-json\/wp\/v2\/users\/2"}],"replies":[{"embeddable":true,"href":"https:\/\/mulder-hardenberg.com\/de\/wp-json\/wp\/v2\/comments?post=7282"}],"version-history":[{"count":10,"href":"https:\/\/mulder-hardenberg.com\/de\/wp-json\/wp\/v2\/pages\/7282\/revisions"}],"predecessor-version":[{"id":8756,"href":"https:\/\/mulder-hardenberg.com\/de\/wp-json\/wp\/v2\/pages\/7282\/revisions\/8756"}],"wp:featuredmedia":[{"embeddable":true,"href":"https:\/\/mulder-hardenberg.com\/de\/wp-json\/wp\/v2\/media\/6462"}],"wp:attachment":[{"href":"https:\/\/mulder-hardenberg.com\/de\/wp-json\/wp\/v2\/media?parent=7282"}],"wp:term":[{"taxonomy":"category","embeddable":true,"href":"https:\/\/mulder-hardenberg.com\/de\/wp-json\/wp\/v2\/categories?post=7282"},{"taxonomy":"post_tag","embeddable":true,"href":"https:\/\/mulder-hardenberg.com\/de\/wp-json\/wp\/v2\/tags?post=7282"}],"curies":[{"name":"wp","href":"https:\/\/api.w.org\/{rel}","templated":true}]}}