{"id":4525,"date":"2021-07-21T12:24:52","date_gmt":"2021-07-21T10:24:52","guid":{"rendered":"https:\/\/mulder-hardenberg.com\/disclaimer\/"},"modified":"2025-08-28T16:34:48","modified_gmt":"2025-08-28T14:34:48","slug":"haftungsausschluss","status":"publish","type":"page","link":"https:\/\/mulder-hardenberg.com\/de\/haftungsausschluss\/","title":{"rendered":"Haftungsausschluss"},"content":{"rendered":"<div class=\"wpb-content-wrapper\"><p>[vc_section full_width=&#8220;stretch_row&#8220; content_placement=&#8220;middle&#8220; el_class=&#8220;banner banner-small gradient gradient-blue&#8220; css=&#8220;.vc_custom_1626877833388{background-image: url(https:\/\/mulder-hardenberg.com\/wp-content\/uploads\/over-ons-banner.jpeg?id=500) !important;background-position: center !important;background-repeat: no-repeat !important;background-size: cover !important;}&#8220;][vc_row][vc_column width=&#8220;3\/5&#8243;][vc_column_text el_class=&#8220;text-white&#8220;]<\/p>\n<h1>Haftungsausschluss<\/h1>\n<p>[\/vc_column_text][\/vc_column][vc_column width=&#8220;2\/5&#8243;][\/vc_column][\/vc_row][\/vc_section][vc_section full_width=&#8220;stretch_row&#8220; el_class=&#8220;dg-padding-mid&#8220;][vc_row][vc_column][vc_column_text]<\/p>\n<h2 class=\"p1\"><strong>Haftungsausschluss 2021<\/strong><\/h2>\n<p class=\"p1\">Den Inhalten dieser Website wurde viel Aufmerksamkeit und Sorgfalt gewidmet und sie werden regelm\u00e4\u00dfig aktualisiert. Alle Informationen werden von Mulder-Hardenberg zur Verf\u00fcgung gestellt. Trotz der fortw\u00e4hrenden Sorgfalt und Aufmerksamkeit, die wir bei der Zusammenstellung dieser Website anwenden, ist es m\u00f6glich, dass die hier ver\u00f6ffentlichten Informationen unvollst\u00e4ndig sind oder Ungenauigkeiten enthalten. Wenn dies der Fall ist, werden wir alles tun, um sicherzustellen, dass Korrekturen so schnell wie m\u00f6glich vorgenommen werden. Wir haften nicht f\u00fcr direkte oder indirekte Sch\u00e4den, die aus der Nutzung der Website oder von Informationen von der Website oder \u00fcber die Website resultieren.<\/p>\n<p class=\"p1\">F\u00fcr alle Produkte und Dienstleistungen gelten unsere allgemeinen Verkaufs- und Lieferbedingungen, diese finden Sie <a href=\"https:\/\/mulder-hardenberg.com\/de\/allgemeine-lieferbedingungen\/\">hier<\/a> oder werden Ihnen auf Anfrage zugesandt. Sofern \u00fcber einen Link auf Webseiten Dritter verwiesen wird, \u00fcbernehmen wir keine Haftung f\u00fcr deren Verf\u00fcgbarkeit und Inhalt.<\/p>\n<h2 class=\"p1\"><strong>Geistiges Eigentum<\/strong><\/h2>\n<p class=\"p1\">Sie haben das Recht, die Informationen auf dieser Website f\u00fcr den pers\u00f6nlichen Gebrauch zu konsultieren, herunterzuladen und zu reproduzieren, solange Sie die Quelle in \u00dcbereinstimmung mit den Bestimmungen des Urheberrechts und anderer Rechtsgesetze angeben. Die Bilder auf dieser Site sind gesch\u00fctzt und die Vervielf\u00e4ltigung oder Verwendung von Informationen (Ton, Bilder, Software usw.) muss im Voraus genehmigt werden.<\/p>\n<h2 class=\"p1\"><strong>Google Analytics<\/strong><\/h2>\n<p class=\"p1\">Diese Website verwendet Google Analytics-Dienste. Mulder-Hardenberg hat mit Google einen Verarbeitungsvertrag abgeschlossen. Mulder-Hardenberg teilt keine Daten mit Google. Alle Daten werden anonym verarbeitet. Die erhobenen Daten werden nicht f\u00fcr Werbezwecke, wie Retargeting \u00fcber Social Media oder das Google Display Network verwendet.<\/p>\n<p class=\"p1\">Die Datenschutzerkl\u00e4rung von Google erl\u00e4utert die Verwendung von Google genauer:<\/p>\n<p><a href=\"https:\/\/support.google.com\/analytics\/answer\/6004245?hl=de\">https:\/\/support.google.com\/analytics\/answer\/6004245?hl=de<\/a><\/p>\n<p class=\"p1\">Inhaber der Website: Mulder-Hardenberg B.V., H.N. Werkmanweg 17, 2031 BA Haarlem, Niederlande<\/p>\n<p class=\"p1\">Website-Content-Management: Abteilung Marketingkommunikation, Mulder-Hardenberg B.V.<\/p>\n<p>[\/vc_column_text][\/vc_column][\/vc_row][\/vc_section]<\/p>\n<\/div>","protected":false},"excerpt":{"rendered":"<p>[vc_section full_width=&#8220;stretch_row&#8220; content_placement=&#8220;middle&#8220; el_class=&#8220;banner banner-small gradient gradient-blue&#8220; css=&#8220;.vc_custom_1626877833388{background-image: url(https:\/\/mulder-hardenberg.com\/wp-content\/uploads\/over-ons-banner.jpeg?id=500) !important;background-position: center !important;background-repeat: no-repeat !important;background-size: cover !important;}&#8220;][vc_row][vc_column width=&#8220;3\/5&#8243;][vc_column_text el_class=&#8220;text-white&#8220;] Haftungsausschluss [\/vc_column_text][\/vc_column][vc_column width=&#8220;2\/5&#8243;][\/vc_column][\/vc_row][\/vc_section][vc_section full_width=&#8220;stretch_row&#8220; el_class=&#8220;dg-padding-mid&#8220;][vc_row][vc_column][vc_column_text] Haftungsausschluss 2021 Den Inhalten dieser Website wurde viel Aufmerksamkeit und Sorgfalt gewidmet und sie werden regelm\u00e4\u00dfig aktualisiert. Alle Informationen werden von Mulder-Hardenberg zur Verf\u00fcgung gestellt. Trotz der fortw\u00e4hrenden Sorgfalt und Aufmerksamkeit, die&hellip;<\/p>\n","protected":false},"author":2,"featured_media":0,"parent":0,"menu_order":0,"comment_status":"closed","ping_status":"closed","template":"","meta":{"inline_featured_image":false,"footnotes":"","_links_to":"","_links_to_target":""},"categories":[],"tags":[],"class_list":["post-4525","page","type-page","status-publish","hentry","description-off"],"yoast_head":"<!-- This site is optimized with the Yoast SEO plugin v27.3 - https:\/\/yoast.com\/product\/yoast-seo-wordpress\/ -->\n<title>Haftungsausschluss - Mulder-Hardenberg<\/title>\n<meta name=\"robots\" content=\"index, follow, max-snippet:-1, max-image-preview:large, max-video-preview:-1\" \/>\n<link rel=\"canonical\" href=\"https:\/\/mulder-hardenberg.com\/de\/haftungsausschluss\/\" \/>\n<meta property=\"og:locale\" content=\"de_DE\" \/>\n<meta property=\"og:type\" content=\"article\" \/>\n<meta property=\"og:title\" content=\"Haftungsausschluss - Mulder-Hardenberg\" \/>\n<meta property=\"og:description\" content=\"[vc_section full_width=&#8220;stretch_row&#8220; content_placement=&#8220;middle&#8220; el_class=&#8220;banner banner-small gradient gradient-blue&#8220; css=&#8220;.vc_custom_1626877833388{background-image: url(https:\/\/mulder-hardenberg.com\/wp-content\/uploads\/over-ons-banner.jpeg?id=500) !important;background-position: center !important;background-repeat: no-repeat !important;background-size: cover !important;}&#8220;][vc_row][vc_column width=&#8220;3\/5&#8243;][vc_column_text el_class=&#8220;text-white&#8220;] Haftungsausschluss [\/vc_column_text][\/vc_column][vc_column width=&#8220;2\/5&#8243;][\/vc_column][\/vc_row][\/vc_section][vc_section full_width=&#8220;stretch_row&#8220; el_class=&#8220;dg-padding-mid&#8220;][vc_row][vc_column][vc_column_text] Haftungsausschluss 2021 Den Inhalten dieser Website wurde viel Aufmerksamkeit und Sorgfalt gewidmet und sie werden regelm\u00e4\u00dfig aktualisiert. Alle Informationen werden von Mulder-Hardenberg zur Verf\u00fcgung gestellt. Trotz der fortw\u00e4hrenden Sorgfalt und Aufmerksamkeit, die&hellip;\" \/>\n<meta property=\"og:url\" content=\"https:\/\/mulder-hardenberg.com\/de\/haftungsausschluss\/\" \/>\n<meta property=\"og:site_name\" content=\"Mulder-Hardenberg\" \/>\n<meta property=\"article:modified_time\" content=\"2025-08-28T14:34:48+00:00\" \/>\n<meta name=\"twitter:card\" content=\"summary_large_image\" \/>\n<meta name=\"twitter:label1\" content=\"Gesch\u00e4tzte Lesezeit\" \/>\n\t<meta name=\"twitter:data1\" content=\"2\u00a0Minuten\" \/>\n<script type=\"application\/ld+json\" class=\"yoast-schema-graph\">{\"@context\":\"https:\\\/\\\/schema.org\",\"@graph\":[{\"@type\":\"WebPage\",\"@id\":\"https:\\\/\\\/mulder-hardenberg.com\\\/de\\\/haftungsausschluss\\\/\",\"url\":\"https:\\\/\\\/mulder-hardenberg.com\\\/de\\\/haftungsausschluss\\\/\",\"name\":\"Haftungsausschluss - Mulder-Hardenberg\",\"isPartOf\":{\"@id\":\"https:\\\/\\\/mulder-hardenberg.com\\\/de\\\/#website\"},\"datePublished\":\"2021-07-21T10:24:52+00:00\",\"dateModified\":\"2025-08-28T14:34:48+00:00\",\"breadcrumb\":{\"@id\":\"https:\\\/\\\/mulder-hardenberg.com\\\/de\\\/haftungsausschluss\\\/#breadcrumb\"},\"inLanguage\":\"de\",\"potentialAction\":[{\"@type\":\"ReadAction\",\"target\":[\"https:\\\/\\\/mulder-hardenberg.com\\\/de\\\/haftungsausschluss\\\/\"]}]},{\"@type\":\"BreadcrumbList\",\"@id\":\"https:\\\/\\\/mulder-hardenberg.com\\\/de\\\/haftungsausschluss\\\/#breadcrumb\",\"itemListElement\":[{\"@type\":\"ListItem\",\"position\":1,\"name\":\"Home\",\"item\":\"https:\\\/\\\/mulder-hardenberg.com\\\/de\\\/\"},{\"@type\":\"ListItem\",\"position\":2,\"name\":\"Haftungsausschluss\"}]},{\"@type\":\"WebSite\",\"@id\":\"https:\\\/\\\/mulder-hardenberg.com\\\/de\\\/#website\",\"url\":\"https:\\\/\\\/mulder-hardenberg.com\\\/de\\\/\",\"name\":\"Mulder-Hardenberg\",\"description\":\"\",\"publisher\":{\"@id\":\"https:\\\/\\\/mulder-hardenberg.com\\\/de\\\/#organization\"},\"potentialAction\":[{\"@type\":\"SearchAction\",\"target\":{\"@type\":\"EntryPoint\",\"urlTemplate\":\"https:\\\/\\\/mulder-hardenberg.com\\\/de\\\/?s={search_term_string}\"},\"query-input\":{\"@type\":\"PropertyValueSpecification\",\"valueRequired\":true,\"valueName\":\"search_term_string\"}}],\"inLanguage\":\"de\"},{\"@type\":\"Organization\",\"@id\":\"https:\\\/\\\/mulder-hardenberg.com\\\/de\\\/#organization\",\"name\":\"Mulder Hardenberg\",\"url\":\"https:\\\/\\\/mulder-hardenberg.com\\\/de\\\/\",\"logo\":{\"@type\":\"ImageObject\",\"inLanguage\":\"de\",\"@id\":\"https:\\\/\\\/mulder-hardenberg.com\\\/de\\\/#\\\/schema\\\/logo\\\/image\\\/\",\"url\":\"https:\\\/\\\/mulder-hardenberg.com\\\/wp-content\\\/uploads\\\/Logo-Mulder-Hardenberg-website.png\",\"contentUrl\":\"https:\\\/\\\/mulder-hardenberg.com\\\/wp-content\\\/uploads\\\/Logo-Mulder-Hardenberg-website.png\",\"width\":318,\"height\":62,\"caption\":\"Mulder Hardenberg\"},\"image\":{\"@id\":\"https:\\\/\\\/mulder-hardenberg.com\\\/de\\\/#\\\/schema\\\/logo\\\/image\\\/\"}}]}<\/script>\n<!-- \/ Yoast SEO plugin. -->","yoast_head_json":{"title":"Haftungsausschluss - Mulder-Hardenberg","robots":{"index":"index","follow":"follow","max-snippet":"max-snippet:-1","max-image-preview":"max-image-preview:large","max-video-preview":"max-video-preview:-1"},"canonical":"https:\/\/mulder-hardenberg.com\/de\/haftungsausschluss\/","og_locale":"de_DE","og_type":"article","og_title":"Haftungsausschluss - Mulder-Hardenberg","og_description":"[vc_section full_width=&#8220;stretch_row&#8220; content_placement=&#8220;middle&#8220; el_class=&#8220;banner banner-small gradient gradient-blue&#8220; css=&#8220;.vc_custom_1626877833388{background-image: url(https:\/\/mulder-hardenberg.com\/wp-content\/uploads\/over-ons-banner.jpeg?id=500) !important;background-position: center !important;background-repeat: no-repeat !important;background-size: cover !important;}&#8220;][vc_row][vc_column width=&#8220;3\/5&#8243;][vc_column_text el_class=&#8220;text-white&#8220;] Haftungsausschluss [\/vc_column_text][\/vc_column][vc_column width=&#8220;2\/5&#8243;][\/vc_column][\/vc_row][\/vc_section][vc_section full_width=&#8220;stretch_row&#8220; el_class=&#8220;dg-padding-mid&#8220;][vc_row][vc_column][vc_column_text] Haftungsausschluss 2021 Den Inhalten dieser Website wurde viel Aufmerksamkeit und Sorgfalt gewidmet und sie werden regelm\u00e4\u00dfig aktualisiert. Alle Informationen werden von Mulder-Hardenberg zur Verf\u00fcgung gestellt. Trotz der fortw\u00e4hrenden Sorgfalt und Aufmerksamkeit, die&hellip;","og_url":"https:\/\/mulder-hardenberg.com\/de\/haftungsausschluss\/","og_site_name":"Mulder-Hardenberg","article_modified_time":"2025-08-28T14:34:48+00:00","twitter_card":"summary_large_image","twitter_misc":{"Gesch\u00e4tzte Lesezeit":"2\u00a0Minuten"},"schema":{"@context":"https:\/\/schema.org","@graph":[{"@type":"WebPage","@id":"https:\/\/mulder-hardenberg.com\/de\/haftungsausschluss\/","url":"https:\/\/mulder-hardenberg.com\/de\/haftungsausschluss\/","name":"Haftungsausschluss - Mulder-Hardenberg","isPartOf":{"@id":"https:\/\/mulder-hardenberg.com\/de\/#website"},"datePublished":"2021-07-21T10:24:52+00:00","dateModified":"2025-08-28T14:34:48+00:00","breadcrumb":{"@id":"https:\/\/mulder-hardenberg.com\/de\/haftungsausschluss\/#breadcrumb"},"inLanguage":"de","potentialAction":[{"@type":"ReadAction","target":["https:\/\/mulder-hardenberg.com\/de\/haftungsausschluss\/"]}]},{"@type":"BreadcrumbList","@id":"https:\/\/mulder-hardenberg.com\/de\/haftungsausschluss\/#breadcrumb","itemListElement":[{"@type":"ListItem","position":1,"name":"Home","item":"https:\/\/mulder-hardenberg.com\/de\/"},{"@type":"ListItem","position":2,"name":"Haftungsausschluss"}]},{"@type":"WebSite","@id":"https:\/\/mulder-hardenberg.com\/de\/#website","url":"https:\/\/mulder-hardenberg.com\/de\/","name":"Mulder-Hardenberg","description":"","publisher":{"@id":"https:\/\/mulder-hardenberg.com\/de\/#organization"},"potentialAction":[{"@type":"SearchAction","target":{"@type":"EntryPoint","urlTemplate":"https:\/\/mulder-hardenberg.com\/de\/?s={search_term_string}"},"query-input":{"@type":"PropertyValueSpecification","valueRequired":true,"valueName":"search_term_string"}}],"inLanguage":"de"},{"@type":"Organization","@id":"https:\/\/mulder-hardenberg.com\/de\/#organization","name":"Mulder Hardenberg","url":"https:\/\/mulder-hardenberg.com\/de\/","logo":{"@type":"ImageObject","inLanguage":"de","@id":"https:\/\/mulder-hardenberg.com\/de\/#\/schema\/logo\/image\/","url":"https:\/\/mulder-hardenberg.com\/wp-content\/uploads\/Logo-Mulder-Hardenberg-website.png","contentUrl":"https:\/\/mulder-hardenberg.com\/wp-content\/uploads\/Logo-Mulder-Hardenberg-website.png","width":318,"height":62,"caption":"Mulder Hardenberg"},"image":{"@id":"https:\/\/mulder-hardenberg.com\/de\/#\/schema\/logo\/image\/"}}]}},"_links":{"self":[{"href":"https:\/\/mulder-hardenberg.com\/de\/wp-json\/wp\/v2\/pages\/4525","targetHints":{"allow":["GET"]}}],"collection":[{"href":"https:\/\/mulder-hardenberg.com\/de\/wp-json\/wp\/v2\/pages"}],"about":[{"href":"https:\/\/mulder-hardenberg.com\/de\/wp-json\/wp\/v2\/types\/page"}],"author":[{"embeddable":true,"href":"https:\/\/mulder-hardenberg.com\/de\/wp-json\/wp\/v2\/users\/2"}],"replies":[{"embeddable":true,"href":"https:\/\/mulder-hardenberg.com\/de\/wp-json\/wp\/v2\/comments?post=4525"}],"version-history":[{"count":11,"href":"https:\/\/mulder-hardenberg.com\/de\/wp-json\/wp\/v2\/pages\/4525\/revisions"}],"predecessor-version":[{"id":13942,"href":"https:\/\/mulder-hardenberg.com\/de\/wp-json\/wp\/v2\/pages\/4525\/revisions\/13942"}],"wp:attachment":[{"href":"https:\/\/mulder-hardenberg.com\/de\/wp-json\/wp\/v2\/media?parent=4525"}],"wp:term":[{"taxonomy":"category","embeddable":true,"href":"https:\/\/mulder-hardenberg.com\/de\/wp-json\/wp\/v2\/categories?post=4525"},{"taxonomy":"post_tag","embeddable":true,"href":"https:\/\/mulder-hardenberg.com\/de\/wp-json\/wp\/v2\/tags?post=4525"}],"curies":[{"name":"wp","href":"https:\/\/api.w.org\/{rel}","templated":true}]}}