{"id":4514,"date":"2021-05-27T16:58:57","date_gmt":"2021-05-27T14:58:57","guid":{"rendered":"https:\/\/mulder-hardenberg.com\/privacy\/"},"modified":"2025-08-28T16:25:36","modified_gmt":"2025-08-28T14:25:36","slug":"datenschutz-bestimmungen","status":"publish","type":"page","link":"https:\/\/mulder-hardenberg.com\/de\/datenschutz-bestimmungen\/","title":{"rendered":"Privacy"},"content":{"rendered":"<div class=\"wpb-content-wrapper\"><p>[vc_section full_width=&#8220;stretch_row&#8220; content_placement=&#8220;middle&#8220; el_class=&#8220;banner banner-small gradient gradient-blue&#8220; css=&#8220;.vc_custom_1626877803740{background-image: url(https:\/\/mulder-hardenberg.com\/wp-content\/uploads\/over-ons-banner.jpeg?id=500) !important;background-position: center !important;background-repeat: no-repeat !important;background-size: cover !important;}&#8220;][vc_row][vc_column width=&#8220;3\/5&#8243;][vc_column_text css=&#8220;&#8220; el_class=&#8220;text-white&#8220;]<\/p>\n<h1>Datenschutz<\/h1>\n<p>[\/vc_column_text][\/vc_column][vc_column width=&#8220;2\/5&#8243;][\/vc_column][\/vc_row][\/vc_section][vc_section full_width=&#8220;stretch_row&#8220; el_class=&#8220;dg-padding-mid&#8220;][vc_row][vc_column][vc_column_text css=&#8220;&#8220;]<\/p>\n<h2>Datenschutzrichtlinie<\/h2>\n<div class=\"region region-content\">\n<div id=\"node-50\" class=\"node node-privacy clearfix\">\n<div class=\"content clearfix\">\n<div class=\"field field-name-body field-type-text-with-summary field-label-hidden\">\n<div class=\"field-items\">\n<div class=\"field-item even\">\n<p class=\"\" data-start=\"43\" data-end=\"528\"><strong data-start=\"43\" data-end=\"221\">Mulder-Hardenberg respektiert die Privatsph\u00e4re aller Nutzer ihrer Website(s) und Plattformen und behandelt die empfangenen und gespeicherten Daten sorgf\u00e4ltig und vertraulich.<\/strong><br data-start=\"221\" data-end=\"224\" \/>Wir setzen alles daran, die Zuverl\u00e4ssigkeit, Sicherheit und Integrit\u00e4t der von uns gespeicherten Daten zu gew\u00e4hrleisten. Mit der Anmeldung zu einem der Online-Newsletter von Mulder-Hardenberg erteilen Sie gleichzeitig die Zustimmung zur Speicherung Ihrer personenbezogenen Daten und Ihrer E-Mail-Adresse.<\/p>\n<p class=\"\" data-start=\"530\" data-end=\"900\">Mulder-Hardenberg verwendet diese gespeicherten Informationen, um Sie \u00fcber Aktivit\u00e4ten zu informieren, Angebote von Mulder-Hardenberg zu unterbreiten und um Webstatistiken zu erstellen. Es kann auch vorkommen, dass Mulder-Hardenberg Sie per E-Mail kontaktiert, um an einer Marktforschung teilzunehmen, mit dem Ziel, ihre Produkte und\/oder Dienstleistungen zu verbessern.<\/p>\n<p class=\"\" data-start=\"902\" data-end=\"1209\">Ihre Daten werden nicht an Dritte weitergegeben, es sei denn, dies ist aufgrund gesetzlicher Vorschriften erforderlich.<br data-start=\"1021\" data-end=\"1024\" \/>Mulder-Hardenberg verpflichtet sich zum Schutz personenbezogener Informationen in \u00dcbereinstimmung mit den Grunds\u00e4tzen fairer Informationspraktiken und den geltenden Datenschutzgesetzen.<\/p>\n<p class=\"\" data-start=\"1211\" data-end=\"1399\">Wir vertrauen darauf, Sie hiermit ausreichend informiert zu haben. Sollten Sie weitere Fragen und\/oder Anmerkungen haben, k\u00f6nnen Sie diese gerne per E-Mail an <strong data-start=\"1370\" data-end=\"1391\"><a class=\"cursor-pointer\" href=\"mailto:marketing@m-h.biz\" rel=\"noopener\" data-start=\"1372\" data-end=\"1389\">marketing@m-h.biz<\/a><\/strong> senden.<\/p>\n<\/div>\n<\/div>\n<\/div>\n<\/div>\n<\/div>\n<\/div>\n<p>[\/vc_column_text][\/vc_column][\/vc_row][\/vc_section][vc_row][vc_column][vc_column_text]<\/p>\n<p>[\/vc_column_text][\/vc_column][\/vc_row]<\/p>\n<\/div>","protected":false},"excerpt":{"rendered":"<p>[vc_section full_width=&#8220;stretch_row&#8220; content_placement=&#8220;middle&#8220; el_class=&#8220;banner banner-small gradient gradient-blue&#8220; css=&#8220;.vc_custom_1626877803740{background-image: url(https:\/\/mulder-hardenberg.com\/wp-content\/uploads\/over-ons-banner.jpeg?id=500) !important;background-position: center !important;background-repeat: no-repeat !important;background-size: cover !important;}&#8220;][vc_row][vc_column width=&#8220;3\/5&#8243;][vc_column_text css=&#8220;&#8220; el_class=&#8220;text-white&#8220;] Datenschutz [\/vc_column_text][\/vc_column][vc_column width=&#8220;2\/5&#8243;][\/vc_column][\/vc_row][\/vc_section][vc_section full_width=&#8220;stretch_row&#8220; el_class=&#8220;dg-padding-mid&#8220;][vc_row][vc_column][vc_column_text css=&#8220;&#8220;] Datenschutzrichtlinie Mulder-Hardenberg respektiert die Privatsph\u00e4re aller Nutzer ihrer Website(s) und Plattformen und behandelt die empfangenen und gespeicherten Daten sorgf\u00e4ltig und vertraulich.Wir setzen alles daran, die Zuverl\u00e4ssigkeit, Sicherheit und Integrit\u00e4t der&hellip;<\/p>\n","protected":false},"author":2,"featured_media":0,"parent":0,"menu_order":0,"comment_status":"closed","ping_status":"closed","template":"","meta":{"inline_featured_image":false,"footnotes":"","_links_to":"","_links_to_target":""},"categories":[],"tags":[],"class_list":["post-4514","page","type-page","status-publish","hentry","description-off"],"yoast_head":"<!-- This site is optimized with the Yoast SEO plugin v27.4 - https:\/\/yoast.com\/product\/yoast-seo-wordpress\/ -->\n<title>Privacy - Mulder-Hardenberg<\/title>\n<meta name=\"robots\" content=\"index, follow, max-snippet:-1, max-image-preview:large, max-video-preview:-1\" \/>\n<link rel=\"canonical\" href=\"https:\/\/mulder-hardenberg.com\/de\/datenschutz-bestimmungen\/\" \/>\n<meta property=\"og:locale\" content=\"de_DE\" \/>\n<meta property=\"og:type\" content=\"article\" \/>\n<meta property=\"og:title\" content=\"Privacy - Mulder-Hardenberg\" \/>\n<meta property=\"og:description\" content=\"[vc_section full_width=&#8220;stretch_row&#8220; content_placement=&#8220;middle&#8220; el_class=&#8220;banner banner-small gradient gradient-blue&#8220; css=&#8220;.vc_custom_1626877803740{background-image: url(https:\/\/mulder-hardenberg.com\/wp-content\/uploads\/over-ons-banner.jpeg?id=500) !important;background-position: center !important;background-repeat: no-repeat !important;background-size: cover !important;}&#8220;][vc_row][vc_column width=&#8220;3\/5&#8243;][vc_column_text css=&#8220;&#8220; el_class=&#8220;text-white&#8220;] Datenschutz [\/vc_column_text][\/vc_column][vc_column width=&#8220;2\/5&#8243;][\/vc_column][\/vc_row][\/vc_section][vc_section full_width=&#8220;stretch_row&#8220; el_class=&#8220;dg-padding-mid&#8220;][vc_row][vc_column][vc_column_text css=&#8220;&#8220;] Datenschutzrichtlinie Mulder-Hardenberg respektiert die Privatsph\u00e4re aller Nutzer ihrer Website(s) und Plattformen und behandelt die empfangenen und gespeicherten Daten sorgf\u00e4ltig und vertraulich.Wir setzen alles daran, die Zuverl\u00e4ssigkeit, Sicherheit und Integrit\u00e4t der&hellip;\" \/>\n<meta property=\"og:url\" content=\"https:\/\/mulder-hardenberg.com\/de\/datenschutz-bestimmungen\/\" \/>\n<meta property=\"og:site_name\" content=\"Mulder-Hardenberg\" \/>\n<meta property=\"article:modified_time\" content=\"2025-08-28T14:25:36+00:00\" \/>\n<meta name=\"twitter:card\" content=\"summary_large_image\" \/>\n<meta name=\"twitter:label1\" content=\"Gesch\u00e4tzte Lesezeit\" \/>\n\t<meta name=\"twitter:data1\" content=\"1\u00a0Minute\" \/>\n<script type=\"application\/ld+json\" class=\"yoast-schema-graph\">{\"@context\":\"https:\\\/\\\/schema.org\",\"@graph\":[{\"@type\":\"WebPage\",\"@id\":\"https:\\\/\\\/mulder-hardenberg.com\\\/de\\\/datenschutz-bestimmungen\\\/\",\"url\":\"https:\\\/\\\/mulder-hardenberg.com\\\/de\\\/datenschutz-bestimmungen\\\/\",\"name\":\"Privacy - Mulder-Hardenberg\",\"isPartOf\":{\"@id\":\"https:\\\/\\\/mulder-hardenberg.com\\\/de\\\/#website\"},\"datePublished\":\"2021-05-27T14:58:57+00:00\",\"dateModified\":\"2025-08-28T14:25:36+00:00\",\"breadcrumb\":{\"@id\":\"https:\\\/\\\/mulder-hardenberg.com\\\/de\\\/datenschutz-bestimmungen\\\/#breadcrumb\"},\"inLanguage\":\"de\",\"potentialAction\":[{\"@type\":\"ReadAction\",\"target\":[\"https:\\\/\\\/mulder-hardenberg.com\\\/de\\\/datenschutz-bestimmungen\\\/\"]}]},{\"@type\":\"BreadcrumbList\",\"@id\":\"https:\\\/\\\/mulder-hardenberg.com\\\/de\\\/datenschutz-bestimmungen\\\/#breadcrumb\",\"itemListElement\":[{\"@type\":\"ListItem\",\"position\":1,\"name\":\"Home\",\"item\":\"https:\\\/\\\/mulder-hardenberg.com\\\/de\\\/\"},{\"@type\":\"ListItem\",\"position\":2,\"name\":\"Privacy\"}]},{\"@type\":\"WebSite\",\"@id\":\"https:\\\/\\\/mulder-hardenberg.com\\\/de\\\/#website\",\"url\":\"https:\\\/\\\/mulder-hardenberg.com\\\/de\\\/\",\"name\":\"Mulder-Hardenberg\",\"description\":\"\",\"publisher\":{\"@id\":\"https:\\\/\\\/mulder-hardenberg.com\\\/de\\\/#organization\"},\"potentialAction\":[{\"@type\":\"SearchAction\",\"target\":{\"@type\":\"EntryPoint\",\"urlTemplate\":\"https:\\\/\\\/mulder-hardenberg.com\\\/de\\\/?s={search_term_string}\"},\"query-input\":{\"@type\":\"PropertyValueSpecification\",\"valueRequired\":true,\"valueName\":\"search_term_string\"}}],\"inLanguage\":\"de\"},{\"@type\":\"Organization\",\"@id\":\"https:\\\/\\\/mulder-hardenberg.com\\\/de\\\/#organization\",\"name\":\"Mulder Hardenberg\",\"url\":\"https:\\\/\\\/mulder-hardenberg.com\\\/de\\\/\",\"logo\":{\"@type\":\"ImageObject\",\"inLanguage\":\"de\",\"@id\":\"https:\\\/\\\/mulder-hardenberg.com\\\/de\\\/#\\\/schema\\\/logo\\\/image\\\/\",\"url\":\"https:\\\/\\\/mulder-hardenberg.com\\\/wp-content\\\/uploads\\\/Logo-Mulder-Hardenberg-website.png\",\"contentUrl\":\"https:\\\/\\\/mulder-hardenberg.com\\\/wp-content\\\/uploads\\\/Logo-Mulder-Hardenberg-website.png\",\"width\":318,\"height\":62,\"caption\":\"Mulder Hardenberg\"},\"image\":{\"@id\":\"https:\\\/\\\/mulder-hardenberg.com\\\/de\\\/#\\\/schema\\\/logo\\\/image\\\/\"}}]}<\/script>\n<!-- \/ Yoast SEO plugin. -->","yoast_head_json":{"title":"Privacy - Mulder-Hardenberg","robots":{"index":"index","follow":"follow","max-snippet":"max-snippet:-1","max-image-preview":"max-image-preview:large","max-video-preview":"max-video-preview:-1"},"canonical":"https:\/\/mulder-hardenberg.com\/de\/datenschutz-bestimmungen\/","og_locale":"de_DE","og_type":"article","og_title":"Privacy - Mulder-Hardenberg","og_description":"[vc_section full_width=&#8220;stretch_row&#8220; content_placement=&#8220;middle&#8220; el_class=&#8220;banner banner-small gradient gradient-blue&#8220; css=&#8220;.vc_custom_1626877803740{background-image: url(https:\/\/mulder-hardenberg.com\/wp-content\/uploads\/over-ons-banner.jpeg?id=500) !important;background-position: center !important;background-repeat: no-repeat !important;background-size: cover !important;}&#8220;][vc_row][vc_column width=&#8220;3\/5&#8243;][vc_column_text css=&#8220;&#8220; el_class=&#8220;text-white&#8220;] Datenschutz [\/vc_column_text][\/vc_column][vc_column width=&#8220;2\/5&#8243;][\/vc_column][\/vc_row][\/vc_section][vc_section full_width=&#8220;stretch_row&#8220; el_class=&#8220;dg-padding-mid&#8220;][vc_row][vc_column][vc_column_text css=&#8220;&#8220;] Datenschutzrichtlinie Mulder-Hardenberg respektiert die Privatsph\u00e4re aller Nutzer ihrer Website(s) und Plattformen und behandelt die empfangenen und gespeicherten Daten sorgf\u00e4ltig und vertraulich.Wir setzen alles daran, die Zuverl\u00e4ssigkeit, Sicherheit und Integrit\u00e4t der&hellip;","og_url":"https:\/\/mulder-hardenberg.com\/de\/datenschutz-bestimmungen\/","og_site_name":"Mulder-Hardenberg","article_modified_time":"2025-08-28T14:25:36+00:00","twitter_card":"summary_large_image","twitter_misc":{"Gesch\u00e4tzte Lesezeit":"1\u00a0Minute"},"schema":{"@context":"https:\/\/schema.org","@graph":[{"@type":"WebPage","@id":"https:\/\/mulder-hardenberg.com\/de\/datenschutz-bestimmungen\/","url":"https:\/\/mulder-hardenberg.com\/de\/datenschutz-bestimmungen\/","name":"Privacy - Mulder-Hardenberg","isPartOf":{"@id":"https:\/\/mulder-hardenberg.com\/de\/#website"},"datePublished":"2021-05-27T14:58:57+00:00","dateModified":"2025-08-28T14:25:36+00:00","breadcrumb":{"@id":"https:\/\/mulder-hardenberg.com\/de\/datenschutz-bestimmungen\/#breadcrumb"},"inLanguage":"de","potentialAction":[{"@type":"ReadAction","target":["https:\/\/mulder-hardenberg.com\/de\/datenschutz-bestimmungen\/"]}]},{"@type":"BreadcrumbList","@id":"https:\/\/mulder-hardenberg.com\/de\/datenschutz-bestimmungen\/#breadcrumb","itemListElement":[{"@type":"ListItem","position":1,"name":"Home","item":"https:\/\/mulder-hardenberg.com\/de\/"},{"@type":"ListItem","position":2,"name":"Privacy"}]},{"@type":"WebSite","@id":"https:\/\/mulder-hardenberg.com\/de\/#website","url":"https:\/\/mulder-hardenberg.com\/de\/","name":"Mulder-Hardenberg","description":"","publisher":{"@id":"https:\/\/mulder-hardenberg.com\/de\/#organization"},"potentialAction":[{"@type":"SearchAction","target":{"@type":"EntryPoint","urlTemplate":"https:\/\/mulder-hardenberg.com\/de\/?s={search_term_string}"},"query-input":{"@type":"PropertyValueSpecification","valueRequired":true,"valueName":"search_term_string"}}],"inLanguage":"de"},{"@type":"Organization","@id":"https:\/\/mulder-hardenberg.com\/de\/#organization","name":"Mulder Hardenberg","url":"https:\/\/mulder-hardenberg.com\/de\/","logo":{"@type":"ImageObject","inLanguage":"de","@id":"https:\/\/mulder-hardenberg.com\/de\/#\/schema\/logo\/image\/","url":"https:\/\/mulder-hardenberg.com\/wp-content\/uploads\/Logo-Mulder-Hardenberg-website.png","contentUrl":"https:\/\/mulder-hardenberg.com\/wp-content\/uploads\/Logo-Mulder-Hardenberg-website.png","width":318,"height":62,"caption":"Mulder Hardenberg"},"image":{"@id":"https:\/\/mulder-hardenberg.com\/de\/#\/schema\/logo\/image\/"}}]}},"_links":{"self":[{"href":"https:\/\/mulder-hardenberg.com\/de\/wp-json\/wp\/v2\/pages\/4514","targetHints":{"allow":["GET"]}}],"collection":[{"href":"https:\/\/mulder-hardenberg.com\/de\/wp-json\/wp\/v2\/pages"}],"about":[{"href":"https:\/\/mulder-hardenberg.com\/de\/wp-json\/wp\/v2\/types\/page"}],"author":[{"embeddable":true,"href":"https:\/\/mulder-hardenberg.com\/de\/wp-json\/wp\/v2\/users\/2"}],"replies":[{"embeddable":true,"href":"https:\/\/mulder-hardenberg.com\/de\/wp-json\/wp\/v2\/comments?post=4514"}],"version-history":[{"count":13,"href":"https:\/\/mulder-hardenberg.com\/de\/wp-json\/wp\/v2\/pages\/4514\/revisions"}],"predecessor-version":[{"id":13938,"href":"https:\/\/mulder-hardenberg.com\/de\/wp-json\/wp\/v2\/pages\/4514\/revisions\/13938"}],"wp:attachment":[{"href":"https:\/\/mulder-hardenberg.com\/de\/wp-json\/wp\/v2\/media?parent=4514"}],"wp:term":[{"taxonomy":"category","embeddable":true,"href":"https:\/\/mulder-hardenberg.com\/de\/wp-json\/wp\/v2\/categories?post=4514"},{"taxonomy":"post_tag","embeddable":true,"href":"https:\/\/mulder-hardenberg.com\/de\/wp-json\/wp\/v2\/tags?post=4514"}],"curies":[{"name":"wp","href":"https:\/\/api.w.org\/{rel}","templated":true}]}}