{"id":4503,"date":"2021-07-21T12:26:22","date_gmt":"2021-07-21T10:26:22","guid":{"rendered":"https:\/\/mulder-hardenberg.com\/algemene-leveringsvoorwaarden\/"},"modified":"2022-12-05T17:41:39","modified_gmt":"2022-12-05T15:41:39","slug":"allgemeine-lieferbedingungen","status":"publish","type":"page","link":"https:\/\/mulder-hardenberg.com\/de\/allgemeine-lieferbedingungen\/","title":{"rendered":"Allgemeine Lieferbedingungen"},"content":{"rendered":"<div class=\"wpb-content-wrapper\"><p>[vc_section full_width=&#8220;stretch_row&#8220; content_placement=&#8220;middle&#8220; el_class=&#8220;banner banner-small gradient gradient-blue&#8220; css=&#8220;.vc_custom_1626877870480{background-image: url(https:\/\/mulder-hardenberg.com\/wp-content\/uploads\/over-ons-banner.jpeg?id=500) !important;}&#8220;][vc_row][vc_column width=&#8220;3\/5&#8243;][vc_column_text el_class=&#8220;text-white&#8220;]<\/p>\n<h1>Allgemeine Lieferbedingungen<\/h1>\n<p>[\/vc_column_text][\/vc_column][vc_column width=&#8220;2\/5&#8243;][\/vc_column][\/vc_row][\/vc_section][vc_section full_width=&#8220;stretch_row&#8220; el_class=&#8220;dg-padding-mid&#8220;][vc_row][vc_column][vc_column_text]<\/p>\n<div class=\"tabs\">\n<div class=\"tabs\">\n<div class=\"region region-content\">\n<div id=\"node-201\" class=\"node node-aboutmh clearfix\">\n<div class=\"content clearfix\">\n<div class=\"field field-name-body field-type-text-with-summary field-label-hidden\">\n<div class=\"field-items\">\n<div class=\"field-item even\">\n<h2>Allgemeine Lieferbedingungen<\/h2>\n<h4>1. Allgemeines<\/h4>\n<p>1.1. Diese Allgemeinen Gesch\u00e4ftsbedingungen gelten f\u00fcr jedes Angebot des Lieferanten und f\u00fcr alle Vertr\u00e4ge, die der Lieferant mit einem Kunden abschlie\u00dft. 1.2. Abweichungen von diesen Allgemeinen Verkaufsbedingungen gelten nur, wenn und soweit sie ausdr\u00fccklich schriftlich vereinbart wurden.<\/p>\n<h4>2. Angebot und Annahme<\/h4>\n<p>2.1. Alle Angebote des Lieferanten, in welcher Form auch immer, sind freibleibend, sofern sie keine Annahmefrist enthalten. 2.2. Enth\u00e4lt ein Angebot des Lieferanten ein unverbindliches Angebot und nimmt der K\u00e4ufer dieses Angebot an, so hat der Lieferant das Recht, das Angebot innerhalb von 3 Werktagen nach Zugang der Annahme zu widerrufen.<\/p>\n<h4>3. Lieferung<\/h4>\n<p>3.1. Die Lieferung erfolgt \u201eEXW (Ex Works)\u201c im Sinne der ICC Incoterms 2010 der Internationalen Handelskammer. Dies bedeutet unter anderem, dass die Produkte ab dem Zeitpunkt, an dem sie das Werk oder Lager des Lieferanten zum Transport oder Versand verlassen, auf Rechnung und Gefahr des K\u00e4ufers gehen. 3.2. Dem Lieferanten ist es gestattet, die vereinbarten Mengen in Teilen zu liefern. Jede Teillieferung gilt als gesonderte Vereinbarung. 3.3. Die vereinbarte Lieferfrist ist keine feste Frist. Im Falle einer versp\u00e4teten Lieferung muss der Lieferant in Verzug gesetzt werden, wobei dem Lieferanten eine angemessene Frist gesetzt wird, um dem Vertrag noch nachzukommen. Wird diese weitere Frist \u00fcberschritten, ist der K\u00e4ufer nur berechtigt, den Vertrag hinsichtlich der noch nicht gelieferten Mengen aufzul\u00f6sen. 3.4. Der K\u00e4ufer \u00fcbernimmt die Produkte innerhalb der vereinbarten Frist, nachdem der Lieferant ihm mitgeteilt hat, dass die Produkte versandbereit sind. Nimmt der K\u00e4ufer die Produkte nicht innerhalb der vereinbarten Frist ab oder stellt der K\u00e4ufer die erforderlichen Informationen f\u00fcr den Transport oder Versand der Produkte nicht rechtzeitig zur Verf\u00fcgung, ist der Lieferant berechtigt, die Produkte auf Kosten einzulagern und Risiko des K\u00e4ufers, unbeschadet des Rechts des Lieferanten, Schadensersatz zu verlangen. 3.5. Wenn der Lieferant den Transport oder Versand der Produkte organisiert hat, erfolgt dies im Namen und auf Rechnung und Gefahr des Kunden.<\/p>\n<h4>4. Zahlungs- und (Verwaltungs-)Kosten<\/h4>\n<p>4.1. Die Zahlung hat innerhalb von 30 Tagen ab Rechnungsdatum zu erfolgen und gilt mit Gutschrift des Rechnungsbetrages auf dem Konto des Lieferanten als erfolgt. 4.2. Werden die vereinbarten Mengen in Teilen geliefert, ist der Lieferant berechtigt, in Teilen zu fakturieren. 4.3. Die Zahlung hat ohne Abzug oder Aufrechnung zu erfolgen. 4.4. Der Lieferant kann dem Kunden 3 % Mehrkosten in Rechnung stellen. Verrechnet der Lieferant 3 % Mehrkosten, wird dies ausdr\u00fccklich auf der Rechnung ausgewiesen. Der Kunde ist berechtigt, die auf der Rechnung ausgewiesenen Mehrkosten in H\u00f6he von 3 % abzuziehen, wenn die Zahlung der Rechnung innerhalb von 30 Tagen gem\u00e4\u00df den Bestimmungen in Ziffer 4.1 erfolgt. 4.5 Der Lieferant beh\u00e4lt sich das Recht vor, f\u00fcr Lieferungen, die einen Wert von weniger als 200,00 <span class=\"st\">\u20ac<\/span> exkl. MwSt. darstellen, einen vom Lieferanten festzulegenden Betrag f\u00fcr Verwaltungskosten in Rechnung zu stellen. 4.6. Nach Ablauf der Zahlungsfrist ger\u00e4t der Kunde ohne weitere Inverzugsetzung in Verzug und schuldet ab diesem Datum die gesetzlichen niederl\u00e4ndischen Zinsen. 4.7. Wenn der K\u00e4ufer in Verzug ist oder anderweitig eine oder mehrere seiner Verpflichtungen nicht erf\u00fcllt, gehen alle angemessenen au\u00dfergerichtlichen und gerichtlichen Kosten, die dem Lieferanten entstehen, um die Zahlung zu erhalten, vollst\u00e4ndig zu Lasten des K\u00e4ufers. 4.8. Vor (weiteren) Leistungen ist der Lieferant jederzeit berechtigt, vom Besteller eine angemessene Sicherheit oder ganz oder teilweise Vorauszahlung zu verlangen.<\/p>\n<h4>5. Eigentumsvorbehalt<\/h4>\n<p>5.1. Die vom Lieferanten gelieferten Produkte bleiben Eigentum des Lieferanten, bis alle Betr\u00e4ge, die dem Lieferanten in Bezug auf die gelieferten und zu liefernden Produkte geschuldet sind, einschlie\u00dflich Zinsen und Kosten, bezahlt sind. 5.2. Bis zu diesem Zeitpunkt ist der Kunde zur Ver\u00e4u\u00dferung oder Verarbeitung der Produkte nur berechtigt, wenn dies im Rahmen seines ordnungsgem\u00e4\u00dfen Gesch\u00e4ftsbetriebes erfolgt. 5.3. Nach Verarbeitung der Produkte wird der Lieferant Eigent\u00fcmer oder Miteigent\u00fcmer der daraus entstandenen oder teilweise entstandenen Waren und der Besteller verwahrt diese Waren ohne weiteres f\u00fcr den Lieferanten. 5.4. Erwirbt der Lieferant abweichend von Ziffer 5.3 kein (Mit-)Eigentum an den vom Kunden gebildeten Waren, so hat der Kunde auf erstes Anfordern des Lieferanten alle erforderlichen Mitwirkungshandlungen zu leisten, die f\u00fcr die Begr\u00fcndung eines besitzlosen Pfandrechts erforderlich sind (m\u00f6glicherweise oder anderweitig) gegebenenfalls auch anderen Berechtigten zufallen) an den betreffenden Waren zugunsten des Lieferanten. 5.5. Kommt der K\u00e4ufer seinen Verpflichtungen gegen\u00fcber dem Lieferanten nicht nach oder hat der Lieferant begr\u00fcndeten Anlass zu der Annahme, dass der K\u00e4ufer diesen Verpflichtungen nicht nachkommen wird, ist der Lieferant berechtigt, die von ihm gelieferten Produkte zur\u00fcckzunehmen. Dem Kunden steht an diesen Produkten kein Zur\u00fcckbehaltungsrecht zu. 5.6. Der Kunde ist verpflichtet, die gelieferten Produkte sorgf\u00e4ltig und als erkennbares Eigentum des Lieferanten aufzubewahren. Der Kunde ist au\u00dferdem verpflichtet, die gelieferten Produkte gegen Feuer-, Wasser- und Diebstahlsch\u00e4den zu versichern. Etwaige Anspr\u00fcche des Bestellers aus diesen Versicherungen verpf\u00e4ndet der Besteller an den Lieferer auf erstes Anfordern des Lieferers als zus\u00e4tzliche Sicherheit f\u00fcr die Anspr\u00fcche des Lieferers gegen den Besteller. 5.7. Solange das Eigentum an den gelieferten Produkten noch nicht auf den K\u00e4ufer \u00fcbergegangen ist, wird der K\u00e4ufer die Produkte nicht verpf\u00e4nden oder Dritten ein anderes Recht daran einr\u00e4umen. 5.8. Wenn Dritte Rechte an den unter Eigentumsvorbehalt gelieferten Produkten begr\u00fcnden oder durchsetzen wollen, ist der Kunde verpflichtet, den Lieferanten hier\u00fcber so bald wie vern\u00fcnftigerweise zu erwarten zu informieren. 5.9. Der Besteller verpflichtet sich, bei allen Ma\u00dfnahmen, die der Lieferant zum Schutz seiner Eigentumsrechte an den gelieferten Produkten trifft, im Rahmen des Zumutbaren mitzuwirken.<\/p>\n<h4>6. Werbung<\/h4>\n<p>6.1. Der Kunde hat die Produkte nach Erhalt auf M\u00e4ngel und M\u00e4ngel zu pr\u00fcfen. Erkennbare M\u00e4ngel oder M\u00e4ngel sind dem Lieferanten innerhalb von 8 Tagen nach Erhalt durch den K\u00e4ufer unter Angabe der Art der M\u00e4ngel oder M\u00e4ngel schriftlich zu melden. Nicht sichtbare M\u00e4ngel oder M\u00e4ngel m\u00fcssen dem Lieferanten innerhalb von 8 Tagen nach Entdeckung oder innerhalb von 8 Tagen, nachdem sie vern\u00fcnftigerweise h\u00e4tten entdeckt werden m\u00fcssen, unter Angabe der M\u00e4ngel oder M\u00e4ngel schriftlich gemeldet werden. 6.2. If the products do not comply with the agreement, the Supplier shall, at its option, only be obliged to replace or repair the products in question. 6.3. Jegliche Reklamation wegen Nicht\u00fcbereinstimmung der Produkte mit dem Vertrag erlischt bei versp\u00e4teter Anzeige, jedoch bei nicht sichtbaren M\u00e4ngeln sp\u00e4testens 2 Monate nach Erhalt der Produkte durch den K\u00e4ufer. 6.4. Jegliche Anspr\u00fcche wegen Vertragswidrigkeit der Produkte erl\u00f6schen, wenn die gelieferten Produkte verarbeitet, neu verpackt oder der urspr\u00fcngliche Zustand der Produkte auf andere Weise ver\u00e4ndert wurde. 6.5. Produkte k\u00f6nnen nur nach vorheriger schriftlicher Zustimmung an den Lieferanten zur\u00fcckgesandt werden. 6.6. Auch bei fristgerechter Reklamation bleibt die Verpflichtung des K\u00e4ufers zur Zahlung der gelieferten Produkte und zur Erf\u00fcllung seiner sonstigen Verpflichtungen bestehen.<\/p>\n<h4>7. H\u00f6here Gewalt<\/h4>\n<p>7.1. Unter h\u00f6herer Gewalt sind Umst\u00e4nde zu verstehen, die die Vertragserf\u00fcllung ganz oder teilweise verhindern oder ernsthaft erschweren und die den Parteien nicht zuzurechnen sind. Als h\u00f6here Gewalt gelten in jedem Fall: Feuer, extreme Wetterbedingungen, Betriebsst\u00f6rungen, Streiks und Aussperrungen, Ausfall der Lieferung oder Erbringung von Produkten oder Dienstleistungen, die im Zusammenhang mit der vom Lieferanten zu erbringenden Leistung wichtig sind, beh\u00f6rdliche Ma\u00dfnahmen einschlie\u00dflich Einfuhr und Exportbestimmungen und Transportbarrieren. 7.2. Im Falle h\u00f6herer Gewalt werden die Verpflichtungen der Parteien ausgesetzt. Wenn die h\u00f6here Gewalt l\u00e4nger als 2 Monate dauert, sind beide Parteien berechtigt, den Vertrag f\u00fcr den noch nicht erf\u00fcllten Teil ohne gerichtliche Intervention aufzul\u00f6sen, ohne dass in diesem Fall eine Verpflichtung zur Zahlung von Schadensersatz besteht. 7.3. Die Parteien haben auch das Recht, sich auf h\u00f6here Gewalt zu berufen, wenn die h\u00f6here Gewalt zu einem Zeitpunkt eintritt, zu dem eine Partei eine bestimmte Verpflichtung bereits h\u00e4tte erf\u00fcllen m\u00fcssen.<\/p>\n<h4>8. Haftung<\/h4>\n<p>8.1. Der Lieferant haftet nicht f\u00fcr Sch\u00e4den, die dem K\u00e4ufer durch die Nichtlieferung oder versp\u00e4tete Lieferung von Produkten entstehen. 8.2. Zus\u00e4tzlich zu der Verpflichtung, die Bestimmungen von Artikel 6 einzuhalten, haftet der Lieferant nur f\u00fcr Sch\u00e4den, die dem K\u00e4ufer durch M\u00e4ngel oder M\u00e4ngel an den gelieferten Produkten entstehen, bis zu einem H\u00f6chstbetrag in H\u00f6he des entsprechenden Rechnungsbetrags entsprechende Produkte. 8.3. Der Lieferant haftet jedoch niemals f\u00fcr Folgesch\u00e4den, die in jedem Fall Betriebssch\u00e4den, Sch\u00e4den durch Betriebsunterbrechung, entgangenen Gewinn und Haftung gegen\u00fcber Dritten umfassen. 8.4. Die in diesem Artikel 8 genannte Haftungsbeschr\u00e4nkung gilt mutatis mutandis in Bezug auf alle Dienstleistungen, die der Lieferant f\u00fcr den Kunden erbringt. 8.5. Die in diesem Artikel 8 genannte Haftungsbeschr\u00e4nkung gilt auch, wenn der Lieferant vom K\u00e4ufer aus anderen Gr\u00fcnden als einer Vereinbarung haftbar gemacht wird. 8.6. Die in diesem Artikel 8 genannte Haftungsbeschr\u00e4nkung gilt auch, wenn der Lieferant vom K\u00e4ufer aus anderen Gr\u00fcnden als einer Vereinbarung haftbar gemacht wird.<\/p>\n<h4>9. Geltendes Recht und Streitigkeiten<\/h4>\n<p>9.1. Alle Rechtsbeziehungen zwischen dem Lieferanten und dem Kunden unterliegen niederl\u00e4ndischem Recht. Die Bestimmungen des Wiener Kaufrechts finden keine Anwendung. Auch die Bestimmungen anderer internationaler Vorschriften \u00fcber den Kauf beweglicher k\u00f6rperlicher Gegenst\u00e4nde, deren Betrieb von den Parteien ausgeschlossen werden kann, finden keine Anwendung. 9.2. Alle Streitigkeiten, die in die uneingeschr\u00e4nkte Zust\u00e4ndigkeit der Gerichte fallen, werden ausschlie\u00dflich vom Gericht in Haarlem beigelegt. Diese Allgemeinen Lieferbedingungen sind bei der Handelskammer unter der Nummer 34053476 hinterlegt.<\/p>\n<h4><\/h4>\n<div><\/div>\n<\/div>\n<\/div>\n<\/div>\n<\/div>\n<\/div>\n<\/div>\n<\/div>\n<\/div>\n<p>[\/vc_column_text][\/vc_column][\/vc_row][\/vc_section]<\/p>\n<\/div>","protected":false},"excerpt":{"rendered":"<p>[vc_section full_width=&#8220;stretch_row&#8220; content_placement=&#8220;middle&#8220; el_class=&#8220;banner banner-small gradient gradient-blue&#8220; css=&#8220;.vc_custom_1626877870480{background-image: url(https:\/\/mulder-hardenberg.com\/wp-content\/uploads\/over-ons-banner.jpeg?id=500) !important;}&#8220;][vc_row][vc_column width=&#8220;3\/5&#8243;][vc_column_text el_class=&#8220;text-white&#8220;] Allgemeine Lieferbedingungen [\/vc_column_text][\/vc_column][vc_column width=&#8220;2\/5&#8243;][\/vc_column][\/vc_row][\/vc_section][vc_section full_width=&#8220;stretch_row&#8220; el_class=&#8220;dg-padding-mid&#8220;][vc_row][vc_column][vc_column_text] Allgemeine Lieferbedingungen 1. Allgemeines 1.1. Diese Allgemeinen Gesch\u00e4ftsbedingungen gelten f\u00fcr jedes Angebot des Lieferanten und f\u00fcr alle Vertr\u00e4ge, die der Lieferant mit einem Kunden abschlie\u00dft. 1.2. Abweichungen von diesen Allgemeinen Verkaufsbedingungen gelten nur, wenn und soweit sie&hellip;<\/p>\n","protected":false},"author":2,"featured_media":0,"parent":0,"menu_order":0,"comment_status":"closed","ping_status":"closed","template":"","meta":{"inline_featured_image":false,"footnotes":"","_links_to":"","_links_to_target":""},"categories":[],"tags":[],"class_list":["post-4503","page","type-page","status-publish","hentry","description-off"],"yoast_head":"<!-- This site is optimized with the Yoast SEO plugin v27.3 - https:\/\/yoast.com\/product\/yoast-seo-wordpress\/ -->\n<title>Allgemeine Lieferbedingungen - Mulder-Hardenberg<\/title>\n<meta name=\"robots\" content=\"index, follow, max-snippet:-1, max-image-preview:large, max-video-preview:-1\" \/>\n<link rel=\"canonical\" href=\"https:\/\/mulder-hardenberg.com\/de\/allgemeine-lieferbedingungen\/\" \/>\n<meta property=\"og:locale\" content=\"de_DE\" \/>\n<meta property=\"og:type\" content=\"article\" \/>\n<meta property=\"og:title\" content=\"Allgemeine Lieferbedingungen - Mulder-Hardenberg\" \/>\n<meta property=\"og:description\" content=\"[vc_section full_width=&#8220;stretch_row&#8220; content_placement=&#8220;middle&#8220; el_class=&#8220;banner banner-small gradient gradient-blue&#8220; css=&#8220;.vc_custom_1626877870480{background-image: url(https:\/\/mulder-hardenberg.com\/wp-content\/uploads\/over-ons-banner.jpeg?id=500) !important;}&#8220;][vc_row][vc_column width=&#8220;3\/5&#8243;][vc_column_text el_class=&#8220;text-white&#8220;] Allgemeine Lieferbedingungen [\/vc_column_text][\/vc_column][vc_column width=&#8220;2\/5&#8243;][\/vc_column][\/vc_row][\/vc_section][vc_section full_width=&#8220;stretch_row&#8220; el_class=&#8220;dg-padding-mid&#8220;][vc_row][vc_column][vc_column_text] Allgemeine Lieferbedingungen 1. Allgemeines 1.1. Diese Allgemeinen Gesch\u00e4ftsbedingungen gelten f\u00fcr jedes Angebot des Lieferanten und f\u00fcr alle Vertr\u00e4ge, die der Lieferant mit einem Kunden abschlie\u00dft. 1.2. Abweichungen von diesen Allgemeinen Verkaufsbedingungen gelten nur, wenn und soweit sie&hellip;\" \/>\n<meta property=\"og:url\" content=\"https:\/\/mulder-hardenberg.com\/de\/allgemeine-lieferbedingungen\/\" \/>\n<meta property=\"og:site_name\" content=\"Mulder-Hardenberg\" \/>\n<meta property=\"article:modified_time\" content=\"2022-12-05T15:41:39+00:00\" \/>\n<meta name=\"twitter:card\" content=\"summary_large_image\" \/>\n<meta name=\"twitter:label1\" content=\"Gesch\u00e4tzte Lesezeit\" \/>\n\t<meta name=\"twitter:data1\" content=\"13\u00a0Minuten\" \/>\n<script type=\"application\/ld+json\" class=\"yoast-schema-graph\">{\"@context\":\"https:\\\/\\\/schema.org\",\"@graph\":[{\"@type\":\"WebPage\",\"@id\":\"https:\\\/\\\/mulder-hardenberg.com\\\/de\\\/allgemeine-lieferbedingungen\\\/\",\"url\":\"https:\\\/\\\/mulder-hardenberg.com\\\/de\\\/allgemeine-lieferbedingungen\\\/\",\"name\":\"Allgemeine Lieferbedingungen - Mulder-Hardenberg\",\"isPartOf\":{\"@id\":\"https:\\\/\\\/mulder-hardenberg.com\\\/de\\\/#website\"},\"datePublished\":\"2021-07-21T10:26:22+00:00\",\"dateModified\":\"2022-12-05T15:41:39+00:00\",\"breadcrumb\":{\"@id\":\"https:\\\/\\\/mulder-hardenberg.com\\\/de\\\/allgemeine-lieferbedingungen\\\/#breadcrumb\"},\"inLanguage\":\"de\",\"potentialAction\":[{\"@type\":\"ReadAction\",\"target\":[\"https:\\\/\\\/mulder-hardenberg.com\\\/de\\\/allgemeine-lieferbedingungen\\\/\"]}]},{\"@type\":\"BreadcrumbList\",\"@id\":\"https:\\\/\\\/mulder-hardenberg.com\\\/de\\\/allgemeine-lieferbedingungen\\\/#breadcrumb\",\"itemListElement\":[{\"@type\":\"ListItem\",\"position\":1,\"name\":\"Home\",\"item\":\"https:\\\/\\\/mulder-hardenberg.com\\\/de\\\/\"},{\"@type\":\"ListItem\",\"position\":2,\"name\":\"Allgemeine Lieferbedingungen\"}]},{\"@type\":\"WebSite\",\"@id\":\"https:\\\/\\\/mulder-hardenberg.com\\\/de\\\/#website\",\"url\":\"https:\\\/\\\/mulder-hardenberg.com\\\/de\\\/\",\"name\":\"Mulder-Hardenberg\",\"description\":\"\",\"publisher\":{\"@id\":\"https:\\\/\\\/mulder-hardenberg.com\\\/de\\\/#organization\"},\"potentialAction\":[{\"@type\":\"SearchAction\",\"target\":{\"@type\":\"EntryPoint\",\"urlTemplate\":\"https:\\\/\\\/mulder-hardenberg.com\\\/de\\\/?s={search_term_string}\"},\"query-input\":{\"@type\":\"PropertyValueSpecification\",\"valueRequired\":true,\"valueName\":\"search_term_string\"}}],\"inLanguage\":\"de\"},{\"@type\":\"Organization\",\"@id\":\"https:\\\/\\\/mulder-hardenberg.com\\\/de\\\/#organization\",\"name\":\"Mulder Hardenberg\",\"url\":\"https:\\\/\\\/mulder-hardenberg.com\\\/de\\\/\",\"logo\":{\"@type\":\"ImageObject\",\"inLanguage\":\"de\",\"@id\":\"https:\\\/\\\/mulder-hardenberg.com\\\/de\\\/#\\\/schema\\\/logo\\\/image\\\/\",\"url\":\"https:\\\/\\\/mulder-hardenberg.com\\\/wp-content\\\/uploads\\\/Logo-Mulder-Hardenberg-website.png\",\"contentUrl\":\"https:\\\/\\\/mulder-hardenberg.com\\\/wp-content\\\/uploads\\\/Logo-Mulder-Hardenberg-website.png\",\"width\":318,\"height\":62,\"caption\":\"Mulder Hardenberg\"},\"image\":{\"@id\":\"https:\\\/\\\/mulder-hardenberg.com\\\/de\\\/#\\\/schema\\\/logo\\\/image\\\/\"}}]}<\/script>\n<!-- \/ Yoast SEO plugin. -->","yoast_head_json":{"title":"Allgemeine Lieferbedingungen - Mulder-Hardenberg","robots":{"index":"index","follow":"follow","max-snippet":"max-snippet:-1","max-image-preview":"max-image-preview:large","max-video-preview":"max-video-preview:-1"},"canonical":"https:\/\/mulder-hardenberg.com\/de\/allgemeine-lieferbedingungen\/","og_locale":"de_DE","og_type":"article","og_title":"Allgemeine Lieferbedingungen - Mulder-Hardenberg","og_description":"[vc_section full_width=&#8220;stretch_row&#8220; content_placement=&#8220;middle&#8220; el_class=&#8220;banner banner-small gradient gradient-blue&#8220; css=&#8220;.vc_custom_1626877870480{background-image: url(https:\/\/mulder-hardenberg.com\/wp-content\/uploads\/over-ons-banner.jpeg?id=500) !important;}&#8220;][vc_row][vc_column width=&#8220;3\/5&#8243;][vc_column_text el_class=&#8220;text-white&#8220;] Allgemeine Lieferbedingungen [\/vc_column_text][\/vc_column][vc_column width=&#8220;2\/5&#8243;][\/vc_column][\/vc_row][\/vc_section][vc_section full_width=&#8220;stretch_row&#8220; el_class=&#8220;dg-padding-mid&#8220;][vc_row][vc_column][vc_column_text] Allgemeine Lieferbedingungen 1. Allgemeines 1.1. Diese Allgemeinen Gesch\u00e4ftsbedingungen gelten f\u00fcr jedes Angebot des Lieferanten und f\u00fcr alle Vertr\u00e4ge, die der Lieferant mit einem Kunden abschlie\u00dft. 1.2. Abweichungen von diesen Allgemeinen Verkaufsbedingungen gelten nur, wenn und soweit sie&hellip;","og_url":"https:\/\/mulder-hardenberg.com\/de\/allgemeine-lieferbedingungen\/","og_site_name":"Mulder-Hardenberg","article_modified_time":"2022-12-05T15:41:39+00:00","twitter_card":"summary_large_image","twitter_misc":{"Gesch\u00e4tzte Lesezeit":"13\u00a0Minuten"},"schema":{"@context":"https:\/\/schema.org","@graph":[{"@type":"WebPage","@id":"https:\/\/mulder-hardenberg.com\/de\/allgemeine-lieferbedingungen\/","url":"https:\/\/mulder-hardenberg.com\/de\/allgemeine-lieferbedingungen\/","name":"Allgemeine Lieferbedingungen - Mulder-Hardenberg","isPartOf":{"@id":"https:\/\/mulder-hardenberg.com\/de\/#website"},"datePublished":"2021-07-21T10:26:22+00:00","dateModified":"2022-12-05T15:41:39+00:00","breadcrumb":{"@id":"https:\/\/mulder-hardenberg.com\/de\/allgemeine-lieferbedingungen\/#breadcrumb"},"inLanguage":"de","potentialAction":[{"@type":"ReadAction","target":["https:\/\/mulder-hardenberg.com\/de\/allgemeine-lieferbedingungen\/"]}]},{"@type":"BreadcrumbList","@id":"https:\/\/mulder-hardenberg.com\/de\/allgemeine-lieferbedingungen\/#breadcrumb","itemListElement":[{"@type":"ListItem","position":1,"name":"Home","item":"https:\/\/mulder-hardenberg.com\/de\/"},{"@type":"ListItem","position":2,"name":"Allgemeine Lieferbedingungen"}]},{"@type":"WebSite","@id":"https:\/\/mulder-hardenberg.com\/de\/#website","url":"https:\/\/mulder-hardenberg.com\/de\/","name":"Mulder-Hardenberg","description":"","publisher":{"@id":"https:\/\/mulder-hardenberg.com\/de\/#organization"},"potentialAction":[{"@type":"SearchAction","target":{"@type":"EntryPoint","urlTemplate":"https:\/\/mulder-hardenberg.com\/de\/?s={search_term_string}"},"query-input":{"@type":"PropertyValueSpecification","valueRequired":true,"valueName":"search_term_string"}}],"inLanguage":"de"},{"@type":"Organization","@id":"https:\/\/mulder-hardenberg.com\/de\/#organization","name":"Mulder Hardenberg","url":"https:\/\/mulder-hardenberg.com\/de\/","logo":{"@type":"ImageObject","inLanguage":"de","@id":"https:\/\/mulder-hardenberg.com\/de\/#\/schema\/logo\/image\/","url":"https:\/\/mulder-hardenberg.com\/wp-content\/uploads\/Logo-Mulder-Hardenberg-website.png","contentUrl":"https:\/\/mulder-hardenberg.com\/wp-content\/uploads\/Logo-Mulder-Hardenberg-website.png","width":318,"height":62,"caption":"Mulder Hardenberg"},"image":{"@id":"https:\/\/mulder-hardenberg.com\/de\/#\/schema\/logo\/image\/"}}]}},"_links":{"self":[{"href":"https:\/\/mulder-hardenberg.com\/de\/wp-json\/wp\/v2\/pages\/4503","targetHints":{"allow":["GET"]}}],"collection":[{"href":"https:\/\/mulder-hardenberg.com\/de\/wp-json\/wp\/v2\/pages"}],"about":[{"href":"https:\/\/mulder-hardenberg.com\/de\/wp-json\/wp\/v2\/types\/page"}],"author":[{"embeddable":true,"href":"https:\/\/mulder-hardenberg.com\/de\/wp-json\/wp\/v2\/users\/2"}],"replies":[{"embeddable":true,"href":"https:\/\/mulder-hardenberg.com\/de\/wp-json\/wp\/v2\/comments?post=4503"}],"version-history":[{"count":5,"href":"https:\/\/mulder-hardenberg.com\/de\/wp-json\/wp\/v2\/pages\/4503\/revisions"}],"predecessor-version":[{"id":7772,"href":"https:\/\/mulder-hardenberg.com\/de\/wp-json\/wp\/v2\/pages\/4503\/revisions\/7772"}],"wp:attachment":[{"href":"https:\/\/mulder-hardenberg.com\/de\/wp-json\/wp\/v2\/media?parent=4503"}],"wp:term":[{"taxonomy":"category","embeddable":true,"href":"https:\/\/mulder-hardenberg.com\/de\/wp-json\/wp\/v2\/categories?post=4503"},{"taxonomy":"post_tag","embeddable":true,"href":"https:\/\/mulder-hardenberg.com\/de\/wp-json\/wp\/v2\/tags?post=4503"}],"curies":[{"name":"wp","href":"https:\/\/api.w.org\/{rel}","templated":true}]}}