{"id":14124,"date":"2025-12-16T10:50:24","date_gmt":"2025-12-16T08:50:24","guid":{"rendered":"https:\/\/mulder-hardenberg.com\/gecma\/intrinsieke-veilige-tablet-pc\/"},"modified":"2025-12-24T12:45:35","modified_gmt":"2025-12-24T10:45:35","slug":"eigensicherer-tablet-pc","status":"publish","type":"page","link":"https:\/\/mulder-hardenberg.com\/de\/gecma\/eigensicherer-tablet-pc\/","title":{"rendered":"Eigensicherer Tablet-PC"},"content":{"rendered":"<div class=\"wpb-content-wrapper\"><p>[vc_section full_width=&#8220;stretch_row&#8220; content_placement=&#8220;middle&#8220; el_class=&#8220;banner banner-small gradient gradient-blue&#8220; css=&#8220;.vc_custom_1765880134669{background-image: url(https:\/\/mulder-hardenberg.com\/wp-content\/uploads\/Eaton-MTL-Gecma-HMI-Brochure-TABLET-Z1-Z21-mh-2025.jpeg?id=14090) !important;background-position: center !important;background-repeat: no-repeat !important;background-size: cover !important;}&#8220;][vc_row][vc_column width=&#8220;3\/5&#8243; el_class=&#8220;tablet_full_width basic_mobile_spacing&#8220;][vc_column_text css=&#8220;&#8220; el_class=&#8220;text-white&#8220;]<\/p>\n<h1>10.1&#8243; Tablet PC (Zone 1\/21)<\/h1>\n<p>Bleiben Sie vernetzt und minimieren Sie menschliche Fehler dank maximaler Flexibilit\u00e4t, Mobilit\u00e4t und Effizienz. Die MTL GECMA-Serie wurde entwickelt, um den besonderen Anforderungen an die Visualisierung in rauen und gef\u00e4hrlichen Umgebungen gerecht zu werden.[\/vc_column_text][\/vc_column][vc_column width=&#8220;2\/5&#8243;][\/vc_column][\/vc_row][\/vc_section][vc_row content_placement=&#8220;middle&#8220; el_class=&#8220;cta cta-half-bottom&#8220;][vc_column width=&#8220;3\/5&#8243;][vc_column_text css=&#8220;&#8220;]Lassen Sie sich von M-H im Bereich Mensch-Maschine-Schnittstellen und Prozessautomatisierung beraten.[\/vc_column_text][\/vc_column][vc_column width=&#8220;2\/5&#8243;]<style type=\"text\/css\" data-type=\"the7_shortcodes-inline-css\">#default-btn-8d8a41966a3aa512d72269c5427ca7ae.ico-right-side > i {\n  margin-right: 0px;\n  margin-left: 8px;\n}\n#default-btn-8d8a41966a3aa512d72269c5427ca7ae > i {\n  margin-right: 8px;\n}<\/style><a href=\"https:\/\/mulder-hardenberg.com\/de\/kostenlose-beratung\/\" class=\"default-btn-shortcode dt-btn dt-btn-s link-hover-off button button-primary button-full-width btn-inline-right \" id=\"default-btn-8d8a41966a3aa512d72269c5427ca7ae\" title=\"Kostenlose Beratung\"><span>Kostenlose Beratung<\/span><\/a>[\/vc_column][\/vc_row][vc_section full_width=&#8220;stretch_row&#8220; el_class=&#8220;dg-padding-mid-top&#8220;][vc_row content_placement=&#8220;top&#8220;][vc_column width=&#8220;2\/3&#8243; el_class=&#8220;tablet_full_width basic_mobile_spacing_side tablet_margin_top&#8220;][vc_column_text css=&#8220;.vc_custom_1766573113273{margin-bottom: 0px !important;}&#8220;]<ins>L\u00f6sung<\/ins><\/p>\n<div class=\"QmZWSe\"><\/div>\n<div class=\"oSioSc\">\n<div id=\"tw-target\">\n<div id=\"kAz1tf\" class=\"g9WsWb PZPZlf\" data-attrid=\"tw-targetArea\" data-entityname=\"Google Translate\">\n<div id=\"tw-target-text-container\" class=\"tw-ta-container tw-nfl\" tabindex=\"0\" role=\"text\">\n<pre id=\"tw-target-text\" class=\"tw-data-text tw-text-large tw-ta\" dir=\"ltr\" tabindex=\"-1\" role=\"text\" data-placeholder=\"Vertaling\" data-ved=\"2ahUKEwjukeLqg9aRAxWS0gIHHdqVAE4Q3ewLegQIDBAV\" aria-label=\"Vertaalde tekst: L\u00f6sung\"><\/pre>\n<\/div>\n<\/div>\n<\/div>\n<\/div>\n<p>&nbsp;<\/p>\n<h2>Gecma IS 10.1&#8243; Tablet PC<\/h2>\n<h3>Ex II 1 G, Ex ia IIB T4 Ga<\/h3>\n<p>Die MTL GECMA-Serie wurde speziell f\u00fcr die anspruchsvollen Herausforderungen der Visualisierung in rauen und gef\u00e4hrlichen Umgebungen entwickelt. Basierend auf jahrzehntelanger Erfahrung und Expertise sowie einer umfangreichen installierten Basis bietet die Serie zahlreiche Funktionen und fortschrittliche Technologie.<\/p>\n<p>Die Serie eignet sich f\u00fcr strengste Hygienebedingungen und aggressive Produktionsumgebungen und erm\u00f6glicht die sichere Instandhaltung kritischer Prozesse.<\/p>\n<p>&nbsp;<\/p>\n<p>\u2022 Das eigensichere Tablet bietet Ihnen ultimative, drahtlose Mobilit\u00e4t in Gefahrenbereichen.<br \/>\n\u2022 Reduzieren Sie Eingabefehler, indem Sie sich leichter der Quelle ann\u00e4hern.<\/p>\n<p>&nbsp;<\/p>\n<p>Ein eigensicheres Tablet bietet beispiellose Flexibilit\u00e4t und erm\u00f6glicht sicheres und effizientes Arbeiten in Gefahrenbereichen ohne Kompromisse bei Leistung oder Mobilit\u00e4t. Es ist die perfekte Kombination aus Sicherheit und Vielseitigkeit f\u00fcr anspruchsvolle industrielle Anwendungen.<\/p>\n<p><strong><img decoding=\"async\" class=\"alignnone size-medium wp-image-14079 lazyload\" data-src=\"https:\/\/mulder-hardenberg.com\/wp-content\/uploads\/GECMA-IS-10.1-inch-Tablet-PC_1-300x224.png\" alt=\"\" width=\"300\" height=\"224\" data-srcset=\"https:\/\/mulder-hardenberg.com\/wp-content\/uploads\/GECMA-IS-10.1-inch-Tablet-PC_1-300x224.png 300w, https:\/\/mulder-hardenberg.com\/wp-content\/uploads\/GECMA-IS-10.1-inch-Tablet-PC_1.png 727w\" data-sizes=\"(max-width: 300px) 100vw, 300px\" src=\"data:image\/svg+xml;base64,PHN2ZyB3aWR0aD0iMSIgaGVpZ2h0PSIxIiB4bWxucz0iaHR0cDovL3d3dy53My5vcmcvMjAwMC9zdmciPjwvc3ZnPg==\" style=\"--smush-placeholder-width: 300px; --smush-placeholder-aspect-ratio: 300\/224;\" \/><\/strong><\/p>\n<p><strong>Merkmale:<\/strong><\/p>\n<ul>\n<li>Zone 1, Zone 0* Zertifizierung gem\u00e4\u00df ATEX, IECEx *mit Lederetui<\/li>\n<li>UL-Zertifizierung steht aus<\/li>\n<li>Front- und R\u00fcckkamera oder optional ohne Kamera<\/li>\n<li>10,1 inch \/ 25,6 cm AHVA-display<\/li>\n<li>7,2 V 2 x 3450 mAh, 49,68 Wh<\/li>\n<li>Hochleistungsf\u00e4higer, wiederaufladbarer Lithium-Ionen-Akku, 0\u201390 % in 3,5 Stunden; 100 % in ca. 4,5 Stunden<\/li>\n<li>Intel\u00ae Quad-Core processor<\/li>\n<li>8 GB RAM, 256 GB Speicher<\/li>\n<li>MicroSDXC-Kartensteckplatz (unterst\u00fctzt Karten bis zu 2 TB)<\/li>\n<\/ul>\n<p><strong>Vorteile:<br \/>\n<\/strong><\/p>\n<ul>\n<li>Teilen Sie wichtige Daten unternehmensweit, um bessere Einblicke zu gewinnen, fundiertere Entscheidungen zu treffen und die operative Leistung zu verbessern<\/li>\n<li>Optionen wie Wi-Fi, LTE, Bluetooth und NFC bieten flexible Konnektivit\u00e4t<\/li>\n<li>Dateneingabefehler lassen sich reduzieren, indem das Ger\u00e4t in der N\u00e4he der Datenquelle platziert wird, auch an schwer zug\u00e4nglichen Stellen, die mit herk\u00f6mmlichen Fernbedienungen nicht erreichbar sind<\/li>\n<li>Der kapazitive Touchscreen kann auch mit Handschuhen bedient werden.<\/li>\n<\/ul>\n<p>&nbsp;<\/p>\n<p><em>Klick <a href=\"https:\/\/mulder-hardenberg.com\/wp-content\/uploads\/Eaton-MTL-Gecma-HMI-Brochure-TABLET-Z1-Z21-mh-2025-combi.pdf\">hier<\/a> f\u00fcr die Produktdatenbl\u00e4tter des GECMA 10,1-inch-Tablet-PCs.<\/em><\/p>\n<p><em><br \/>\nMehr Informationen zu EX\/ATEX? Klicken Sie <a href=\"https:\/\/mulder-hardenberg.com\/de\/atex\/\" target=\"_blank\" rel=\"noopener\">hier<\/a>.<\/em><\/p>\n<p><em>Mehr Informationen zu GECMA? Klicken Sie <a href=\"https:\/\/mulder-hardenberg.com\/de\/gecma\/\" target=\"_blank\" rel=\"noopener\">hier<\/a>.<\/em><\/p>\n<p><em>M\u00f6chten Sie mehr \u00fcber HMI \u2013 Mensch-Maschine-Schnittstellen \u2013 erfahren? Klicken Sie <a href=\"https:\/\/mulder-hardenberg.com\/de\/loesungen\/mensch-maschine-schnittstellen-hmi\/\" target=\"_blank\" rel=\"noopener\">hier<\/a>.<\/em>[\/vc_column_text][\/vc_column][vc_column width=&#8220;1\/3&#8243; el_class=&#8220;tablet_full_width&#8220; css=&#8220;.vc_custom_1631702534350{padding-bottom: 10% !important;}&#8220;]<div class=\"templatera_shortcode\"><style type=\"text\/css\" data-type=\"vc_shortcodes-custom-css\">.vc_custom_1631696251590{background-color: #ffffff !important;}<\/style><div class=\"vc_row wpb_row vc_row-fluid\"><div class=\"case_contact_center wpb_column vc_column_container vc_col-sm-12 vc_col-has-fill\"><div class=\"vc_column-inner vc_custom_1631696251590\"><div class=\"wpb_wrapper\"><div class=\"vc_row wpb_row vc_inner vc_row-fluid person-module\"><div class=\"wpb_column vc_column_container vc_col-sm-12\"><div class=\"vc_column-inner\"><div class=\"wpb_wrapper\">\n\t<div class=\"wpb_text_column wpb_content_element  text_wrapper_blue_bar\" >\n\t\t<div class=\"wpb_wrapper\">\n\t\t\t<p><strong>Wir helfen Ihnen gerne weiter!<\/strong><\/p>\n<p>Haben Sie Fragen oder ben\u00f6tigen Sie weitere Informationen? Dann wenden Sie sich an einen der Spezialisten bei Mulder-Hardenberg.<\/p>\n\n\t\t<\/div>\n\t<\/div>\n<style type=\"text\/css\" data-type=\"the7_shortcodes-inline-css\">#default-btn-d4ea1447313945a5d5670df87ca08727.ico-right-side > i {\n  margin-right: 0px;\n  margin-left: 8px;\n}\n#default-btn-d4ea1447313945a5d5670df87ca08727 > i {\n  margin-right: 8px;\n}<\/style><a href=\"\/de\/kontakt\" class=\"default-btn-shortcode dt-btn dt-btn-s link-hover-off ico-right-side button button-primary button-full-width button-icon dg-button--german btn-inline-left \" id=\"default-btn-d4ea1447313945a5d5670df87ca08727\" title=\"Contact\"><span>Kontaktieren Sie uns umgehend<\/span><i class=\"icomoon-the7-font-the7-arrow-21\"><\/i><\/a><\/div><\/div><\/div><\/div><\/div><\/div><\/div><\/div>\r\n<\/div>[\/vc_column][\/vc_row][\/vc_section][vc_section full_width=&#8220;stretch_row&#8220; css_animation=&#8220;fadeInUp&#8220; disable_element=&#8220;yes&#8220; el_class=&#8220;bg-blue dg-padding-mid-top dg-overflow-visible brand-element-image brand-element-image-top brand-element-image-right&#8220; css=&#8220;.vc_custom_1745392903592{padding-bottom: 0px !important;}&#8220;][vc_row][vc_column width=&#8220;1\/6&#8243;][\/vc_column][vc_column width=&#8220;4\/6&#8243; el_class=&#8220;tablet_full_width&#8220;][vc_column_text css=&#8220;&#8220; el_class=&#8220;text-center&#8220;]<\/p>\n<p style=\"text-align: center;\"><ins>The Expert Approach<\/ins><\/p>\n<h2 style=\"text-align: center;\">Specialiteiten &amp; ervaringen<\/h2>\n<h3 style=\"text-align: center;\">Producten en oplossingen passend op betreffende applicaties en\/of projecten.<\/h3>\n<p style=\"text-align: center;\">Bij Mulder-Hardenberg hebben we verschillende specialiteiten die onze klanten in de industrie kunnen bijstaan \u200b\u200bbij projecten. Voor elk van deze specialiteiten helpen onze productexperts graag met elk project of elke vraagstuk dat er ligt:<\/p>\n<p>[\/vc_column_text][vc_empty_space][\/vc_column][vc_column width=&#8220;1\/6&#8243;][\/vc_column][\/vc_row][vc_row][vc_column][vc_basic_grid post_type=&#8220;page&#8220; max_items=&#8220;3&#8243; orderby=&#8220;menu_order&#8220; order=&#8220;ASC&#8220; item=&#8220;masonryGrid_Default&#8220; initial_loading_animation=&#8220;none&#8220; grid_id=&#8220;vc_gid:1766572608339-baa71059-15ea-8&#8243; el_class=&#8220;solutions-post-grid&#8220; taxonomies=&#8220;61, 107, 44&#8243;][\/vc_column][\/vc_row][\/vc_section]<\/p>\n<\/div>","protected":false},"excerpt":{"rendered":"<p>10.1&#8243; Tablet PC (Zone 1\/21) Bleiben Sie vernetzt und minimieren Sie menschliche Fehler dank maximaler Flexibilit\u00e4t, Mobilit\u00e4t und Effizienz. Die MTL GECMA-Serie wurde entwickelt, um den besonderen Anforderungen an die Visualisierung in rauen und gef\u00e4hrlichen Umgebungen gerecht zu werden. Lassen Sie sich von M-H im Bereich Mensch-Maschine-Schnittstellen und Prozessautomatisierung beraten. L\u00f6sung &nbsp; Gecma IS 10.1&#8243;&hellip;<\/p>\n","protected":false},"author":2,"featured_media":14126,"parent":14082,"menu_order":0,"comment_status":"closed","ping_status":"closed","template":"","meta":{"inline_featured_image":false,"footnotes":"","_links_to":"","_links_to_target":""},"categories":[103,325,69],"tags":[],"class_list":["post-14124","page","type-page","status-publish","has-post-thumbnail","hentry","category-hmi-de-de","category-hmi-d","category-leveranciers-de","description-off"],"yoast_head":"<!-- This site is optimized with the Yoast SEO plugin v27.3 - https:\/\/yoast.com\/product\/yoast-seo-wordpress\/ -->\n<title>Eigensicherer Tablet-PC - Mulder-Hardenberg<\/title>\n<meta name=\"robots\" content=\"index, follow, max-snippet:-1, max-image-preview:large, max-video-preview:-1\" \/>\n<link rel=\"canonical\" href=\"https:\/\/mulder-hardenberg.com\/de\/gecma\/eigensicherer-tablet-pc\/\" \/>\n<meta property=\"og:locale\" content=\"de_DE\" \/>\n<meta property=\"og:type\" content=\"article\" \/>\n<meta property=\"og:title\" content=\"Eigensicherer Tablet-PC - Mulder-Hardenberg\" \/>\n<meta property=\"og:url\" content=\"https:\/\/mulder-hardenberg.com\/de\/gecma\/eigensicherer-tablet-pc\/\" \/>\n<meta property=\"og:site_name\" content=\"Mulder-Hardenberg\" \/>\n<meta property=\"article:modified_time\" content=\"2025-12-24T10:45:35+00:00\" \/>\n<meta property=\"og:image\" content=\"https:\/\/mulder-hardenberg.com\/wp-content\/uploads\/GECMA-IS-10.1-inch-Tablet-PC_1.png\" \/>\n\t<meta property=\"og:image:width\" content=\"727\" \/>\n\t<meta property=\"og:image:height\" content=\"543\" \/>\n\t<meta property=\"og:image:type\" content=\"image\/png\" \/>\n<meta name=\"twitter:card\" content=\"summary_large_image\" \/>\n<meta name=\"twitter:label1\" content=\"Gesch\u00e4tzte Lesezeit\" \/>\n\t<meta name=\"twitter:data1\" content=\"3\u00a0Minuten\" \/>\n<script type=\"application\/ld+json\" class=\"yoast-schema-graph\">{\"@context\":\"https:\\\/\\\/schema.org\",\"@graph\":[{\"@type\":\"WebPage\",\"@id\":\"https:\\\/\\\/mulder-hardenberg.com\\\/de\\\/gecma\\\/eigensicherer-tablet-pc\\\/\",\"url\":\"https:\\\/\\\/mulder-hardenberg.com\\\/de\\\/gecma\\\/eigensicherer-tablet-pc\\\/\",\"name\":\"Eigensicherer Tablet-PC - Mulder-Hardenberg\",\"isPartOf\":{\"@id\":\"https:\\\/\\\/mulder-hardenberg.com\\\/de\\\/#website\"},\"primaryImageOfPage\":{\"@id\":\"https:\\\/\\\/mulder-hardenberg.com\\\/de\\\/gecma\\\/eigensicherer-tablet-pc\\\/#primaryimage\"},\"image\":{\"@id\":\"https:\\\/\\\/mulder-hardenberg.com\\\/de\\\/gecma\\\/eigensicherer-tablet-pc\\\/#primaryimage\"},\"thumbnailUrl\":\"https:\\\/\\\/mulder-hardenberg.com\\\/wp-content\\\/uploads\\\/GECMA-IS-10.1-inch-Tablet-PC_1.png\",\"datePublished\":\"2025-12-16T08:50:24+00:00\",\"dateModified\":\"2025-12-24T10:45:35+00:00\",\"breadcrumb\":{\"@id\":\"https:\\\/\\\/mulder-hardenberg.com\\\/de\\\/gecma\\\/eigensicherer-tablet-pc\\\/#breadcrumb\"},\"inLanguage\":\"de\",\"potentialAction\":[{\"@type\":\"ReadAction\",\"target\":[\"https:\\\/\\\/mulder-hardenberg.com\\\/de\\\/gecma\\\/eigensicherer-tablet-pc\\\/\"]}]},{\"@type\":\"ImageObject\",\"inLanguage\":\"de\",\"@id\":\"https:\\\/\\\/mulder-hardenberg.com\\\/de\\\/gecma\\\/eigensicherer-tablet-pc\\\/#primaryimage\",\"url\":\"https:\\\/\\\/mulder-hardenberg.com\\\/wp-content\\\/uploads\\\/GECMA-IS-10.1-inch-Tablet-PC_1.png\",\"contentUrl\":\"https:\\\/\\\/mulder-hardenberg.com\\\/wp-content\\\/uploads\\\/GECMA-IS-10.1-inch-Tablet-PC_1.png\",\"width\":727,\"height\":543},{\"@type\":\"BreadcrumbList\",\"@id\":\"https:\\\/\\\/mulder-hardenberg.com\\\/de\\\/gecma\\\/eigensicherer-tablet-pc\\\/#breadcrumb\",\"itemListElement\":[{\"@type\":\"ListItem\",\"position\":1,\"name\":\"Home\",\"item\":\"https:\\\/\\\/mulder-hardenberg.com\\\/de\\\/\"},{\"@type\":\"ListItem\",\"position\":2,\"name\":\"Gecma\",\"item\":\"https:\\\/\\\/mulder-hardenberg.com\\\/de\\\/gecma\\\/\"},{\"@type\":\"ListItem\",\"position\":3,\"name\":\"Eigensicherer Tablet-PC\"}]},{\"@type\":\"WebSite\",\"@id\":\"https:\\\/\\\/mulder-hardenberg.com\\\/de\\\/#website\",\"url\":\"https:\\\/\\\/mulder-hardenberg.com\\\/de\\\/\",\"name\":\"Mulder-Hardenberg\",\"description\":\"\",\"publisher\":{\"@id\":\"https:\\\/\\\/mulder-hardenberg.com\\\/de\\\/#organization\"},\"potentialAction\":[{\"@type\":\"SearchAction\",\"target\":{\"@type\":\"EntryPoint\",\"urlTemplate\":\"https:\\\/\\\/mulder-hardenberg.com\\\/de\\\/?s={search_term_string}\"},\"query-input\":{\"@type\":\"PropertyValueSpecification\",\"valueRequired\":true,\"valueName\":\"search_term_string\"}}],\"inLanguage\":\"de\"},{\"@type\":\"Organization\",\"@id\":\"https:\\\/\\\/mulder-hardenberg.com\\\/de\\\/#organization\",\"name\":\"Mulder Hardenberg\",\"url\":\"https:\\\/\\\/mulder-hardenberg.com\\\/de\\\/\",\"logo\":{\"@type\":\"ImageObject\",\"inLanguage\":\"de\",\"@id\":\"https:\\\/\\\/mulder-hardenberg.com\\\/de\\\/#\\\/schema\\\/logo\\\/image\\\/\",\"url\":\"https:\\\/\\\/mulder-hardenberg.com\\\/wp-content\\\/uploads\\\/Logo-Mulder-Hardenberg-website.png\",\"contentUrl\":\"https:\\\/\\\/mulder-hardenberg.com\\\/wp-content\\\/uploads\\\/Logo-Mulder-Hardenberg-website.png\",\"width\":318,\"height\":62,\"caption\":\"Mulder Hardenberg\"},\"image\":{\"@id\":\"https:\\\/\\\/mulder-hardenberg.com\\\/de\\\/#\\\/schema\\\/logo\\\/image\\\/\"}}]}<\/script>\n<!-- \/ Yoast SEO plugin. -->","yoast_head_json":{"title":"Eigensicherer Tablet-PC - Mulder-Hardenberg","robots":{"index":"index","follow":"follow","max-snippet":"max-snippet:-1","max-image-preview":"max-image-preview:large","max-video-preview":"max-video-preview:-1"},"canonical":"https:\/\/mulder-hardenberg.com\/de\/gecma\/eigensicherer-tablet-pc\/","og_locale":"de_DE","og_type":"article","og_title":"Eigensicherer Tablet-PC - Mulder-Hardenberg","og_url":"https:\/\/mulder-hardenberg.com\/de\/gecma\/eigensicherer-tablet-pc\/","og_site_name":"Mulder-Hardenberg","article_modified_time":"2025-12-24T10:45:35+00:00","og_image":[{"width":727,"height":543,"url":"https:\/\/mulder-hardenberg.com\/wp-content\/uploads\/GECMA-IS-10.1-inch-Tablet-PC_1.png","type":"image\/png"}],"twitter_card":"summary_large_image","twitter_misc":{"Gesch\u00e4tzte Lesezeit":"3\u00a0Minuten"},"schema":{"@context":"https:\/\/schema.org","@graph":[{"@type":"WebPage","@id":"https:\/\/mulder-hardenberg.com\/de\/gecma\/eigensicherer-tablet-pc\/","url":"https:\/\/mulder-hardenberg.com\/de\/gecma\/eigensicherer-tablet-pc\/","name":"Eigensicherer Tablet-PC - Mulder-Hardenberg","isPartOf":{"@id":"https:\/\/mulder-hardenberg.com\/de\/#website"},"primaryImageOfPage":{"@id":"https:\/\/mulder-hardenberg.com\/de\/gecma\/eigensicherer-tablet-pc\/#primaryimage"},"image":{"@id":"https:\/\/mulder-hardenberg.com\/de\/gecma\/eigensicherer-tablet-pc\/#primaryimage"},"thumbnailUrl":"https:\/\/mulder-hardenberg.com\/wp-content\/uploads\/GECMA-IS-10.1-inch-Tablet-PC_1.png","datePublished":"2025-12-16T08:50:24+00:00","dateModified":"2025-12-24T10:45:35+00:00","breadcrumb":{"@id":"https:\/\/mulder-hardenberg.com\/de\/gecma\/eigensicherer-tablet-pc\/#breadcrumb"},"inLanguage":"de","potentialAction":[{"@type":"ReadAction","target":["https:\/\/mulder-hardenberg.com\/de\/gecma\/eigensicherer-tablet-pc\/"]}]},{"@type":"ImageObject","inLanguage":"de","@id":"https:\/\/mulder-hardenberg.com\/de\/gecma\/eigensicherer-tablet-pc\/#primaryimage","url":"https:\/\/mulder-hardenberg.com\/wp-content\/uploads\/GECMA-IS-10.1-inch-Tablet-PC_1.png","contentUrl":"https:\/\/mulder-hardenberg.com\/wp-content\/uploads\/GECMA-IS-10.1-inch-Tablet-PC_1.png","width":727,"height":543},{"@type":"BreadcrumbList","@id":"https:\/\/mulder-hardenberg.com\/de\/gecma\/eigensicherer-tablet-pc\/#breadcrumb","itemListElement":[{"@type":"ListItem","position":1,"name":"Home","item":"https:\/\/mulder-hardenberg.com\/de\/"},{"@type":"ListItem","position":2,"name":"Gecma","item":"https:\/\/mulder-hardenberg.com\/de\/gecma\/"},{"@type":"ListItem","position":3,"name":"Eigensicherer Tablet-PC"}]},{"@type":"WebSite","@id":"https:\/\/mulder-hardenberg.com\/de\/#website","url":"https:\/\/mulder-hardenberg.com\/de\/","name":"Mulder-Hardenberg","description":"","publisher":{"@id":"https:\/\/mulder-hardenberg.com\/de\/#organization"},"potentialAction":[{"@type":"SearchAction","target":{"@type":"EntryPoint","urlTemplate":"https:\/\/mulder-hardenberg.com\/de\/?s={search_term_string}"},"query-input":{"@type":"PropertyValueSpecification","valueRequired":true,"valueName":"search_term_string"}}],"inLanguage":"de"},{"@type":"Organization","@id":"https:\/\/mulder-hardenberg.com\/de\/#organization","name":"Mulder Hardenberg","url":"https:\/\/mulder-hardenberg.com\/de\/","logo":{"@type":"ImageObject","inLanguage":"de","@id":"https:\/\/mulder-hardenberg.com\/de\/#\/schema\/logo\/image\/","url":"https:\/\/mulder-hardenberg.com\/wp-content\/uploads\/Logo-Mulder-Hardenberg-website.png","contentUrl":"https:\/\/mulder-hardenberg.com\/wp-content\/uploads\/Logo-Mulder-Hardenberg-website.png","width":318,"height":62,"caption":"Mulder Hardenberg"},"image":{"@id":"https:\/\/mulder-hardenberg.com\/de\/#\/schema\/logo\/image\/"}}]}},"_links":{"self":[{"href":"https:\/\/mulder-hardenberg.com\/de\/wp-json\/wp\/v2\/pages\/14124","targetHints":{"allow":["GET"]}}],"collection":[{"href":"https:\/\/mulder-hardenberg.com\/de\/wp-json\/wp\/v2\/pages"}],"about":[{"href":"https:\/\/mulder-hardenberg.com\/de\/wp-json\/wp\/v2\/types\/page"}],"author":[{"embeddable":true,"href":"https:\/\/mulder-hardenberg.com\/de\/wp-json\/wp\/v2\/users\/2"}],"replies":[{"embeddable":true,"href":"https:\/\/mulder-hardenberg.com\/de\/wp-json\/wp\/v2\/comments?post=14124"}],"version-history":[{"count":3,"href":"https:\/\/mulder-hardenberg.com\/de\/wp-json\/wp\/v2\/pages\/14124\/revisions"}],"predecessor-version":[{"id":14175,"href":"https:\/\/mulder-hardenberg.com\/de\/wp-json\/wp\/v2\/pages\/14124\/revisions\/14175"}],"up":[{"embeddable":true,"href":"https:\/\/mulder-hardenberg.com\/de\/wp-json\/wp\/v2\/pages\/14082"}],"wp:featuredmedia":[{"embeddable":true,"href":"https:\/\/mulder-hardenberg.com\/de\/wp-json\/wp\/v2\/media\/14126"}],"wp:attachment":[{"href":"https:\/\/mulder-hardenberg.com\/de\/wp-json\/wp\/v2\/media?parent=14124"}],"wp:term":[{"taxonomy":"category","embeddable":true,"href":"https:\/\/mulder-hardenberg.com\/de\/wp-json\/wp\/v2\/categories?post=14124"},{"taxonomy":"post_tag","embeddable":true,"href":"https:\/\/mulder-hardenberg.com\/de\/wp-json\/wp\/v2\/tags?post=14124"}],"curies":[{"name":"wp","href":"https:\/\/api.w.org\/{rel}","templated":true}]}}