{"id":14084,"date":"2025-04-23T09:29:57","date_gmt":"2025-04-23T07:29:57","guid":{"rendered":"https:\/\/mulder-hardenberg.com\/gecma\/remote-terminal-series-rt\/"},"modified":"2026-03-02T18:01:19","modified_gmt":"2026-03-02T16:01:19","slug":"remote-terminal-series-rt","status":"publish","type":"page","link":"https:\/\/mulder-hardenberg.com\/de\/gecma\/remote-terminal-series-rt\/","title":{"rendered":"Remote Terminal-Serie (RT)"},"content":{"rendered":"<div class=\"wpb-content-wrapper\"><p>[vc_section full_width=&#8220;stretch_row&#8220; content_placement=&#8220;middle&#8220; el_class=&#8220;banner banner-small gradient gradient-blue&#8220; css=&#8220;.vc_custom_1697186713629{background-image: url(https:\/\/mulder-hardenberg.com\/wp-content\/uploads\/Gecma.jpg?id=10430) !important;background-position: center !important;background-repeat: no-repeat !important;background-size: cover !important;}&#8220;][vc_row][vc_column width=&#8220;3\/5&#8243; el_class=&#8220;tablet_full_width basic_mobile_spacing&#8220;][vc_column_text css=&#8220;&#8220; el_class=&#8220;text-white&#8220;]<\/p>\n<h1>Remote Terminal-Serie (RT)<\/h1>\n<p>Die MTL GECMA RT Workstation bietet eine sichere und benutzerfreundliche KVM-L\u00f6sung f\u00fcr explosionsgef\u00e4hrdete Bereiche. Dank einer direkten, Ex-zertifizierten Verbindung k\u00f6nnen Sie einen PC oder Thin Client problemlos aus explosionsgef\u00e4hrdeten Bereichen steuern. Ihr modulares Design, die Echtzeitf\u00e4higkeit und die flexiblen Anschlussm\u00f6glichkeiten machen sie zur idealen und zuverl\u00e4ssigen Remote-Terminal-L\u00f6sung.[\/vc_column_text][\/vc_column][vc_column width=&#8220;2\/5&#8243;][\/vc_column][\/vc_row][\/vc_section][vc_row content_placement=&#8220;middle&#8220; el_class=&#8220;cta cta-half-bottom&#8220;][vc_column width=&#8220;3\/5&#8243;][vc_column_text css=&#8220;&#8220;]Lassen Sie sich von M-H im Bereich Mensch-Maschine-Schnittstellen und Prozessautomatisierung beraten.<\/p>\n<p>[\/vc_column_text][\/vc_column][vc_column width=&#8220;2\/5&#8243;]<style type=\"text\/css\" data-type=\"the7_shortcodes-inline-css\">#default-btn-869a6f46cd4957cb3963d0bc72b36b23.ico-right-side > i {\n  margin-right: 0px;\n  margin-left: 8px;\n}\n#default-btn-869a6f46cd4957cb3963d0bc72b36b23 > i {\n  margin-right: 8px;\n}<\/style><a href=\"https:\/\/mulder-hardenberg.com\/de\/kostenlose-beratung\/\" class=\"default-btn-shortcode dt-btn dt-btn-s link-hover-off button button-primary button-full-width btn-inline-right \" id=\"default-btn-869a6f46cd4957cb3963d0bc72b36b23\"><span>Kostenlose Beratung<\/span><\/a>[\/vc_column][\/vc_row][vc_section full_width=&#8220;stretch_row&#8220; el_class=&#8220;dg-padding-mid-top&#8220;][vc_row content_placement=&#8220;top&#8220;][vc_column width=&#8220;2\/3&#8243; el_class=&#8220;tablet_full_width basic_mobile_spacing_side tablet_margin_top&#8220;][vc_column_text css=&#8220;.vc_custom_1772464548266{margin-bottom: 0px !important;}&#8220;]<ins>L\u00f6sung<\/ins><\/p>\n<h2>Mensch-Maschine-Schnittstellen und Prozessautomatisierung<\/h2>\n<h3>Remote Terminal-Serie (RT)<\/h3>\n<p style=\"font-weight: 400;\">Die Eaton MTL GECMA RT Hazardous Area Workstation ist eine KVM-Erweiterung (Keyboard, Video, and Mouse) f\u00fcr einen PC oder Thin Client, der sich im sicheren Bereich befindet.<\/p>\n<p style=\"font-weight: 400;\">Die MTL GECMA RT bietet eine benutzerfreundliche Plug-and-Play-L\u00f6sung in nahezu Echtzeit, mit der ein sicherer PC oder Thin Client \u00fcber eine einzige Punkt-zu-Punkt-Verbindung aus explosionsgef\u00e4hrdeten Bereichen ferngesteuert werden kann. Die MTL GECMA RT besteht aus einzeln Ex-zertifizierten, modularen Komponenten der MTL GECMA Workstation-Reihe, wie z. B. Netzteil, Display (mit oder ohne Touchscreen), Tastatur, Eingabeger\u00e4t und mechanischen Komponenten. Durch Hinzuf\u00fcgen eines RT-Kommunikationsmoduls (COM) wird eine Remote-Terminal-L\u00f6sung realisiert.<\/p>\n<p style=\"font-weight: 400;\">Das RT COM-Modul empf\u00e4ngt Daten von einem PC im sicheren Bereich \u00fcber eine Ex-zertifizierte Datenverbindung, die als Kupfer- oder Glasfaserverbindung (Multimode oder Singlemode) f\u00fcr eine zuverl\u00e4ssige Daten\u00fcbertragung \u00fcber (gr\u00f6\u00dfere) Entfernungen verf\u00fcgbar ist.<\/p>\n<p style=\"font-weight: 400;\">Eine Safe Area Unit (SAU) ist erforderlich, um die Video- und Dateninformationen eigensicher \u00fcber Kabel an das Remote Terminal im explosionsgef\u00e4hrdeten Bereich zu \u00fcbertragen.<\/p>\n<p style=\"font-weight: 400;\">Es sind zwei Versionen des SAU erh\u00e4ltlich: eine Desktop-Version f\u00fcr den Zugriff auf ein einzelnes Terminal oder eine Rack-Version, an die bis zu vier Terminals angeschlossen werden k\u00f6nnen.<\/p>\n<p>&nbsp;<\/p>\n<p><strong>F\u00fcr die Zonen 1 und 21:<\/strong><\/p>\n<ul style=\"font-weight: 400;\">\n<li><a href=\"https:\/\/mulder-hardenberg.com\/wp-content\/uploads\/Eaton-MTL-Gecma-HMI-Brochure-WS-mh-2101.pdf\" target=\"_blank\" rel=\"noopener\">Eaton MTL Gecma HMI Brochure WS Z1-Z21 (mh) 2021<\/a><\/li>\n<li><a href=\"https:\/\/mulder-hardenberg.com\/wp-content\/uploads\/Eaton-MTL-Gecma-HMI-Datasheet-RT-mh-rev1-2017.pdf\" target=\"_blank\" rel=\"noopener\">Eaton MTL Gecma HMI Datasheet RT (mh) rev1 2017<\/a><\/li>\n<li><a href=\"https:\/\/mulder-hardenberg.com\/wp-content\/uploads\/Eaton-MTL-Gecma-HMI-Datasheet-SA-desktop-copper-mh-rev1-2019.pdf\" target=\"_blank\" rel=\"noopener\">Eaton MTL Gecma HMI Datasheet SA desktop copper (mh) rev1 2019<\/a><\/li>\n<li><a href=\"https:\/\/mulder-hardenberg.com\/wp-content\/uploads\/Eaton-MTL-Gecma-HMI-Datasheet-SA-desktop-fibre-mh-rev-3-2019.pdf\" target=\"_blank\" rel=\"noopener\">Eaton MTL Gecma HMI Datasheet SA desktop fibre (mh) rev 3 2019<\/a><\/li>\n<li><a href=\"https:\/\/mulder-hardenberg.com\/wp-content\/uploads\/Eaton-MTL-Gecma-HMI-Datasheet-SA-rack-copper-mh-rev1-2019.pdf\" target=\"_blank\" rel=\"noopener\">Eaton MTL Gecma HMI Datasheet SA rack copper (mh) rev1 2019<\/a><\/li>\n<li><a href=\"https:\/\/mulder-hardenberg.com\/wp-content\/uploads\/Eaton-MTL-Gecma-HMI-Datasheet-SA-rack-fibre-mh-rev3-2019.pdf\" target=\"_blank\" rel=\"noopener\">Eaton MTL Gecma HMI Datasheet SA rack fibre (mh) rev3 2019<\/a><\/li>\n<\/ul>\n<p><strong><br \/>\nF\u00fcr die Zonen 2 und 22:<\/strong><\/p>\n<ul>\n<li><a href=\"https:\/\/mulder-hardenberg.com\/wp-content\/uploads\/Eaton-MTL-Gecma-HMI-Brochure-WS-Z2-Z22-IND-mh-2026.pdf\">Eaton MTL Gecma HMI Brochure WS Z2-Z22-IND (mh) 2026<\/a><\/li>\n<li><a href=\"https:\/\/mulder-hardenberg.com\/wp-content\/uploads\/Eaton-MTL-Gecma-HMI-Datasheet-Z2.22-IND-mh-rev2-2023.pdf\">Eaton MTL Gecma HMI Datasheet Z2.22-IND (mh) rev2 2023<\/a><\/li>\n<\/ul>\n<p>[\/vc_column_text][\/vc_column][vc_column width=&#8220;1\/3&#8243; el_class=&#8220;tablet_full_width&#8220; css=&#8220;.vc_custom_1631702534350{padding-bottom: 10% !important;}&#8220;]<div class=\"templatera_shortcode\"><style type=\"text\/css\" data-type=\"vc_shortcodes-custom-css\">.vc_custom_1631696251590{background-color: #ffffff !important;}<\/style><div class=\"vc_row wpb_row vc_row-fluid\"><div class=\"case_contact_center wpb_column vc_column_container vc_col-sm-12 vc_col-has-fill\"><div class=\"vc_column-inner vc_custom_1631696251590\"><div class=\"wpb_wrapper\"><div class=\"vc_row wpb_row vc_inner vc_row-fluid person-module\"><div class=\"wpb_column vc_column_container vc_col-sm-12\"><div class=\"vc_column-inner\"><div class=\"wpb_wrapper\">\n\t<div class=\"wpb_text_column wpb_content_element  text_wrapper_blue_bar\" >\n\t\t<div class=\"wpb_wrapper\">\n\t\t\t<p><strong>Wir helfen Ihnen gerne weiter!<\/strong><\/p>\n<p>Haben Sie Fragen oder ben\u00f6tigen Sie weitere Informationen? Dann wenden Sie sich an einen der Spezialisten bei Mulder-Hardenberg.<\/p>\n\n\t\t<\/div>\n\t<\/div>\n<style type=\"text\/css\" data-type=\"the7_shortcodes-inline-css\">#default-btn-d4ea1447313945a5d5670df87ca08727.ico-right-side > i {\n  margin-right: 0px;\n  margin-left: 8px;\n}\n#default-btn-d4ea1447313945a5d5670df87ca08727 > i {\n  margin-right: 8px;\n}<\/style><a href=\"\/de\/kontakt\" class=\"default-btn-shortcode dt-btn dt-btn-s link-hover-off ico-right-side button button-primary button-full-width button-icon dg-button--german btn-inline-left \" id=\"default-btn-d4ea1447313945a5d5670df87ca08727\" title=\"Contact\"><span>Kontaktieren Sie uns umgehend<\/span><i class=\"icomoon-the7-font-the7-arrow-21\"><\/i><\/a><\/div><\/div><\/div><\/div><\/div><\/div><\/div><\/div>\r\n<\/div>[\/vc_column][\/vc_row][vc_row equal_height=&#8220;yes&#8220; el_class=&#8220;services-row swap-on-mobile dg-padding-small-top brand-element-two-bar-right-top&#8220;][vc_column width=&#8220;1\/3&#8243; css=&#8220;.vc_custom_1697184255741{background-image: url(https:\/\/mulder-hardenberg.com\/wp-content\/uploads\/Eaton_400x200pix_4.jpg?id=9538) !important;background-position: center !important;background-repeat: no-repeat !important;background-size: cover !important;}&#8220; el_class=&#8220;services_background image_overlay&#8220;][\/vc_column][vc_column width=&#8220;1\/3&#8243; el_class=&#8220;hide_mobile&#8220;][\/vc_column][vc_column width=&#8220;1\/3&#8243; el_class=&#8220;basic_mobile_spacing tablet_full_width&#8220;][vc_column_text]<ins>The Expert Approach<\/ins><\/p>\n<h2>Beratung, Engineering, Installation, Wartung<\/h2>\n<p>Wenn Sie \u00fcber eine installierte Basis von Atex-zugelassenen Eaton MTL Gecma HMI-Konsolen verf\u00fcgen, einschlie\u00dflich Workstation, Remote Terminal, PC und ThinClient, k\u00f6nnen Sie sich jetzt an Mulder-Hardenberg wenden, um lokale Wartungsdienste, Reparaturen und Upgrades in Anspruch zu nehmen.[\/vc_column_text][\/vc_column][\/vc_row][\/vc_section][vc_section full_width=&#8220;stretch_row&#8220; css_animation=&#8220;fadeInUp&#8220; disable_element=&#8220;yes&#8220; el_class=&#8220;bg-blue dg-padding-mid-top dg-overflow-visible brand-element-image brand-element-image-top brand-element-image-right&#8220; css=&#8220;.vc_custom_1745392903592{padding-bottom: 0px !important;}&#8220;][vc_row][vc_column width=&#8220;1\/6&#8243;][\/vc_column][vc_column width=&#8220;4\/6&#8243; el_class=&#8220;tablet_full_width&#8220;][vc_column_text css=&#8220;&#8220; el_class=&#8220;text-center&#8220;]<\/p>\n<p style=\"text-align: center;\"><ins>The Expert Approach<\/ins><\/p>\n<h2 style=\"text-align: center;\">Spezialit\u00e4ten &amp; Erlebnisse<\/h2>\n<h3 style=\"text-align: center;\">Produkte und L\u00f6sungen, die f\u00fcr die jeweiligen Anwendungen und\/oder Projekte geeignet sind.<\/h3>\n<p style=\"text-align: center;\">Bei Mulder-Hardenberg verf\u00fcgen wir \u00fcber verschiedene Spezialgebiete, mit denen wir unsere Industriekunden bei ihren Projekten unterst\u00fctzen k\u00f6nnen. Unsere Produktexperten helfen Ihnen gerne bei jedem Projekt oder Problem f\u00fcr jede dieser Spezialit\u00e4ten:<\/p>\n<p>[\/vc_column_text][vc_empty_space][\/vc_column][vc_column width=&#8220;1\/6&#8243;][\/vc_column][\/vc_row][vc_row][vc_column][vc_basic_grid post_type=&#8220;page&#8220; max_items=&#8220;3&#8243; orderby=&#8220;menu_order&#8220; order=&#8220;ASC&#8220; item=&#8220;masonryGrid_Default&#8220; initial_loading_animation=&#8220;none&#8220; grid_id=&#8220;vc_gid:1772467198112-e557edd9-68ce-6&#8243; el_class=&#8220;solutions-post-grid&#8220; taxonomies=&#8220;61, 107, 44&#8243;][\/vc_column][\/vc_row][\/vc_section]<\/p>\n<\/div>","protected":false},"excerpt":{"rendered":"<p>Remote Terminal-Serie (RT) Die MTL GECMA RT Workstation bietet eine sichere und benutzerfreundliche KVM-L\u00f6sung f\u00fcr explosionsgef\u00e4hrdete Bereiche. Dank einer direkten, Ex-zertifizierten Verbindung k\u00f6nnen Sie einen PC oder Thin Client problemlos aus explosionsgef\u00e4hrdeten Bereichen steuern. Ihr modulares Design, die Echtzeitf\u00e4higkeit und die flexiblen Anschlussm\u00f6glichkeiten machen sie zur idealen und zuverl\u00e4ssigen Remote-Terminal-L\u00f6sung. Lassen Sie sich von M-H&hellip;<\/p>\n","protected":false},"author":2,"featured_media":9531,"parent":14082,"menu_order":0,"comment_status":"closed","ping_status":"closed","template":"","meta":{"inline_featured_image":false,"footnotes":"","_links_to":"","_links_to_target":""},"categories":[103,325,69],"tags":[],"class_list":["post-14084","page","type-page","status-publish","has-post-thumbnail","hentry","category-hmi-de-de","category-hmi-d","category-leveranciers-de","description-off"],"yoast_head":"<!-- This site is optimized with the Yoast SEO plugin v27.3 - https:\/\/yoast.com\/product\/yoast-seo-wordpress\/ -->\n<title>Remote Terminal-Serie (RT) - Mulder-Hardenberg<\/title>\n<meta name=\"robots\" content=\"index, follow, max-snippet:-1, max-image-preview:large, max-video-preview:-1\" \/>\n<link rel=\"canonical\" href=\"https:\/\/mulder-hardenberg.com\/de\/gecma\/remote-terminal-series-rt\/\" \/>\n<meta property=\"og:locale\" content=\"de_DE\" \/>\n<meta property=\"og:type\" content=\"article\" \/>\n<meta property=\"og:title\" content=\"Remote Terminal-Serie (RT) - Mulder-Hardenberg\" \/>\n<meta property=\"og:url\" content=\"https:\/\/mulder-hardenberg.com\/de\/gecma\/remote-terminal-series-rt\/\" \/>\n<meta property=\"og:site_name\" content=\"Mulder-Hardenberg\" \/>\n<meta property=\"article:modified_time\" content=\"2026-03-02T16:01:19+00:00\" \/>\n<meta property=\"og:image\" content=\"https:\/\/mulder-hardenberg.com\/wp-content\/uploads\/Eaton_400x200pix_3.jpg\" \/>\n\t<meta property=\"og:image:width\" content=\"400\" \/>\n\t<meta property=\"og:image:height\" content=\"200\" \/>\n\t<meta property=\"og:image:type\" content=\"image\/jpeg\" \/>\n<meta name=\"twitter:card\" content=\"summary_large_image\" \/>\n<meta name=\"twitter:label1\" content=\"Gesch\u00e4tzte Lesezeit\" \/>\n\t<meta name=\"twitter:data1\" content=\"3\u00a0Minuten\" \/>\n<script type=\"application\/ld+json\" class=\"yoast-schema-graph\">{\"@context\":\"https:\\\/\\\/schema.org\",\"@graph\":[{\"@type\":\"WebPage\",\"@id\":\"https:\\\/\\\/mulder-hardenberg.com\\\/de\\\/gecma\\\/remote-terminal-series-rt\\\/\",\"url\":\"https:\\\/\\\/mulder-hardenberg.com\\\/de\\\/gecma\\\/remote-terminal-series-rt\\\/\",\"name\":\"Remote Terminal-Serie (RT) - Mulder-Hardenberg\",\"isPartOf\":{\"@id\":\"https:\\\/\\\/mulder-hardenberg.com\\\/de\\\/#website\"},\"primaryImageOfPage\":{\"@id\":\"https:\\\/\\\/mulder-hardenberg.com\\\/de\\\/gecma\\\/remote-terminal-series-rt\\\/#primaryimage\"},\"image\":{\"@id\":\"https:\\\/\\\/mulder-hardenberg.com\\\/de\\\/gecma\\\/remote-terminal-series-rt\\\/#primaryimage\"},\"thumbnailUrl\":\"https:\\\/\\\/mulder-hardenberg.com\\\/wp-content\\\/uploads\\\/Eaton_400x200pix_3.jpg\",\"datePublished\":\"2025-04-23T07:29:57+00:00\",\"dateModified\":\"2026-03-02T16:01:19+00:00\",\"breadcrumb\":{\"@id\":\"https:\\\/\\\/mulder-hardenberg.com\\\/de\\\/gecma\\\/remote-terminal-series-rt\\\/#breadcrumb\"},\"inLanguage\":\"de\",\"potentialAction\":[{\"@type\":\"ReadAction\",\"target\":[\"https:\\\/\\\/mulder-hardenberg.com\\\/de\\\/gecma\\\/remote-terminal-series-rt\\\/\"]}]},{\"@type\":\"ImageObject\",\"inLanguage\":\"de\",\"@id\":\"https:\\\/\\\/mulder-hardenberg.com\\\/de\\\/gecma\\\/remote-terminal-series-rt\\\/#primaryimage\",\"url\":\"https:\\\/\\\/mulder-hardenberg.com\\\/wp-content\\\/uploads\\\/Eaton_400x200pix_3.jpg\",\"contentUrl\":\"https:\\\/\\\/mulder-hardenberg.com\\\/wp-content\\\/uploads\\\/Eaton_400x200pix_3.jpg\",\"width\":400,\"height\":200},{\"@type\":\"BreadcrumbList\",\"@id\":\"https:\\\/\\\/mulder-hardenberg.com\\\/de\\\/gecma\\\/remote-terminal-series-rt\\\/#breadcrumb\",\"itemListElement\":[{\"@type\":\"ListItem\",\"position\":1,\"name\":\"Home\",\"item\":\"https:\\\/\\\/mulder-hardenberg.com\\\/de\\\/\"},{\"@type\":\"ListItem\",\"position\":2,\"name\":\"Gecma\",\"item\":\"https:\\\/\\\/mulder-hardenberg.com\\\/de\\\/gecma\\\/\"},{\"@type\":\"ListItem\",\"position\":3,\"name\":\"Remote Terminal-Serie (RT)\"}]},{\"@type\":\"WebSite\",\"@id\":\"https:\\\/\\\/mulder-hardenberg.com\\\/de\\\/#website\",\"url\":\"https:\\\/\\\/mulder-hardenberg.com\\\/de\\\/\",\"name\":\"Mulder-Hardenberg\",\"description\":\"\",\"publisher\":{\"@id\":\"https:\\\/\\\/mulder-hardenberg.com\\\/de\\\/#organization\"},\"potentialAction\":[{\"@type\":\"SearchAction\",\"target\":{\"@type\":\"EntryPoint\",\"urlTemplate\":\"https:\\\/\\\/mulder-hardenberg.com\\\/de\\\/?s={search_term_string}\"},\"query-input\":{\"@type\":\"PropertyValueSpecification\",\"valueRequired\":true,\"valueName\":\"search_term_string\"}}],\"inLanguage\":\"de\"},{\"@type\":\"Organization\",\"@id\":\"https:\\\/\\\/mulder-hardenberg.com\\\/de\\\/#organization\",\"name\":\"Mulder Hardenberg\",\"url\":\"https:\\\/\\\/mulder-hardenberg.com\\\/de\\\/\",\"logo\":{\"@type\":\"ImageObject\",\"inLanguage\":\"de\",\"@id\":\"https:\\\/\\\/mulder-hardenberg.com\\\/de\\\/#\\\/schema\\\/logo\\\/image\\\/\",\"url\":\"https:\\\/\\\/mulder-hardenberg.com\\\/wp-content\\\/uploads\\\/Logo-Mulder-Hardenberg-website.png\",\"contentUrl\":\"https:\\\/\\\/mulder-hardenberg.com\\\/wp-content\\\/uploads\\\/Logo-Mulder-Hardenberg-website.png\",\"width\":318,\"height\":62,\"caption\":\"Mulder Hardenberg\"},\"image\":{\"@id\":\"https:\\\/\\\/mulder-hardenberg.com\\\/de\\\/#\\\/schema\\\/logo\\\/image\\\/\"}}]}<\/script>\n<!-- \/ Yoast SEO plugin. -->","yoast_head_json":{"title":"Remote Terminal-Serie (RT) - Mulder-Hardenberg","robots":{"index":"index","follow":"follow","max-snippet":"max-snippet:-1","max-image-preview":"max-image-preview:large","max-video-preview":"max-video-preview:-1"},"canonical":"https:\/\/mulder-hardenberg.com\/de\/gecma\/remote-terminal-series-rt\/","og_locale":"de_DE","og_type":"article","og_title":"Remote Terminal-Serie (RT) - Mulder-Hardenberg","og_url":"https:\/\/mulder-hardenberg.com\/de\/gecma\/remote-terminal-series-rt\/","og_site_name":"Mulder-Hardenberg","article_modified_time":"2026-03-02T16:01:19+00:00","og_image":[{"width":400,"height":200,"url":"https:\/\/mulder-hardenberg.com\/wp-content\/uploads\/Eaton_400x200pix_3.jpg","type":"image\/jpeg"}],"twitter_card":"summary_large_image","twitter_misc":{"Gesch\u00e4tzte Lesezeit":"3\u00a0Minuten"},"schema":{"@context":"https:\/\/schema.org","@graph":[{"@type":"WebPage","@id":"https:\/\/mulder-hardenberg.com\/de\/gecma\/remote-terminal-series-rt\/","url":"https:\/\/mulder-hardenberg.com\/de\/gecma\/remote-terminal-series-rt\/","name":"Remote Terminal-Serie (RT) - Mulder-Hardenberg","isPartOf":{"@id":"https:\/\/mulder-hardenberg.com\/de\/#website"},"primaryImageOfPage":{"@id":"https:\/\/mulder-hardenberg.com\/de\/gecma\/remote-terminal-series-rt\/#primaryimage"},"image":{"@id":"https:\/\/mulder-hardenberg.com\/de\/gecma\/remote-terminal-series-rt\/#primaryimage"},"thumbnailUrl":"https:\/\/mulder-hardenberg.com\/wp-content\/uploads\/Eaton_400x200pix_3.jpg","datePublished":"2025-04-23T07:29:57+00:00","dateModified":"2026-03-02T16:01:19+00:00","breadcrumb":{"@id":"https:\/\/mulder-hardenberg.com\/de\/gecma\/remote-terminal-series-rt\/#breadcrumb"},"inLanguage":"de","potentialAction":[{"@type":"ReadAction","target":["https:\/\/mulder-hardenberg.com\/de\/gecma\/remote-terminal-series-rt\/"]}]},{"@type":"ImageObject","inLanguage":"de","@id":"https:\/\/mulder-hardenberg.com\/de\/gecma\/remote-terminal-series-rt\/#primaryimage","url":"https:\/\/mulder-hardenberg.com\/wp-content\/uploads\/Eaton_400x200pix_3.jpg","contentUrl":"https:\/\/mulder-hardenberg.com\/wp-content\/uploads\/Eaton_400x200pix_3.jpg","width":400,"height":200},{"@type":"BreadcrumbList","@id":"https:\/\/mulder-hardenberg.com\/de\/gecma\/remote-terminal-series-rt\/#breadcrumb","itemListElement":[{"@type":"ListItem","position":1,"name":"Home","item":"https:\/\/mulder-hardenberg.com\/de\/"},{"@type":"ListItem","position":2,"name":"Gecma","item":"https:\/\/mulder-hardenberg.com\/de\/gecma\/"},{"@type":"ListItem","position":3,"name":"Remote Terminal-Serie (RT)"}]},{"@type":"WebSite","@id":"https:\/\/mulder-hardenberg.com\/de\/#website","url":"https:\/\/mulder-hardenberg.com\/de\/","name":"Mulder-Hardenberg","description":"","publisher":{"@id":"https:\/\/mulder-hardenberg.com\/de\/#organization"},"potentialAction":[{"@type":"SearchAction","target":{"@type":"EntryPoint","urlTemplate":"https:\/\/mulder-hardenberg.com\/de\/?s={search_term_string}"},"query-input":{"@type":"PropertyValueSpecification","valueRequired":true,"valueName":"search_term_string"}}],"inLanguage":"de"},{"@type":"Organization","@id":"https:\/\/mulder-hardenberg.com\/de\/#organization","name":"Mulder Hardenberg","url":"https:\/\/mulder-hardenberg.com\/de\/","logo":{"@type":"ImageObject","inLanguage":"de","@id":"https:\/\/mulder-hardenberg.com\/de\/#\/schema\/logo\/image\/","url":"https:\/\/mulder-hardenberg.com\/wp-content\/uploads\/Logo-Mulder-Hardenberg-website.png","contentUrl":"https:\/\/mulder-hardenberg.com\/wp-content\/uploads\/Logo-Mulder-Hardenberg-website.png","width":318,"height":62,"caption":"Mulder Hardenberg"},"image":{"@id":"https:\/\/mulder-hardenberg.com\/de\/#\/schema\/logo\/image\/"}}]}},"_links":{"self":[{"href":"https:\/\/mulder-hardenberg.com\/de\/wp-json\/wp\/v2\/pages\/14084","targetHints":{"allow":["GET"]}}],"collection":[{"href":"https:\/\/mulder-hardenberg.com\/de\/wp-json\/wp\/v2\/pages"}],"about":[{"href":"https:\/\/mulder-hardenberg.com\/de\/wp-json\/wp\/v2\/types\/page"}],"author":[{"embeddable":true,"href":"https:\/\/mulder-hardenberg.com\/de\/wp-json\/wp\/v2\/users\/2"}],"replies":[{"embeddable":true,"href":"https:\/\/mulder-hardenberg.com\/de\/wp-json\/wp\/v2\/comments?post=14084"}],"version-history":[{"count":9,"href":"https:\/\/mulder-hardenberg.com\/de\/wp-json\/wp\/v2\/pages\/14084\/revisions"}],"predecessor-version":[{"id":14292,"href":"https:\/\/mulder-hardenberg.com\/de\/wp-json\/wp\/v2\/pages\/14084\/revisions\/14292"}],"up":[{"embeddable":true,"href":"https:\/\/mulder-hardenberg.com\/de\/wp-json\/wp\/v2\/pages\/14082"}],"wp:featuredmedia":[{"embeddable":true,"href":"https:\/\/mulder-hardenberg.com\/de\/wp-json\/wp\/v2\/media\/9531"}],"wp:attachment":[{"href":"https:\/\/mulder-hardenberg.com\/de\/wp-json\/wp\/v2\/media?parent=14084"}],"wp:term":[{"taxonomy":"category","embeddable":true,"href":"https:\/\/mulder-hardenberg.com\/de\/wp-json\/wp\/v2\/categories?post=14084"},{"taxonomy":"post_tag","embeddable":true,"href":"https:\/\/mulder-hardenberg.com\/de\/wp-json\/wp\/v2\/tags?post=14084"}],"curies":[{"name":"wp","href":"https:\/\/api.w.org\/{rel}","templated":true}]}}